{"id":59920,"date":"2024-05-25T11:28:02","date_gmt":"2024-05-25T11:28:02","guid":{"rendered":"https:\/\/skinstudio.ee\/?post_type=product&#038;p=59920"},"modified":"2025-12-29T09:56:54","modified_gmt":"2025-12-29T09:56:54","slug":"clear-cell-salicylic-clarifying-pads","status":"publish","type":"product","link":"https:\/\/skinstudio.ee\/lt\/catalog\/image-skincare\/clear-cell-salicylic-clarifying-pads\/","title":{"rendered":"Clear Cell Salicylic Clarifying Pads"},"content":{"rendered":"<div class=\"woocommerce-product-details__short-description\">\n<p data-start=\"1908\" data-end=\"2257\"><strong data-start=\"1908\" data-end=\"1948\">Clear Cell Salicylic Clarifying Pads<\/strong> \u2013 greitas ir patogus sprendimas aktyviam gyvenimo b\u016bdui. Salicilo ir glikolio r\u016bg\u0161timis prisotintos pagalv\u0117l\u0117s giliai valo poras, ma\u017eina riebal\u0173 pertekli\u0173, gaivina od\u0105 ir suteikia antibakterin\u012f poveik\u012f. Jos akimirksniu pa\u0161alina ne\u0161varumus, prakait\u0105 ir riebalus, pad\u0117damos i\u0161vengti b\u0117rim\u0173 ir por\u0173 u\u017esikim\u0161imo.<\/p>\n<p data-start=\"2259\" data-end=\"2520\">D\u0117l antioksidant\u0173 ir raminan\u010di\u0173 augalini\u0173 ekstrakt\u0173 <strong data-start=\"2311\" data-end=\"2351\">Clear Cell Salicylic Clarifying Pads<\/strong> ma\u017eina paraudim\u0105, ramina sudirgusi\u0105 od\u0105 ir padeda palaikyti odos \u0161var\u0105. Puikiai tinka paaugliams, naudoti po treniruot\u0117s, kelioni\u0173 metu ar esant \u012faugusiems plaukeliams.<\/p>\n<p data-start=\"2522\" data-end=\"2775\"><strong data-start=\"2522\" data-end=\"2547\">Aktyv\u016bs ingredientai:<\/strong><br data-start=\"2547\" data-end=\"2550\" \/>Salicilo r\u016bg\u0161tis \u2013 valo poras ir reguliuoja riebalus.<br data-start=\"2603\" data-end=\"2606\" \/>Glikolio r\u016bg\u0161tis \u2013 \u0161velniai eksfolijuoja ir lygina tekst\u016br\u0105.<br data-start=\"2666\" data-end=\"2669\" \/>Syrp\u0173 ekstraktas \u2013 ma\u017eina blizges\u012f ir ramina od\u0105.<br data-start=\"2718\" data-end=\"2721\" \/>Augaliniai antioksidantai \u2013 saugo ir ma\u017eina sudirgim\u0105.<\/p>\n<p data-start=\"2777\" data-end=\"2795\"><strong data-start=\"2777\" data-end=\"2795\">T\u016bris: 60 vnt.<\/strong><\/p>\n<\/div>\n<div class=\"ct-product-add-to-cart\"><\/div>\n","protected":false},"excerpt":{"rendered":"<p data-start=\"3052\" data-end=\"3090\">Valan\u010dios salicilo r\u016bg\u0161ties pagalv\u0117l\u0117s<\/p>\n<h2 data-start=\"3092\" data-end=\"3371\"><strong data-start=\"3092\" data-end=\"3157\">IMAGE SKINCARE &#8211; Clear Cell Salicylic Clarifying Pads Savyb\u0117s<\/strong><\/h2>\n<p data-start=\"3092\" data-end=\"3371\">\u2714\ufe0f Ma\u017eina riebal\u0173 pertekli\u0173 ir blizges\u012f<br data-start=\"3199\" data-end=\"3202\" \/>\u2714\ufe0f Giliai valo poras ir gaivina<br data-start=\"3233\" data-end=\"3236\" \/>\u2714\ufe0f Ramina paraudim\u0105 ir sudirgim\u0105<br data-start=\"3268\" data-end=\"3271\" \/>\u2714\ufe0f Puikios naudoti kelion\u0117se ir po treniruot\u0117s<br data-start=\"3317\" data-end=\"3320\" \/>\u2714\ufe0f Gerina odos tekst\u016br\u0105 ir padeda i\u0161vengti b\u0117rim\u0173<\/p>\n","protected":false},"featured_media":62348,"template":"","meta":[],"pwb-brand":[1135],"product_brand":[],"product_cat":[742,744,748,722,718],"product_tag":[],"giftcard-category":[],"class_list":{"0":"post-59920","1":"product","2":"type-product","3":"status-publish","4":"has-post-thumbnail","6":"pwb-brand-image-skincare","7":"product_cat-berimai","8":"product_cat-issipletusios-poros","9":"product_cat-taukainai-adai-lt","10":"product_cat-toneriai","11":"product_cat-valymas","13":"first","14":"instock","15":"taxable","16":"shipping-taxable","17":"purchasable","18":"product-type-simple"},"acf":[],"brands":[{"id":1135,"name":"Image Skincare","slug":"image-skincare"}],"_links":{"self":[{"href":"https:\/\/skinstudio.ee\/lt\/wp-json\/wp\/v2\/product\/59920","targetHints":{"allow":["GET"]}}],"collection":[{"href":"https:\/\/skinstudio.ee\/lt\/wp-json\/wp\/v2\/product"}],"about":[{"href":"https:\/\/skinstudio.ee\/lt\/wp-json\/wp\/v2\/types\/product"}],"version-history":[{"count":0,"href":"https:\/\/skinstudio.ee\/lt\/wp-json\/wp\/v2\/product\/59920\/revisions"}],"wp:featuredmedia":[{"embeddable":true,"href":"https:\/\/skinstudio.ee\/lt\/wp-json\/wp\/v2\/media\/62348"}],"wp:attachment":[{"href":"https:\/\/skinstudio.ee\/lt\/wp-json\/wp\/v2\/media?parent=59920"}],"wp:term":[{"taxonomy":"pwb-brand","embeddable":true,"href":"https:\/\/skinstudio.ee\/lt\/wp-json\/wp\/v2\/pwb-brand?post=59920"},{"taxonomy":"product_brand","embeddable":true,"href":"https:\/\/skinstudio.ee\/lt\/wp-json\/wp\/v2\/product_brand?post=59920"},{"taxonomy":"product_cat","embeddable":true,"href":"https:\/\/skinstudio.ee\/lt\/wp-json\/wp\/v2\/product_cat?post=59920"},{"taxonomy":"product_tag","embeddable":true,"href":"https:\/\/skinstudio.ee\/lt\/wp-json\/wp\/v2\/product_tag?post=59920"},{"taxonomy":"giftcard-category","embeddable":true,"href":"https:\/\/skinstudio.ee\/lt\/wp-json\/wp\/v2\/giftcard-category?post=59920"}],"curies":[{"name":"wp","href":"https:\/\/api.w.org\/{rel}","templated":true}]}}