{"id":59930,"date":"2024-05-25T11:45:28","date_gmt":"2024-05-25T11:45:28","guid":{"rendered":"https:\/\/skinstudio.ee\/?post_type=product&#038;p=59930"},"modified":"2025-12-29T09:56:53","modified_gmt":"2025-12-29T09:56:53","slug":"ageless-total-microderm-exfoliator","status":"publish","type":"product","link":"https:\/\/skinstudio.ee\/lt\/catalog\/image-skincare\/ageless-total-microderm-exfoliator\/","title":{"rendered":"Ageless Total Microderm Exfoliator"},"content":{"rendered":"<p data-start=\"1793\" data-end=\"2045\"><strong data-start=\"1793\" data-end=\"1831\">Ageless Total Microderm Exfoliator<\/strong> sujungia tris skirtingas eksfoliacijos technikas, kad oda tapt\u0173 glotnesn\u0117, skaistesn\u0117 ir vizualiai atsinaujinusi. \u0160i 3-viename formul\u0117 atgaivina pavargusi\u0105, papilk\u0117jusi\u0105 od\u0105 ir pagerina serum\u0173 bei krem\u0173 \u012fsig\u0117rim\u0105.<\/p>\n<p data-start=\"2047\" data-end=\"2257\">\u0160veitiklis derina fermentin\u012f, mechanin\u012f ir r\u016bg\u0161tin\u012f poveik\u012f, suteikdamas profesional\u0173 rezultat\u0105 namuose. Idealiai tinka naudoti tarp IMAGE proced\u016br\u0173, kad i\u0161laikytum\u0117te maksimal\u0173 odos skaistum\u0105 ir atsinaujinim\u0105.<\/p>\n<p data-start=\"2259\" data-end=\"2570\"><strong data-start=\"2259\" data-end=\"2284\">Aktyv\u016bs ingredientai:<\/strong><br data-start=\"2284\" data-end=\"2287\" \/>Karambol\u0173, kivio ir ananas\u0173 fermentai \u2013 \u0161velniai pa\u0161alina surag\u0117jusias l\u0105steles.<br data-start=\"2367\" data-end=\"2370\" \/>Bambuko pudra ir ro\u017einio kvarco kristalai \u2013 mechani\u0161kai glotnina od\u0105.<br data-start=\"2439\" data-end=\"2442\" \/>AHA ir PHA r\u016bg\u0161tys \u2013 skatina atsinaujinim\u0105 ir stiprina od\u0105.<br data-start=\"2501\" data-end=\"2504\" \/>Pipirm\u0117\u010di\u0173 aliejus \u2013 turtingas antioksidantais, ramina ir gaivina.<\/p>\n<p data-start=\"2572\" data-end=\"2587\"><strong data-start=\"2572\" data-end=\"2587\">T\u016bris: 42 g<\/strong><\/p>\n","protected":false},"excerpt":{"rendered":"<p data-start=\"2785\" data-end=\"2809\">Atjauninantis \u0161veitiklis<\/p>\n<h2 data-start=\"2811\" data-end=\"3062\"><strong data-start=\"2811\" data-end=\"2874\">IMAGE SKINCARE &#8211; Ageless Total Microderm Exfoliator Savyb\u0117s<\/strong><\/h2>\n<p data-start=\"2811\" data-end=\"3062\">\u2714\ufe0f Giliai atnaujina ir glotnina od\u0105<br data-start=\"2912\" data-end=\"2915\" \/>\u2714\ufe0f Trigubos 3-viename eksfoliacijos formul\u0117<br data-start=\"2958\" data-end=\"2961\" \/>\u2714\ufe0f Suteikia skaistumo ir gaivos<br data-start=\"2992\" data-end=\"2995\" \/>\u2714\ufe0f Pagerina priemoni\u0173 \u012fsig\u0117rim\u0105<br data-start=\"3026\" data-end=\"3029\" \/>\u2714\ufe0f Lygina odos tekst\u016br\u0105 ir ton\u0105<\/p>\n","protected":false},"featured_media":62343,"template":"","meta":[],"pwb-brand":[1135],"product_brand":[],"product_cat":[720],"product_tag":[],"giftcard-category":[],"class_list":{"0":"post-59930","1":"product","2":"type-product","3":"status-publish","4":"has-post-thumbnail","6":"pwb-brand-image-skincare","7":"product_cat-sveitikliai-ir-pilingai","9":"first","10":"instock","11":"taxable","12":"shipping-taxable","13":"purchasable","14":"product-type-simple"},"acf":[],"brands":[{"id":1135,"name":"Image Skincare","slug":"image-skincare"}],"_links":{"self":[{"href":"https:\/\/skinstudio.ee\/lt\/wp-json\/wp\/v2\/product\/59930","targetHints":{"allow":["GET"]}}],"collection":[{"href":"https:\/\/skinstudio.ee\/lt\/wp-json\/wp\/v2\/product"}],"about":[{"href":"https:\/\/skinstudio.ee\/lt\/wp-json\/wp\/v2\/types\/product"}],"version-history":[{"count":0,"href":"https:\/\/skinstudio.ee\/lt\/wp-json\/wp\/v2\/product\/59930\/revisions"}],"wp:featuredmedia":[{"embeddable":true,"href":"https:\/\/skinstudio.ee\/lt\/wp-json\/wp\/v2\/media\/62343"}],"wp:attachment":[{"href":"https:\/\/skinstudio.ee\/lt\/wp-json\/wp\/v2\/media?parent=59930"}],"wp:term":[{"taxonomy":"pwb-brand","embeddable":true,"href":"https:\/\/skinstudio.ee\/lt\/wp-json\/wp\/v2\/pwb-brand?post=59930"},{"taxonomy":"product_brand","embeddable":true,"href":"https:\/\/skinstudio.ee\/lt\/wp-json\/wp\/v2\/product_brand?post=59930"},{"taxonomy":"product_cat","embeddable":true,"href":"https:\/\/skinstudio.ee\/lt\/wp-json\/wp\/v2\/product_cat?post=59930"},{"taxonomy":"product_tag","embeddable":true,"href":"https:\/\/skinstudio.ee\/lt\/wp-json\/wp\/v2\/product_tag?post=59930"},{"taxonomy":"giftcard-category","embeddable":true,"href":"https:\/\/skinstudio.ee\/lt\/wp-json\/wp\/v2\/giftcard-category?post=59930"}],"curies":[{"name":"wp","href":"https:\/\/api.w.org\/{rel}","templated":true}]}}