{"id":59942,"date":"2024-05-27T07:40:59","date_gmt":"2024-05-27T07:40:59","guid":{"rendered":"https:\/\/skinstudio.ee\/?post_type=product&#038;p=59942"},"modified":"2025-12-29T09:56:57","modified_gmt":"2025-12-29T09:56:57","slug":"ormedic-balancing-gel-polisher","status":"publish","type":"product","link":"https:\/\/skinstudio.ee\/lt\/catalog\/image-skincare\/ormedic-balancing-gel-polisher\/","title":{"rendered":"Ormedic Balancing Gel Polisher"},"content":{"rendered":"<p data-start=\"1885\" data-end=\"2145\"><strong data-start=\"1885\" data-end=\"1919\">Ormedic Balancing Gel Polisher<\/strong> \u2013 \u0161velnus kasdienis eksfoliantas, kuris glotnina odos pavir\u0161i\u0173, pa\u0161alina surag\u0117jusias l\u0105steles ir gr\u0105\u017eina sveik\u0105 spindes\u012f. Priemon\u0117 padeda suma\u017einti hiperkeratoz\u0119, oda tampa \u0161varesn\u0117, mink\u0161tesn\u0117 ir \u0161viesesn\u0117 &#8211; be sudirginimo.<\/p>\n<p data-start=\"2147\" data-end=\"2470\">Formul\u0117 sujungia tris eksfoliacijos r\u016b\u0161is: fermentin\u0119, mechanin\u0119 ir AHA. Granat\u0173 fermentai \u0161velniai tirpdo surag\u0117jusias l\u0105steles, alyvuogi\u0173 kauliuk\u0173 pudra ir bambuko sferos lengvai poliruoja od\u0105, pagerindamos jos tekst\u016br\u0105. Puikiai tinka naudoti atskirai arba derinant su kitomis IMAGE priemon\u0117mis intensyvesniam \u0161vyt\u0117jimui.<\/p>\n<p data-start=\"2472\" data-end=\"2724\"><strong data-start=\"2472\" data-end=\"2497\">Aktyv\u016bs ingredientai:<\/strong><br data-start=\"2497\" data-end=\"2500\" \/>Granat\u0173 fermentai \u2013 \u0161velniai \u0161alina negyvas l\u0105steles.<br data-start=\"2553\" data-end=\"2556\" \/>Alyvuogi\u0173 kauliuk\u0173 pudra \u2013 suteikia lengv\u0105 mechanin\u012f poliravim\u0105.<br data-start=\"2620\" data-end=\"2623\" \/>Bambuko sferos \u2013 glotnina ir tolygina od\u0105.<br data-start=\"2665\" data-end=\"2668\" \/>\u0160veln\u016bs AHA komponentai \u2013 gerina odos ton\u0105 ir skaidrum\u0105.<\/p>\n<p data-start=\"2726\" data-end=\"2741\"><strong data-start=\"2726\" data-end=\"2741\">T\u016bris: 91 g<\/strong><\/p>\n","protected":false},"excerpt":{"rendered":"<p data-start=\"3042\" data-end=\"3064\">Eksfolijuojantis gelis<\/p>\n<h2 data-start=\"3066\" data-end=\"3353\"><strong data-start=\"3066\" data-end=\"3125\">IMAGE SKINCARE &#8211; Ormedic Balancing Gel Polisher Savyb\u0117s<\/strong><\/h2>\n<p data-start=\"3066\" data-end=\"3353\">\u2714\ufe0f Triguba eksfoliacija: fermentin\u0117, mechanin\u0117 ir AHA<br data-start=\"3181\" data-end=\"3184\" \/>\u2714\ufe0f Gerina odos tekst\u016br\u0105 ir ton\u0105<br data-start=\"3215\" data-end=\"3218\" \/>\u2714\ufe0f Suteikia \u0161velnumo ir nat\u016bralaus spindesio<br data-start=\"3262\" data-end=\"3265\" \/>\u2714\ufe0f Pakankamai \u0161velnus kasdieniam naudojimui<br data-start=\"3308\" data-end=\"3311\" \/>\u2714\ufe0f Glotnina od\u0105 nesukeldamas sudirginimo<\/p>\n","protected":false},"featured_media":62333,"template":"","meta":[],"pwb-brand":[1135],"product_brand":[],"product_cat":[720],"product_tag":[],"giftcard-category":[],"class_list":{"0":"post-59942","1":"product","2":"type-product","3":"status-publish","4":"has-post-thumbnail","6":"pwb-brand-image-skincare","7":"product_cat-sveitikliai-ir-pilingai","9":"first","10":"instock","11":"taxable","12":"shipping-taxable","13":"purchasable","14":"product-type-simple"},"acf":[],"brands":[{"id":1135,"name":"Image Skincare","slug":"image-skincare"}],"_links":{"self":[{"href":"https:\/\/skinstudio.ee\/lt\/wp-json\/wp\/v2\/product\/59942","targetHints":{"allow":["GET"]}}],"collection":[{"href":"https:\/\/skinstudio.ee\/lt\/wp-json\/wp\/v2\/product"}],"about":[{"href":"https:\/\/skinstudio.ee\/lt\/wp-json\/wp\/v2\/types\/product"}],"version-history":[{"count":0,"href":"https:\/\/skinstudio.ee\/lt\/wp-json\/wp\/v2\/product\/59942\/revisions"}],"wp:featuredmedia":[{"embeddable":true,"href":"https:\/\/skinstudio.ee\/lt\/wp-json\/wp\/v2\/media\/62333"}],"wp:attachment":[{"href":"https:\/\/skinstudio.ee\/lt\/wp-json\/wp\/v2\/media?parent=59942"}],"wp:term":[{"taxonomy":"pwb-brand","embeddable":true,"href":"https:\/\/skinstudio.ee\/lt\/wp-json\/wp\/v2\/pwb-brand?post=59942"},{"taxonomy":"product_brand","embeddable":true,"href":"https:\/\/skinstudio.ee\/lt\/wp-json\/wp\/v2\/product_brand?post=59942"},{"taxonomy":"product_cat","embeddable":true,"href":"https:\/\/skinstudio.ee\/lt\/wp-json\/wp\/v2\/product_cat?post=59942"},{"taxonomy":"product_tag","embeddable":true,"href":"https:\/\/skinstudio.ee\/lt\/wp-json\/wp\/v2\/product_tag?post=59942"},{"taxonomy":"giftcard-category","embeddable":true,"href":"https:\/\/skinstudio.ee\/lt\/wp-json\/wp\/v2\/giftcard-category?post=59942"}],"curies":[{"name":"wp","href":"https:\/\/api.w.org\/{rel}","templated":true}]}}