{"id":59965,"date":"2024-05-27T08:50:39","date_gmt":"2024-05-27T08:50:39","guid":{"rendered":"https:\/\/skinstudio.ee\/?post_type=product&#038;p=59965"},"modified":"2025-12-29T09:56:57","modified_gmt":"2025-12-29T09:56:57","slug":"ormedic-sheer-pink-lip-complex","status":"publish","type":"product","link":"https:\/\/skinstudio.ee\/lt\/catalog\/image-skincare\/ormedic-sheer-pink-lip-complex\/","title":{"rendered":"ORMEDIC Sheer Pink Lip Complex"},"content":{"rendered":"<p data-start=\"1441\" data-end=\"1798\">ORMEDIC Sheer Pink Lip Complex \u2013 dr\u0117kinamasis ir raminamasis l\u016bp\u0173 balzamas kasdienei prie\u017ei\u016brai ir \u0161velniam odos atstatymui. Lengva gelin\u0117 tekst\u016bra su \u0161velniu ro\u017einiu atspalviu akimirksniu sumink\u0161tina l\u016bpas, suma\u017eina sausum\u0105 ir pary\u0161kina nat\u016bral\u0173 ton\u0105. Dr\u0117kinamosios med\u017eiagos padeda palaikyti glotnum\u0105, elastingum\u0105 ir pri\u017ei\u016br\u0117t\u0105 l\u016bp\u0173 i\u0161vaizd\u0105 vis\u0105 dien\u0105.<\/p>\n<p data-start=\"1800\" data-end=\"2089\">Reguliariai naudojant, l\u016bpos atrodo glotnesn\u0117s, labiau sudr\u0117kintos ir vizualiai ramesn\u0117s. Priemon\u0117 tinkama naudoti ir po injekcij\u0173 \u2014 padeda vizualiai suma\u017einti paraudim\u0105 ir nuramina jautri\u0105 od\u0105. Balzamas tinka tiek kasdienei prie\u017ei\u016brai, tiek kaip apsauginis sluoksnis papildomam komfortui.<\/p>\n<p data-start=\"2091\" data-end=\"2105\"><strong data-start=\"2091\" data-end=\"2105\">T\u016bris: 7 g<\/strong><\/p>\n","protected":false},"excerpt":{"rendered":"<p data-start=\"2274\" data-end=\"2315\">Dr\u0117kinamasis ro\u017einio atspalvio l\u016bp\u0173 gelis<\/p>\n<h2 data-start=\"2317\" data-end=\"2378\">IMAGE Skincare &#8211; ORMEDIC Sheer Pink Lip Complex Savyb\u0117s<\/h2>\n<p data-start=\"2379\" data-end=\"2554\">\u2714\ufe0f Suteikia nat\u016bral\u0173 ro\u017ein\u012f atspalv\u012f<br data-start=\"2415\" data-end=\"2418\" \/>\u2714\ufe0f Vizualiai pagerina kont\u016bro linij\u0105<br data-start=\"2454\" data-end=\"2457\" \/>\u2714\ufe0f Mink\u0161tina ir glotnina od\u0105<br data-start=\"2485\" data-end=\"2488\" \/>\u2714\ufe0f Padeda suma\u017einti paraudimo vaizd\u0105<br data-start=\"2524\" data-end=\"2527\" \/>\u2714\ufe0f Palaiko dr\u0117gm\u0117s poj\u016bt\u012f<\/p>\n","protected":false},"featured_media":62323,"template":"","meta":[],"pwb-brand":[1135],"product_brand":[],"product_cat":[760],"product_tag":[],"giftcard-category":[],"class_list":{"0":"post-59965","1":"product","2":"type-product","3":"status-publish","4":"has-post-thumbnail","6":"pwb-brand-image-skincare","7":"product_cat-lupu-prieziura","9":"first","10":"instock","11":"taxable","12":"shipping-taxable","13":"purchasable","14":"product-type-simple"},"acf":[],"brands":[{"id":1135,"name":"Image Skincare","slug":"image-skincare"}],"_links":{"self":[{"href":"https:\/\/skinstudio.ee\/lt\/wp-json\/wp\/v2\/product\/59965","targetHints":{"allow":["GET"]}}],"collection":[{"href":"https:\/\/skinstudio.ee\/lt\/wp-json\/wp\/v2\/product"}],"about":[{"href":"https:\/\/skinstudio.ee\/lt\/wp-json\/wp\/v2\/types\/product"}],"version-history":[{"count":0,"href":"https:\/\/skinstudio.ee\/lt\/wp-json\/wp\/v2\/product\/59965\/revisions"}],"wp:featuredmedia":[{"embeddable":true,"href":"https:\/\/skinstudio.ee\/lt\/wp-json\/wp\/v2\/media\/62323"}],"wp:attachment":[{"href":"https:\/\/skinstudio.ee\/lt\/wp-json\/wp\/v2\/media?parent=59965"}],"wp:term":[{"taxonomy":"pwb-brand","embeddable":true,"href":"https:\/\/skinstudio.ee\/lt\/wp-json\/wp\/v2\/pwb-brand?post=59965"},{"taxonomy":"product_brand","embeddable":true,"href":"https:\/\/skinstudio.ee\/lt\/wp-json\/wp\/v2\/product_brand?post=59965"},{"taxonomy":"product_cat","embeddable":true,"href":"https:\/\/skinstudio.ee\/lt\/wp-json\/wp\/v2\/product_cat?post=59965"},{"taxonomy":"product_tag","embeddable":true,"href":"https:\/\/skinstudio.ee\/lt\/wp-json\/wp\/v2\/product_tag?post=59965"},{"taxonomy":"giftcard-category","embeddable":true,"href":"https:\/\/skinstudio.ee\/lt\/wp-json\/wp\/v2\/giftcard-category?post=59965"}],"curies":[{"name":"wp","href":"https:\/\/api.w.org\/{rel}","templated":true}]}}