{"id":59975,"date":"2024-05-27T09:12:34","date_gmt":"2024-05-27T09:12:34","guid":{"rendered":"https:\/\/skinstudio.ee\/?post_type=product&#038;p=59975"},"modified":"2025-12-29T09:56:57","modified_gmt":"2025-12-29T09:56:57","slug":"ormedic-balancing-lip-complex","status":"publish","type":"product","link":"https:\/\/skinstudio.ee\/lt\/catalog\/image-skincare\/ormedic-balancing-lip-complex\/","title":{"rendered":"ORMEDIC Balancing Lip Complex"},"content":{"rendered":"<p data-start=\"1463\" data-end=\"1807\">ORMEDIC Balancing Lip Complex \u2013 dr\u0117kinamasis ir raminamasis l\u016bp\u0173 balzamas kasdienei prie\u017ei\u016brai ir \u0161velniam odos atk\u016brimui. Lengva gelin\u0117 tekst\u016bra akimirksniu sumink\u0161tina l\u016bpas, suma\u017eina sausum\u0105 ir padeda i\u0161laikyti glotni\u0105, pri\u017ei\u016br\u0117t\u0105 i\u0161vaizd\u0105. Formul\u0117 palaiko nat\u016bral\u0173 elastingum\u0105 ir komfort\u0105, suteikdama l\u016bpoms tolygesn\u012f ir sveikesn\u012f vaizd\u0105.<\/p>\n<p data-start=\"1809\" data-end=\"2134\">Reguliariai naudojant, ORMEDIC Balancing Lip Complex padeda sustiprinti dr\u0117gm\u0117s poj\u016bt\u012f, pagerina bendr\u0105 l\u016bp\u0173 i\u0161vaizd\u0105 ir suteikia ilgalaik\u012f komfort\u0105. Tinka naudoti ir po injekcij\u0173 &#8211; padeda vizualiai suma\u017einti paraudim\u0105 ir ramina jautri\u0105 od\u0105. Balzam\u0105 galima naudoti kasdieniam tepimui arba kaip apsaugin\u012f sluoksn\u012f dienos metu.<\/p>\n<p data-start=\"2136\" data-end=\"2150\"><strong data-start=\"2136\" data-end=\"2150\">T\u016bris: 7 g<\/strong><\/p>\n","protected":false},"excerpt":{"rendered":"<p data-start=\"2321\" data-end=\"2344\">Dr\u0117kinamasis l\u016bp\u0173 gelis<\/p>\n<h2 data-start=\"2346\" data-end=\"2406\">IMAGE Skincare &#8211; ORMEDIC Balancing Lip Complex Savyb\u0117s<\/h2>\n<p data-start=\"2407\" data-end=\"2602\">\u2714\ufe0f U\u017etikrina ilgalaik\u012f dr\u0117gm\u0117s poj\u016bt\u012f<br data-start=\"2444\" data-end=\"2447\" \/>\u2714\ufe0f Mink\u0161tina ir glotnina l\u016bp\u0173 od\u0105<br data-start=\"2480\" data-end=\"2483\" \/>\u2714\ufe0f Vizualiai pagerina kont\u016bro linij\u0105<br data-start=\"2519\" data-end=\"2522\" \/>\u2714\ufe0f Padeda suma\u017einti paraudimo vaizd\u0105<br data-start=\"2558\" data-end=\"2561\" \/>\u2714\ufe0f Suteikia pri\u017ei\u016br\u0117t\u0105, sveik\u0105 i\u0161vaizd\u0105<\/p>\n","protected":false},"featured_media":62318,"template":"","meta":[],"pwb-brand":[1135],"product_brand":[],"product_cat":[760],"product_tag":[],"giftcard-category":[],"class_list":{"0":"post-59975","1":"product","2":"type-product","3":"status-publish","4":"has-post-thumbnail","6":"pwb-brand-image-skincare","7":"product_cat-lupu-prieziura","9":"first","10":"instock","11":"taxable","12":"shipping-taxable","13":"purchasable","14":"product-type-simple"},"acf":[],"brands":[{"id":1135,"name":"Image Skincare","slug":"image-skincare"}],"_links":{"self":[{"href":"https:\/\/skinstudio.ee\/lt\/wp-json\/wp\/v2\/product\/59975","targetHints":{"allow":["GET"]}}],"collection":[{"href":"https:\/\/skinstudio.ee\/lt\/wp-json\/wp\/v2\/product"}],"about":[{"href":"https:\/\/skinstudio.ee\/lt\/wp-json\/wp\/v2\/types\/product"}],"version-history":[{"count":0,"href":"https:\/\/skinstudio.ee\/lt\/wp-json\/wp\/v2\/product\/59975\/revisions"}],"wp:featuredmedia":[{"embeddable":true,"href":"https:\/\/skinstudio.ee\/lt\/wp-json\/wp\/v2\/media\/62318"}],"wp:attachment":[{"href":"https:\/\/skinstudio.ee\/lt\/wp-json\/wp\/v2\/media?parent=59975"}],"wp:term":[{"taxonomy":"pwb-brand","embeddable":true,"href":"https:\/\/skinstudio.ee\/lt\/wp-json\/wp\/v2\/pwb-brand?post=59975"},{"taxonomy":"product_brand","embeddable":true,"href":"https:\/\/skinstudio.ee\/lt\/wp-json\/wp\/v2\/product_brand?post=59975"},{"taxonomy":"product_cat","embeddable":true,"href":"https:\/\/skinstudio.ee\/lt\/wp-json\/wp\/v2\/product_cat?post=59975"},{"taxonomy":"product_tag","embeddable":true,"href":"https:\/\/skinstudio.ee\/lt\/wp-json\/wp\/v2\/product_tag?post=59975"},{"taxonomy":"giftcard-category","embeddable":true,"href":"https:\/\/skinstudio.ee\/lt\/wp-json\/wp\/v2\/giftcard-category?post=59975"}],"curies":[{"name":"wp","href":"https:\/\/api.w.org\/{rel}","templated":true}]}}