{"id":59986,"date":"2024-05-27T11:08:16","date_gmt":"2024-05-27T11:08:16","guid":{"rendered":"https:\/\/skinstudio.ee\/?post_type=product&#038;p=59986"},"modified":"2025-12-29T09:56:54","modified_gmt":"2025-12-29T09:56:54","slug":"clear-skin-solutions-kit","status":"publish","type":"product","link":"https:\/\/skinstudio.ee\/lt\/catalog\/image-skincare\/clear-skin-solutions-kit\/","title":{"rendered":"Clear Skin Solutions Kit"},"content":{"rendered":"<p data-start=\"2178\" data-end=\"2548\">Clear Skin Solutions Kit \u2013 tai trij\u0173 produkt\u0173 rinkinys riebiai, mi\u0161riai ir \u012f akn\u0119 linkusiai odai. Jis suteikia piln\u0105 kasdien\u0117s prie\u017ei\u016bros rutin\u0105, kuri padeda giliai i\u0161valyti od\u0105, suma\u017einti u\u017edegimini\u0173 i\u0161b\u0117rim\u0173 tikimyb\u0119 ir palaikyti lygesn\u0119, pri\u017ei\u016br\u0117t\u0105 i\u0161vaizd\u0105. Produktai veikia sinergi\u0161kai, u\u017etikrindami vis\u0105 cikl\u0105 &#8211; valym\u0105, atk\u016brim\u0105 ir komfort\u0105 vis\u0105 dien\u0105 bei nakt\u012f.<\/p>\n<p data-start=\"2550\" data-end=\"3065\">CLEAR CELL Clarifying Salicylic Gel Cleanser veiksmingai pa\u0161alina riebal\u0173 pertekli\u0173, ne\u0161varumus ir negyvas odos l\u0105steles, padeda suma\u017einti i\u0161b\u0117rim\u0173 matomum\u0105 ir vizualiai ma\u017eina por\u0173 pastebimum\u0105. CLEAR CELL Restoring Serum su augaliniais ekstraktais ramina od\u0105, ma\u017eina diskomfort\u0105 ir palaiko tolyg\u0173 odos atspalv\u012f. Naktinis kremas CLEAR CELL Clarifying Repair Cr\u00e8me su bakuchiolu &#8211; \u0161velnesne augaline retinolio alternatyva &#8211; skatina odos atsinaujinim\u0105, vizualiai glotnina tekst\u016br\u0105 ir ma\u017eina smulki\u0173 linij\u0173 matomum\u0105.<\/p>\n<p data-start=\"3067\" data-end=\"3208\">Rinkinys tinka kasdieniam naudojimui ir padeda i\u0161laikyti od\u0105 \u0161varesn\u0119, lygesn\u0119 ir vizualiai labiau subalansuot\u0105 jau po keli\u0173 naudojimo dien\u0173.<\/p>\n<h3 data-start=\"3210\" data-end=\"3229\">Rinkinyje yra:<\/h3>\n<p data-start=\"3230\" data-end=\"3362\">CLEAR CELL Clarifying Salicylic Gel Cleanser &#8211; 50 ml<br data-start=\"3282\" data-end=\"3285\" \/>CLEAR CELL Restoring Serum &#8211; 14 g<br data-start=\"3318\" data-end=\"3321\" \/>CLEAR CELL Clarifying Repair Cr\u00e8me &#8211; 28 g<\/p>\n","protected":false},"excerpt":{"rendered":"<p data-start=\"3573\" data-end=\"3599\">Rinkinys probleminiai odai<\/p>\n<h2 data-start=\"3601\" data-end=\"3654\">IMAGE Skincare &#8211; Clear Skin Solutions Kit \u012feina:<\/h2>\n<p data-start=\"3655\" data-end=\"3810\">\u2714\ufe0f CLEAR CELL Clarifying Salicylic Gel Cleanser<br data-start=\"3702\" data-end=\"3705\" \/>\u2714\ufe0f CLEAR CELL Restoring Serum<br data-start=\"3734\" data-end=\"3737\" \/>\u2714\ufe0f CLEAR CELL Clarifying Repair Cr\u00e8me<br data-start=\"3774\" data-end=\"3777\" \/>\u2714\ufe0f Permatomas kosmetinis d\u0117klas<\/p>\n","protected":false},"featured_media":62313,"template":"","meta":[],"pwb-brand":[1135],"product_brand":[],"product_cat":[765,756,748,754],"product_tag":[],"giftcard-category":[],"class_list":{"0":"post-59986","1":"product","2":"type-product","3":"status-publish","4":"has-post-thumbnail","6":"pwb-brand-image-skincare","7":"product_cat-dovanu-ideja","8":"product_cat-rinkinys","9":"product_cat-taukainai-adai-lt","10":"product_cat-travel-size-lt","12":"first","13":"instock","14":"taxable","15":"shipping-taxable","16":"purchasable","17":"product-type-simple"},"acf":[],"brands":[{"id":1135,"name":"Image Skincare","slug":"image-skincare"}],"_links":{"self":[{"href":"https:\/\/skinstudio.ee\/lt\/wp-json\/wp\/v2\/product\/59986","targetHints":{"allow":["GET"]}}],"collection":[{"href":"https:\/\/skinstudio.ee\/lt\/wp-json\/wp\/v2\/product"}],"about":[{"href":"https:\/\/skinstudio.ee\/lt\/wp-json\/wp\/v2\/types\/product"}],"version-history":[{"count":0,"href":"https:\/\/skinstudio.ee\/lt\/wp-json\/wp\/v2\/product\/59986\/revisions"}],"wp:featuredmedia":[{"embeddable":true,"href":"https:\/\/skinstudio.ee\/lt\/wp-json\/wp\/v2\/media\/62313"}],"wp:attachment":[{"href":"https:\/\/skinstudio.ee\/lt\/wp-json\/wp\/v2\/media?parent=59986"}],"wp:term":[{"taxonomy":"pwb-brand","embeddable":true,"href":"https:\/\/skinstudio.ee\/lt\/wp-json\/wp\/v2\/pwb-brand?post=59986"},{"taxonomy":"product_brand","embeddable":true,"href":"https:\/\/skinstudio.ee\/lt\/wp-json\/wp\/v2\/product_brand?post=59986"},{"taxonomy":"product_cat","embeddable":true,"href":"https:\/\/skinstudio.ee\/lt\/wp-json\/wp\/v2\/product_cat?post=59986"},{"taxonomy":"product_tag","embeddable":true,"href":"https:\/\/skinstudio.ee\/lt\/wp-json\/wp\/v2\/product_tag?post=59986"},{"taxonomy":"giftcard-category","embeddable":true,"href":"https:\/\/skinstudio.ee\/lt\/wp-json\/wp\/v2\/giftcard-category?post=59986"}],"curies":[{"name":"wp","href":"https:\/\/api.w.org\/{rel}","templated":true}]}}