{"id":59995,"date":"2024-05-27T11:21:42","date_gmt":"2024-05-27T11:21:42","guid":{"rendered":"https:\/\/skinstudio.ee\/?post_type=product&#038;p=59995"},"modified":"2025-12-29T09:56:57","modified_gmt":"2025-12-29T09:56:57","slug":"ready-set-discover-kit","status":"publish","type":"product","link":"https:\/\/skinstudio.ee\/lt\/catalog\/image-skincare\/ready-set-discover-kit\/","title":{"rendered":"Ready Set Discover Kit"},"content":{"rendered":"<p data-start=\"1893\" data-end=\"2250\">Ready Set Discover Kit \u2013 kruop\u0161\u010diai sudarytas odos prie\u017ei\u016bros rinkinys, puikiai tinkantis tiek dovanoms, tiek kelion\u0117ms. Jis apjungia tris populiariausius IMAGE Skincare produktus, suteikian\u010dius \u0161veln\u0173 valym\u0105, intensyv\u0173 dr\u0117kinim\u0105 ir veiksming\u0105 kasdien\u0119 apsaug\u0105. Produktai veikia sinergi\u0161kai, pad\u0117dami i\u0161laikyti od\u0105 gaivi\u0105, lygi\u0105 ir komforti\u0161k\u0105 vis\u0105 dien\u0105.<\/p>\n<p data-start=\"2252\" data-end=\"2596\">ORMEDIC\u00ae balancing facial cleanser \u0161velniai valo od\u0105, pa\u0161alina ne\u0161varumus ir tinka net aki\u0173 zonai. VITAL C hydrating anti-aging serum prisotina od\u0105 vitaminais, padidina dr\u0117gm\u0117s lyg\u012f ir padeda atkurti sveik\u0105 \u0161vyt\u0117jim\u0105. DAILY PREVENTION\u2122 sheer matte moisturizer SPF 30 suteikia lengv\u0105 apsaug\u0105, palaiko dr\u0117gm\u0119 ir saugo od\u0105 nuo aplinkos poveikio.<\/p>\n<p data-start=\"2598\" data-end=\"2743\">Rinkinys puikiai tinka kelion\u0117ms, sporto krep\u0161iui, darbui ar kaip universali dovana &#8211; visa b\u016btina odos prie\u017ei\u016bra viename kompakti\u0161kame rinkinyje.<\/p>\n","protected":false},"excerpt":{"rendered":"<p data-start=\"3165\" data-end=\"3200\">Kelioninis odos prie\u017ei\u016bros rinkinys<\/p>\n<h2 data-start=\"3202\" data-end=\"3253\">IMAGE Skincare &#8211; Ready Set Discover Kit \u012feina<\/h2>\n<p data-start=\"3254\" data-end=\"3463\">\u2714\ufe0f ORMEDIC\u00ae balancing facial cleanser 50 ml<br data-start=\"3297\" data-end=\"3300\" \/>\u2714\ufe0f VITAL C hydrating anti-aging serum 15 ml<br data-start=\"3343\" data-end=\"3346\" \/>\u2714\ufe0f DAILY PREVENTION\u2122 sheer matte moisturizer SPF 30 43 g<br data-start=\"3402\" data-end=\"3405\" \/>\u2714\ufe0f Ma\u017eas kosmetinis d\u0117klas su u\u017etrauktuku Image Skincare<\/p>\n","protected":false},"featured_media":62308,"template":"","meta":[],"pwb-brand":[1135],"product_brand":[],"product_cat":[765,756,754],"product_tag":[],"giftcard-category":[],"class_list":{"0":"post-59995","1":"product","2":"type-product","3":"status-publish","4":"has-post-thumbnail","6":"pwb-brand-image-skincare","7":"product_cat-dovanu-ideja","8":"product_cat-rinkinys","9":"product_cat-travel-size-lt","11":"first","12":"instock","13":"taxable","14":"shipping-taxable","15":"purchasable","16":"product-type-simple"},"acf":[],"brands":[{"id":1135,"name":"Image Skincare","slug":"image-skincare"}],"_links":{"self":[{"href":"https:\/\/skinstudio.ee\/lt\/wp-json\/wp\/v2\/product\/59995","targetHints":{"allow":["GET"]}}],"collection":[{"href":"https:\/\/skinstudio.ee\/lt\/wp-json\/wp\/v2\/product"}],"about":[{"href":"https:\/\/skinstudio.ee\/lt\/wp-json\/wp\/v2\/types\/product"}],"version-history":[{"count":0,"href":"https:\/\/skinstudio.ee\/lt\/wp-json\/wp\/v2\/product\/59995\/revisions"}],"wp:featuredmedia":[{"embeddable":true,"href":"https:\/\/skinstudio.ee\/lt\/wp-json\/wp\/v2\/media\/62308"}],"wp:attachment":[{"href":"https:\/\/skinstudio.ee\/lt\/wp-json\/wp\/v2\/media?parent=59995"}],"wp:term":[{"taxonomy":"pwb-brand","embeddable":true,"href":"https:\/\/skinstudio.ee\/lt\/wp-json\/wp\/v2\/pwb-brand?post=59995"},{"taxonomy":"product_brand","embeddable":true,"href":"https:\/\/skinstudio.ee\/lt\/wp-json\/wp\/v2\/product_brand?post=59995"},{"taxonomy":"product_cat","embeddable":true,"href":"https:\/\/skinstudio.ee\/lt\/wp-json\/wp\/v2\/product_cat?post=59995"},{"taxonomy":"product_tag","embeddable":true,"href":"https:\/\/skinstudio.ee\/lt\/wp-json\/wp\/v2\/product_tag?post=59995"},{"taxonomy":"giftcard-category","embeddable":true,"href":"https:\/\/skinstudio.ee\/lt\/wp-json\/wp\/v2\/giftcard-category?post=59995"}],"curies":[{"name":"wp","href":"https:\/\/api.w.org\/{rel}","templated":true}]}}