{"id":60004,"date":"2024-05-27T11:39:33","date_gmt":"2024-05-27T11:39:33","guid":{"rendered":"https:\/\/skinstudio.ee\/?post_type=product&#038;p=60004"},"modified":"2025-12-29T09:56:54","modified_gmt":"2025-12-29T09:56:54","slug":"brighten-protect-kit","status":"publish","type":"product","link":"https:\/\/skinstudio.ee\/lt\/catalog\/image-skincare\/brighten-protect-kit\/","title":{"rendered":"Brighten &#038; Protect Kit"},"content":{"rendered":"<p data-start=\"1741\" data-end=\"2067\">Brighten &amp; Protect Kit \u2013 trij\u0173 produkt\u0173 odos prie\u017ei\u016bros rinkinys, sukurtas papilk\u0117jusiai, netolygiai ir pigmentacijai linkusiai odai. Jis sujungia ILUMA linijos \u0161viesinam\u0105j\u012f poveik\u012f su DAILY PREVENTION\u2122 kasdiene apsauga, suteikdamas visapusi\u0161k\u0105 rutin\u0105, kuri padeda atkurti odos \u0161vyt\u0117jim\u0105, pagerinti jos tekst\u016br\u0105 ir tolygum\u0105.<\/p>\n<p data-start=\"2069\" data-end=\"2274\">Rinkinys padeda \u0161velniai eksfolijuoti od\u0105, vizualiai i\u0161lyginti pavir\u0161i\u0173 ir suvienodinti atspalv\u012f. Produktai suteikia b\u016btin\u0105 apsaug\u0105 nuo UV spinduli\u0173, padedan\u010di\u0105 suma\u017einti naujos pigmentacijos atsiradim\u0105.<\/p>\n<p data-start=\"2276\" data-end=\"2512\">Kompakti\u0161ki dyd\u017eiai ir permatomas kosmetinis d\u0117klas paver\u010dia Brighten &amp; Protect Kit idealiu pasirinkimu kelion\u0117ms, sporto krep\u0161iui ar kasdieniam naudojimui. Tai taip pat puikus b\u016bdas susipa\u017einti su IMAGE Skincare produktais pirm\u0105 kart\u0105.<\/p>\n","protected":false},"excerpt":{"rendered":"<p data-start=\"2919\" data-end=\"2964\">\u0160viesinantis kelioninis prie\u017ei\u016bros rinkinys<\/p>\n<h2 data-start=\"2966\" data-end=\"3017\">IMAGE Skincare &#8211; Brighten &amp; Protect Kit \u012feina:<\/h2>\n<p data-start=\"3018\" data-end=\"3209\">\u2714\ufe0f ILUMA Intense Brightening Exfoliating Cleanser 46 g<br data-start=\"3072\" data-end=\"3075\" \/>\u2714\ufe0f ILUMA Intense Brightening Serum 15 ml<br data-start=\"3115\" data-end=\"3118\" \/>\u2714\ufe0f DAILY PREVENTION\u2122 Sheer Matte Moisturizer SPF 30 7 g<br data-start=\"3173\" data-end=\"3176\" \/>\u2714\ufe0f Permatomas kosmetinis d\u0117klas<\/p>\n","protected":false},"featured_media":62303,"template":"","meta":[],"pwb-brand":[1135],"product_brand":[],"product_cat":[765,756,754],"product_tag":[],"giftcard-category":[],"class_list":{"0":"post-60004","1":"product","2":"type-product","3":"status-publish","4":"has-post-thumbnail","6":"pwb-brand-image-skincare","7":"product_cat-dovanu-ideja","8":"product_cat-rinkinys","9":"product_cat-travel-size-lt","11":"first","12":"instock","13":"taxable","14":"shipping-taxable","15":"purchasable","16":"product-type-simple"},"acf":[],"brands":[{"id":1135,"name":"Image Skincare","slug":"image-skincare"}],"_links":{"self":[{"href":"https:\/\/skinstudio.ee\/lt\/wp-json\/wp\/v2\/product\/60004","targetHints":{"allow":["GET"]}}],"collection":[{"href":"https:\/\/skinstudio.ee\/lt\/wp-json\/wp\/v2\/product"}],"about":[{"href":"https:\/\/skinstudio.ee\/lt\/wp-json\/wp\/v2\/types\/product"}],"version-history":[{"count":0,"href":"https:\/\/skinstudio.ee\/lt\/wp-json\/wp\/v2\/product\/60004\/revisions"}],"wp:featuredmedia":[{"embeddable":true,"href":"https:\/\/skinstudio.ee\/lt\/wp-json\/wp\/v2\/media\/62303"}],"wp:attachment":[{"href":"https:\/\/skinstudio.ee\/lt\/wp-json\/wp\/v2\/media?parent=60004"}],"wp:term":[{"taxonomy":"pwb-brand","embeddable":true,"href":"https:\/\/skinstudio.ee\/lt\/wp-json\/wp\/v2\/pwb-brand?post=60004"},{"taxonomy":"product_brand","embeddable":true,"href":"https:\/\/skinstudio.ee\/lt\/wp-json\/wp\/v2\/product_brand?post=60004"},{"taxonomy":"product_cat","embeddable":true,"href":"https:\/\/skinstudio.ee\/lt\/wp-json\/wp\/v2\/product_cat?post=60004"},{"taxonomy":"product_tag","embeddable":true,"href":"https:\/\/skinstudio.ee\/lt\/wp-json\/wp\/v2\/product_tag?post=60004"},{"taxonomy":"giftcard-category","embeddable":true,"href":"https:\/\/skinstudio.ee\/lt\/wp-json\/wp\/v2\/giftcard-category?post=60004"}],"curies":[{"name":"wp","href":"https:\/\/api.w.org\/{rel}","templated":true}]}}