{"id":60013,"date":"2024-05-27T12:13:38","date_gmt":"2024-05-27T12:13:38","guid":{"rendered":"https:\/\/skinstudio.ee\/?post_type=product&#038;p=60013"},"modified":"2025-12-29T09:56:57","modified_gmt":"2025-12-29T09:56:57","slug":"microbiome-essentials-kit","status":"publish","type":"product","link":"https:\/\/skinstudio.ee\/lt\/catalog\/image-skincare\/microbiome-essentials-kit\/","title":{"rendered":"Microbiome Essentials Kit"},"content":{"rendered":"<p data-start=\"1487\" data-end=\"1732\">Microbiome Essentials Kit &#8211; trij\u0173 \u017eingsni\u0173 odos prie\u017ei\u016bros rinkinys, sukurtas sausai, jautriai ir lengvai sudirginamai odai. \u0160velnioji BIOME+ linija padeda suma\u017einti paraudim\u0105 ir sudirgim\u0105, palaiko nat\u016brali\u0105 odos apsaug\u0105 ir mikrobiomo balans\u0105.<\/p>\n<p data-start=\"1734\" data-end=\"1975\">Rinkinys ypa\u010d tinka odai po saul\u0117s nudegim\u0173, aktyvi\u0173 kosmetini\u0173 proced\u016br\u0173 ar laikotarpi\u0173, kai oda tampa jautresn\u0117 nei \u012fprastai. Produktai padeda atkurti odos \u0161velnum\u0105, gaivum\u0105 ir dr\u0117gm\u0119, palikdami j\u0105 vizualiai ramesn\u0119 ir labiau pri\u017ei\u016br\u0117t\u0105.<\/p>\n<p data-start=\"1977\" data-end=\"2154\">Kompakti\u0161ki dyd\u017eiai ir permatomas Image Skincare kosmetinis d\u0117klas daro \u0161\u012f rinkin\u012f idealiu kelion\u0117ms, sportui ar kasdieniam naudojimui. Produkt\u0173 kiekio pakanka ma\u017edaug m\u0117nesiui.<\/p>\n","protected":false},"excerpt":{"rendered":"<p data-start=\"2407\" data-end=\"2457\">Raminamasis odos prie\u017ei\u016bros rinkinys jautriai odai<\/p>\n<h2 data-start=\"2459\" data-end=\"2514\">IMAGE Skincare &#8211; Microbiome Essentials Kit \u012feina:<\/h2>\n<p data-start=\"2515\" data-end=\"2663\">\u2714\ufe0f BIOME+ Cleansing Comfort Balm 50 ml<br data-start=\"2553\" data-end=\"2556\" \/>\u2714\ufe0f BIOME+ Dew Bright Serum 15 ml<br data-start=\"2588\" data-end=\"2591\" \/>\u2714\ufe0f BIOME+ Smoothing Cloud Cr\u00e8me 28 g<br data-start=\"2627\" data-end=\"2630\" \/>\u2714\ufe0f Permatomas kosmetinis d\u0117klas<\/p>\n","protected":false},"featured_media":62298,"template":"","meta":[],"pwb-brand":[1135],"product_brand":[],"product_cat":[765,756,754],"product_tag":[],"giftcard-category":[],"class_list":{"0":"post-60013","1":"product","2":"type-product","3":"status-publish","4":"has-post-thumbnail","6":"pwb-brand-image-skincare","7":"product_cat-dovanu-ideja","8":"product_cat-rinkinys","9":"product_cat-travel-size-lt","11":"first","12":"instock","13":"sale","14":"taxable","15":"shipping-taxable","16":"purchasable","17":"product-type-simple"},"acf":[],"brands":[{"id":1135,"name":"Image Skincare","slug":"image-skincare"}],"_links":{"self":[{"href":"https:\/\/skinstudio.ee\/lt\/wp-json\/wp\/v2\/product\/60013","targetHints":{"allow":["GET"]}}],"collection":[{"href":"https:\/\/skinstudio.ee\/lt\/wp-json\/wp\/v2\/product"}],"about":[{"href":"https:\/\/skinstudio.ee\/lt\/wp-json\/wp\/v2\/types\/product"}],"version-history":[{"count":0,"href":"https:\/\/skinstudio.ee\/lt\/wp-json\/wp\/v2\/product\/60013\/revisions"}],"wp:featuredmedia":[{"embeddable":true,"href":"https:\/\/skinstudio.ee\/lt\/wp-json\/wp\/v2\/media\/62298"}],"wp:attachment":[{"href":"https:\/\/skinstudio.ee\/lt\/wp-json\/wp\/v2\/media?parent=60013"}],"wp:term":[{"taxonomy":"pwb-brand","embeddable":true,"href":"https:\/\/skinstudio.ee\/lt\/wp-json\/wp\/v2\/pwb-brand?post=60013"},{"taxonomy":"product_brand","embeddable":true,"href":"https:\/\/skinstudio.ee\/lt\/wp-json\/wp\/v2\/product_brand?post=60013"},{"taxonomy":"product_cat","embeddable":true,"href":"https:\/\/skinstudio.ee\/lt\/wp-json\/wp\/v2\/product_cat?post=60013"},{"taxonomy":"product_tag","embeddable":true,"href":"https:\/\/skinstudio.ee\/lt\/wp-json\/wp\/v2\/product_tag?post=60013"},{"taxonomy":"giftcard-category","embeddable":true,"href":"https:\/\/skinstudio.ee\/lt\/wp-json\/wp\/v2\/giftcard-category?post=60013"}],"curies":[{"name":"wp","href":"https:\/\/api.w.org\/{rel}","templated":true}]}}