{"id":60022,"date":"2024-05-27T13:54:41","date_gmt":"2024-05-27T13:54:41","guid":{"rendered":"https:\/\/skinstudio.ee\/?post_type=product&#038;p=60022"},"modified":"2025-12-29T09:56:57","modified_gmt":"2025-12-29T09:56:57","slug":"ormedic-balancing-antioxidant-serum","status":"publish","type":"product","link":"https:\/\/skinstudio.ee\/lt\/catalog\/image-skincare\/ormedic-balancing-antioxidant-serum\/","title":{"rendered":"ORMEDIC Balancing Antioxidant Serum"},"content":{"rendered":"<p data-start=\"1367\" data-end=\"1682\">ORMEDIC Balancing Antioxidant Serum \u2013 itin dr\u0117kinantis, lengvai atnaujinantis serumas su organi\u0161ku alavij\u0173 geliu pagrinde. Formul\u0117 praturtinta pieno r\u016bg\u0161timi, organi\u0161ka japoni\u0161ka \u017eali\u0105ja arbata, polifenoliais ir vario peptidais, kurie padeda palaikyti glotnesn\u0119 odos tekst\u016br\u0105 ir nat\u016bralius atsinaujinimo procesus.<\/p>\n<p data-start=\"1684\" data-end=\"2030\">Organinis vynuogi\u0173 vanduo, kuriame gausu mineral\u0173 ir mikroelement\u0173, palaiko optimal\u0173 dr\u0117gm\u0117s balans\u0105 ir sveik\u0105 pH. Kakadu slyvos ir burok\u0117li\u0173 \u0161aknies ekstraktai suteikia stipri\u0105 antioksidacin\u0119 apsaug\u0105, ma\u017eindami \u017ealing\u0105 aplinkos poveik\u012f ir pirmuosius sen\u0117jimo po\u017eymius. Reguliariai naudojant oda tampa \u0161velnesn\u0117, gaivesn\u0117 ir vizualiai skaistesn\u0117.<\/p>\n<p data-start=\"2032\" data-end=\"2048\"><strong data-start=\"2032\" data-end=\"2048\">T\u016bris: 30 ml<\/strong><\/p>\n","protected":false},"excerpt":{"rendered":"<p data-start=\"2179\" data-end=\"2216\">Dr\u0117kinamasis antioksidantinis serumas<\/p>\n<h2 data-start=\"2218\" data-end=\"2284\">IMAGE Skincare &#8211; ORMEDIC Balancing Antioxidant Serum Savyb\u0117s<\/h2>\n<p data-start=\"2285\" data-end=\"2457\">\u2714\ufe0f Gr\u0105\u017eina komforto poj\u016bt\u012f<br data-start=\"2311\" data-end=\"2314\" \/>\u2714\ufe0f Palaiko lygesn\u012f, gaivesn\u012f atspalv\u012f<br data-start=\"2351\" data-end=\"2354\" \/>\u2714\ufe0f Sustiprina dr\u0117gm\u0117s poj\u016bt\u012f<br data-start=\"2382\" data-end=\"2385\" \/>\u2714\ufe0f Mink\u0161tina ir glotnina od\u0105<br data-start=\"2413\" data-end=\"2416\" \/>\u2714\ufe0f Padeda apsaugoti nuo aplinkos streso<\/p>\n","protected":false},"featured_media":62293,"template":"","meta":[],"pwb-brand":[1135],"product_brand":[],"product_cat":[724],"product_tag":[],"giftcard-category":[],"class_list":{"0":"post-60022","1":"product","2":"type-product","3":"status-publish","4":"has-post-thumbnail","6":"pwb-brand-image-skincare","7":"product_cat-serumai","9":"first","10":"instock","11":"taxable","12":"shipping-taxable","13":"purchasable","14":"product-type-simple"},"acf":[],"brands":[{"id":1135,"name":"Image Skincare","slug":"image-skincare"}],"_links":{"self":[{"href":"https:\/\/skinstudio.ee\/lt\/wp-json\/wp\/v2\/product\/60022","targetHints":{"allow":["GET"]}}],"collection":[{"href":"https:\/\/skinstudio.ee\/lt\/wp-json\/wp\/v2\/product"}],"about":[{"href":"https:\/\/skinstudio.ee\/lt\/wp-json\/wp\/v2\/types\/product"}],"version-history":[{"count":0,"href":"https:\/\/skinstudio.ee\/lt\/wp-json\/wp\/v2\/product\/60022\/revisions"}],"wp:featuredmedia":[{"embeddable":true,"href":"https:\/\/skinstudio.ee\/lt\/wp-json\/wp\/v2\/media\/62293"}],"wp:attachment":[{"href":"https:\/\/skinstudio.ee\/lt\/wp-json\/wp\/v2\/media?parent=60022"}],"wp:term":[{"taxonomy":"pwb-brand","embeddable":true,"href":"https:\/\/skinstudio.ee\/lt\/wp-json\/wp\/v2\/pwb-brand?post=60022"},{"taxonomy":"product_brand","embeddable":true,"href":"https:\/\/skinstudio.ee\/lt\/wp-json\/wp\/v2\/product_brand?post=60022"},{"taxonomy":"product_cat","embeddable":true,"href":"https:\/\/skinstudio.ee\/lt\/wp-json\/wp\/v2\/product_cat?post=60022"},{"taxonomy":"product_tag","embeddable":true,"href":"https:\/\/skinstudio.ee\/lt\/wp-json\/wp\/v2\/product_tag?post=60022"},{"taxonomy":"giftcard-category","embeddable":true,"href":"https:\/\/skinstudio.ee\/lt\/wp-json\/wp\/v2\/giftcard-category?post=60022"}],"curies":[{"name":"wp","href":"https:\/\/api.w.org\/{rel}","templated":true}]}}