{"id":60032,"date":"2024-05-27T14:13:22","date_gmt":"2024-05-27T14:13:22","guid":{"rendered":"https:\/\/skinstudio.ee\/?post_type=product&#038;p=60032"},"modified":"2025-12-29T09:56:56","modified_gmt":"2025-12-29T09:56:56","slug":"iluma-intense-facial-illuminator","status":"publish","type":"product","link":"https:\/\/skinstudio.ee\/lt\/catalog\/image-skincare\/iluma-intense-facial-illuminator\/","title":{"rendered":"ILUMA Intense Facial Illuminator"},"content":{"rendered":"<p data-start=\"1300\" data-end=\"1527\"><strong>ILUMA Intense Facial<\/strong> <strong>Illuminator<\/strong> \u2013 tai pa\u017eangus \u0161viesinamasis serumas, padedantis sustiprinti odos \u0161vyt\u0117jim\u0105 ir vizualiai suvienodinti atspalv\u012f. Lengva, greitai \u012fsigerianti tekst\u016bra suteikia odai \u0161velnumo, dr\u0117gm\u0117s ir gaivumo.<\/p>\n<p data-start=\"1529\" data-end=\"1725\">Formul\u0117 padeda suma\u017einti odos pilkumo \u012fsp\u016bd\u012f, suteikia jai \u0161viesesn\u0119, lygesn\u0119 i\u0161vaizd\u0105 ir palaiko bendr\u0105 odos skaidrum\u0105. Reguliariai naudojant oda tampa lygesn\u0117, gaivesn\u0117 ir nat\u016braliai \u0161vytinti.<\/p>\n<p data-start=\"1727\" data-end=\"1871\">ILUMA Intense Facial Illuminator puikiai dera su kitais serumais, sustiprindamas kasdien\u0119 prie\u017ei\u016br\u0105 ir suteikdamas odai sveiko \u0161vyt\u0117jimo efekt\u0105.<\/p>\n<p data-start=\"1873\" data-end=\"1889\"><strong data-start=\"1873\" data-end=\"1889\">T\u016bris: 30 ml<\/strong><\/p>\n","protected":false},"excerpt":{"rendered":"<p data-start=\"2015\" data-end=\"2036\">\u0160viesinamasis serumas<\/p>\n<h2 data-start=\"2038\" data-end=\"2101\">IMAGE Skincare &#8211; ILUMA Intense Facial Illuminator Savyb\u0117s<\/h2>\n<p data-start=\"2102\" data-end=\"2277\">\u2714\ufe0f Suteikia odai vizual\u0173 \u0161vyt\u0117jim\u0105<br data-start=\"2136\" data-end=\"2139\" \/>\u2714\ufe0f Padeda pakoreguoti bendr\u0105 atspalv\u012f<br data-start=\"2176\" data-end=\"2179\" \/>\u2714\ufe0f Sustiprina dr\u0117gm\u0117s poj\u016bt\u012f<br data-start=\"2207\" data-end=\"2210\" \/>\u2714\ufe0f Mink\u0161tina ir glotnina od\u0105<br data-start=\"2238\" data-end=\"2241\" \/>\u2714\ufe0f Palaiko nat\u016bral\u0173 odos skaidrum\u0105<\/p>\n","protected":false},"featured_media":62288,"template":"","meta":[],"pwb-brand":[1135],"product_brand":[],"product_cat":[752,724],"product_tag":[],"giftcard-category":[],"class_list":{"0":"post-60032","1":"product","2":"type-product","3":"status-publish","4":"has-post-thumbnail","6":"pwb-brand-image-skincare","7":"product_cat-pigmentacija-lt","8":"product_cat-serumai","10":"first","11":"instock","12":"taxable","13":"shipping-taxable","14":"purchasable","15":"product-type-simple"},"acf":[],"brands":[{"id":1135,"name":"Image Skincare","slug":"image-skincare"}],"_links":{"self":[{"href":"https:\/\/skinstudio.ee\/lt\/wp-json\/wp\/v2\/product\/60032","targetHints":{"allow":["GET"]}}],"collection":[{"href":"https:\/\/skinstudio.ee\/lt\/wp-json\/wp\/v2\/product"}],"about":[{"href":"https:\/\/skinstudio.ee\/lt\/wp-json\/wp\/v2\/types\/product"}],"version-history":[{"count":0,"href":"https:\/\/skinstudio.ee\/lt\/wp-json\/wp\/v2\/product\/60032\/revisions"}],"wp:featuredmedia":[{"embeddable":true,"href":"https:\/\/skinstudio.ee\/lt\/wp-json\/wp\/v2\/media\/62288"}],"wp:attachment":[{"href":"https:\/\/skinstudio.ee\/lt\/wp-json\/wp\/v2\/media?parent=60032"}],"wp:term":[{"taxonomy":"pwb-brand","embeddable":true,"href":"https:\/\/skinstudio.ee\/lt\/wp-json\/wp\/v2\/pwb-brand?post=60032"},{"taxonomy":"product_brand","embeddable":true,"href":"https:\/\/skinstudio.ee\/lt\/wp-json\/wp\/v2\/product_brand?post=60032"},{"taxonomy":"product_cat","embeddable":true,"href":"https:\/\/skinstudio.ee\/lt\/wp-json\/wp\/v2\/product_cat?post=60032"},{"taxonomy":"product_tag","embeddable":true,"href":"https:\/\/skinstudio.ee\/lt\/wp-json\/wp\/v2\/product_tag?post=60032"},{"taxonomy":"giftcard-category","embeddable":true,"href":"https:\/\/skinstudio.ee\/lt\/wp-json\/wp\/v2\/giftcard-category?post=60032"}],"curies":[{"name":"wp","href":"https:\/\/api.w.org\/{rel}","templated":true}]}}