{"id":60042,"date":"2024-05-28T08:51:40","date_gmt":"2024-05-28T08:51:40","guid":{"rendered":"https:\/\/skinstudio.ee\/?post_type=product&#038;p=60042"},"modified":"2025-12-29T09:56:58","modified_gmt":"2025-12-29T09:56:58","slug":"the-max-masque","status":"publish","type":"product","link":"https:\/\/skinstudio.ee\/lt\/catalog\/image-skincare\/the-max-masque\/","title":{"rendered":"the MAX\u2122 Masque"},"content":{"rendered":"<p data-start=\"1591\" data-end=\"1988\">the MAX\u2122 Masque \u2013 tai jauninamoji, regeneruojamoji ir intensyviai maitinanti kauk\u0117, sukurta pavargusiai, plon\u0117jan\u010diai ir senstan\u010diai odai. Turtinga formul\u0117 su augal\u0173 kamienini\u0173 l\u0105steli\u0173 ekstraktais, naujos kartos peptidais ir dr\u0117kinan\u010diais komponentais padeda odai atrodyti lygesnei, stangresnei ir \u0161vytin\u010diai. \u0160velni tekst\u016bra lengvai pasiskirsto, suteikdama komforto ir gilaus maitinimo poj\u016bt\u012f.<\/p>\n<p data-start=\"1990\" data-end=\"2347\">Vectorize Technology\u2122 u\u017etikrina laipsni\u0161k\u0105 veikli\u0173j\u0173 med\u017eiag\u0173 i\u0161siskyrim\u0105 iki 48 valand\u0173, suteikdama ilgalaik\u0119 param\u0105 ir matomus rezultat\u0173 pager\u0117jimus. Reguliariai naudojant kauk\u0117 padeda suma\u017einti odos pilkumo ir sausumo \u012fsp\u016bd\u012f, pagerina tekst\u016br\u0105 ir suteikia atgaivint\u0105, \u0161vie\u017ei\u0105 i\u0161vaizd\u0105. Oda atrodo labiau pamaitinta, stangresn\u0117 ir vizualiai atsinaujinusi.<\/p>\n<p data-start=\"2349\" data-end=\"2365\"><strong data-start=\"2349\" data-end=\"2365\">T\u016bris: 59 ml<\/strong><\/p>\n","protected":false},"excerpt":{"rendered":"<p data-start=\"2668\" data-end=\"2699\">Maitinamoji stangrinamoji kauk\u0117<\/p>\n<h2 data-start=\"2701\" data-end=\"2747\">IMAGE Skincare &#8211; the MAX\u2122 Masque Savyb\u0117s<\/h2>\n<p data-start=\"2748\" data-end=\"2958\">\u2714\ufe0f Suteikia lygesn\u012f ir stangresn\u012f poj\u016bt\u012f<br data-start=\"2788\" data-end=\"2791\" \/>\u2714\ufe0f Pagerina odos vizual\u0173 tank\u012f<br data-start=\"2821\" data-end=\"2824\" \/>\u2714\ufe0f Mink\u0161tina ir maitina pavargusi\u0105 od\u0105<br data-start=\"2862\" data-end=\"2865\" \/>\u2714\ufe0f Atgaivina ton\u0105 ir nat\u016bral\u0173 \u0161vyt\u0117jim\u0105<br data-start=\"2904\" data-end=\"2907\" \/>\u2714\ufe0f Suteikia sveikesn\u0119, labiau pri\u017ei\u016br\u0117t\u0105 i\u0161vaizd\u0105<\/p>\n","protected":false},"featured_media":62283,"template":"","meta":[],"pwb-brand":[1135],"product_brand":[],"product_cat":[726,750],"product_tag":[],"giftcard-category":[],"class_list":{"0":"post-60042","1":"product","2":"type-product","3":"status-publish","4":"has-post-thumbnail","6":"pwb-brand-image-skincare","7":"product_cat-maskas-lt","8":"product_cat-senstanti-oda","10":"first","11":"instock","12":"taxable","13":"shipping-taxable","14":"purchasable","15":"product-type-simple"},"acf":[],"brands":[{"id":1135,"name":"Image Skincare","slug":"image-skincare"}],"_links":{"self":[{"href":"https:\/\/skinstudio.ee\/lt\/wp-json\/wp\/v2\/product\/60042","targetHints":{"allow":["GET"]}}],"collection":[{"href":"https:\/\/skinstudio.ee\/lt\/wp-json\/wp\/v2\/product"}],"about":[{"href":"https:\/\/skinstudio.ee\/lt\/wp-json\/wp\/v2\/types\/product"}],"version-history":[{"count":0,"href":"https:\/\/skinstudio.ee\/lt\/wp-json\/wp\/v2\/product\/60042\/revisions"}],"wp:featuredmedia":[{"embeddable":true,"href":"https:\/\/skinstudio.ee\/lt\/wp-json\/wp\/v2\/media\/62283"}],"wp:attachment":[{"href":"https:\/\/skinstudio.ee\/lt\/wp-json\/wp\/v2\/media?parent=60042"}],"wp:term":[{"taxonomy":"pwb-brand","embeddable":true,"href":"https:\/\/skinstudio.ee\/lt\/wp-json\/wp\/v2\/pwb-brand?post=60042"},{"taxonomy":"product_brand","embeddable":true,"href":"https:\/\/skinstudio.ee\/lt\/wp-json\/wp\/v2\/product_brand?post=60042"},{"taxonomy":"product_cat","embeddable":true,"href":"https:\/\/skinstudio.ee\/lt\/wp-json\/wp\/v2\/product_cat?post=60042"},{"taxonomy":"product_tag","embeddable":true,"href":"https:\/\/skinstudio.ee\/lt\/wp-json\/wp\/v2\/product_tag?post=60042"},{"taxonomy":"giftcard-category","embeddable":true,"href":"https:\/\/skinstudio.ee\/lt\/wp-json\/wp\/v2\/giftcard-category?post=60042"}],"curies":[{"name":"wp","href":"https:\/\/api.w.org\/{rel}","templated":true}]}}