{"id":60052,"date":"2024-05-28T09:08:48","date_gmt":"2024-05-28T09:08:48","guid":{"rendered":"https:\/\/skinstudio.ee\/?post_type=product&#038;p=60052"},"modified":"2025-12-29T09:56:58","modified_gmt":"2025-12-29T09:56:58","slug":"the-max-neck-lift","status":"publish","type":"product","link":"https:\/\/skinstudio.ee\/lt\/catalog\/image-skincare\/the-max-neck-lift\/","title":{"rendered":"the MAX\u2122 Neck Lift"},"content":{"rendered":"<p data-start=\"1420\" data-end=\"1729\">the MAX\u2122 Neck Lift \u2013 tai dr\u0117kinamasis kaklo ir dekolt\u0117 stangrinamasis kremas, sukurtas odos tvirtumui, glotnumui ir tvarkingesnei i\u0161vaizdai palaikyti. Formul\u0117 su augal\u0173 kamienini\u0173 l\u0105steli\u0173 ekstraktais padeda suma\u017einti odos suglebimo \u012fsp\u016bd\u012f, \u0161velnina matomas linijas ir suteikia odai pakelt\u0105, lygesn\u012f vaizd\u0105.<\/p>\n<p data-start=\"1731\" data-end=\"2089\">Sodri, \u0161ilkin\u0117 tekst\u016bra greitai \u012fsigeria, suteikdama ilgalaik\u012f komfort\u0105 ir gili\u0105 dr\u0117gm\u0119. Vectorize Technology\u2122 u\u017etikrina laipsni\u0161k\u0105 veikli\u0173j\u0173 med\u017eiag\u0173 i\u0161siskyrim\u0105 iki 48 valand\u0173, suteikdama nuolatin\u0119 param\u0105 ir pad\u0117dama odai atrodyti elastingesnei ir gaivesnei. Reguliariai naudojant oda kaklo ir dekolt\u0117 srityje atrodo glotnesn\u0117, stangresn\u0117 ir atsinaujinusi.<\/p>\n<p data-start=\"2091\" data-end=\"2107\"><strong data-start=\"2091\" data-end=\"2107\">T\u016bris: 59 ml<\/strong><\/p>\n","protected":false},"excerpt":{"rendered":"<p data-start=\"2320\" data-end=\"2347\">Stangrinamasis kaklo kremas<\/p>\n<h2 data-start=\"2349\" data-end=\"2398\">IMAGE Skincare &#8211; the MAX\u2122 Neck Lift Savyb\u0117s<\/h2>\n<p data-start=\"2399\" data-end=\"2596\">\u2714\ufe0f Suteikia stangresn\u012f ir elastingesn\u012f poj\u016bt\u012f<br data-start=\"2444\" data-end=\"2447\" \/>\u2714\ufe0f \u0160velnina rauk\u0161li\u0173 ir linij\u0173 matomum\u0105<br data-start=\"2486\" data-end=\"2489\" \/>\u2714\ufe0f Glotnina ir sulygina odos pavir\u0161i\u0173<br data-start=\"2526\" data-end=\"2529\" \/>\u2714\ufe0f Gaivina bendr\u0105 odos i\u0161vaizd\u0105<br data-start=\"2560\" data-end=\"2563\" \/>\u2714\ufe0f Gerina vizual\u0173 kaklo kont\u016br\u0105<\/p>\n","protected":false},"featured_media":62268,"template":"","meta":[],"pwb-brand":[1135],"product_brand":[],"product_cat":[736,750],"product_tag":[],"giftcard-category":[],"class_list":{"0":"post-60052","1":"product","2":"type-product","3":"status-publish","4":"has-post-thumbnail","6":"pwb-brand-image-skincare","7":"product_cat-dekolte-sritis","8":"product_cat-senstanti-oda","10":"first","11":"instock","12":"taxable","13":"shipping-taxable","14":"purchasable","15":"product-type-simple"},"acf":[],"brands":[{"id":1135,"name":"Image Skincare","slug":"image-skincare"}],"_links":{"self":[{"href":"https:\/\/skinstudio.ee\/lt\/wp-json\/wp\/v2\/product\/60052","targetHints":{"allow":["GET"]}}],"collection":[{"href":"https:\/\/skinstudio.ee\/lt\/wp-json\/wp\/v2\/product"}],"about":[{"href":"https:\/\/skinstudio.ee\/lt\/wp-json\/wp\/v2\/types\/product"}],"version-history":[{"count":0,"href":"https:\/\/skinstudio.ee\/lt\/wp-json\/wp\/v2\/product\/60052\/revisions"}],"wp:featuredmedia":[{"embeddable":true,"href":"https:\/\/skinstudio.ee\/lt\/wp-json\/wp\/v2\/media\/62268"}],"wp:attachment":[{"href":"https:\/\/skinstudio.ee\/lt\/wp-json\/wp\/v2\/media?parent=60052"}],"wp:term":[{"taxonomy":"pwb-brand","embeddable":true,"href":"https:\/\/skinstudio.ee\/lt\/wp-json\/wp\/v2\/pwb-brand?post=60052"},{"taxonomy":"product_brand","embeddable":true,"href":"https:\/\/skinstudio.ee\/lt\/wp-json\/wp\/v2\/product_brand?post=60052"},{"taxonomy":"product_cat","embeddable":true,"href":"https:\/\/skinstudio.ee\/lt\/wp-json\/wp\/v2\/product_cat?post=60052"},{"taxonomy":"product_tag","embeddable":true,"href":"https:\/\/skinstudio.ee\/lt\/wp-json\/wp\/v2\/product_tag?post=60052"},{"taxonomy":"giftcard-category","embeddable":true,"href":"https:\/\/skinstudio.ee\/lt\/wp-json\/wp\/v2\/giftcard-category?post=60052"}],"curies":[{"name":"wp","href":"https:\/\/api.w.org\/{rel}","templated":true}]}}