{"id":60063,"date":"2024-05-28T09:51:47","date_gmt":"2024-05-28T09:51:47","guid":{"rendered":"https:\/\/skinstudio.ee\/?post_type=product&#038;p=60063"},"modified":"2025-12-29T09:56:58","modified_gmt":"2025-12-29T09:56:58","slug":"the-max-serum","status":"publish","type":"product","link":"https:\/\/skinstudio.ee\/lt\/catalog\/image-skincare\/the-max-serum\/","title":{"rendered":"the MAX\u2122 Serum"},"content":{"rendered":"<div class=\"woocommerce-product-details__short-description\">\n<p data-start=\"1608\" data-end=\"2006\">the MAX\u2122 Serum \u2013 intensyviai veikiantis atjauninantis serumas, skirtas giliai dr\u0117kinti od\u0105 ir pagerinti jos vizual\u0173 stangrum\u0105 bei glotnum\u0105. Koncentruota formul\u0117 su augal\u0173 kamienini\u0173 l\u0105steli\u0173 ekstraktais, daugiapeptidiniais kompleksais ir od\u0105 palaikan\u010diais ingredientais padeda odai atrodyti gaivesnei, glotnesnei ir labiau pri\u017ei\u016br\u0117tai. Lengva tekst\u016bra greitai \u012fsigeria, palikdama komforto poj\u016bt\u012f.<\/p>\n<p data-start=\"2008\" data-end=\"2292\">Vectorize Technology\u2122 u\u017etikrina laipsni\u0161k\u0105 veikli\u0173j\u0173 med\u017eiag\u0173 i\u0161siskyrim\u0105 iki 48 valand\u0173, suteikdama ilgalaik\u0119 param\u0105 ir i\u0161laikydama atgaivint\u0105, jaunatvi\u0161kesn\u012f i\u0161vaizd\u0105. Serumas padeda suma\u017einti mimikos linij\u0173 matomum\u0105, palaiko odos elastingum\u0105 ir suteikia jai nat\u016bralaus \u0161vyt\u0117jimo.<\/p>\n<p data-start=\"2294\" data-end=\"2458\">the MAX\u2122 Serum puikiai tinka pavargusiai, senstan\u010diai ar \u012fsitempusiai odai, o d\u0117l \u0161velnaus poveikio mimikos zonoms jis idealiai tinka naudoti ir po Botox proced\u016br\u0173.<\/p>\n<p data-start=\"2460\" data-end=\"2476\"><strong data-start=\"2460\" data-end=\"2476\">T\u016bris: 30 ml<\/strong><\/p>\n<\/div>\n","protected":false},"excerpt":{"rendered":"<p data-start=\"2670\" data-end=\"2691\">Atjauninantis serumas<\/p>\n<h2 data-start=\"2693\" data-end=\"2738\">IMAGE Skincare &#8211; the MAX\u2122 Serum Savyb\u0117s<\/h2>\n<p data-start=\"2739\" data-end=\"2943\">\u2714\ufe0f Suteikia lygesn\u0119 ir stangresn\u0119 i\u0161vaizd\u0105<br data-start=\"2781\" data-end=\"2784\" \/>\u2714\ufe0f \u0160velnina mimikos linij\u0173 matomum\u0105<br data-start=\"2819\" data-end=\"2822\" \/>\u2714\ufe0f Atgaivina pavargusi\u0105, papilk\u0117jusi\u0105 od\u0105<br data-start=\"2863\" data-end=\"2866\" \/>\u2714\ufe0f Sustiprina stangrumo poj\u016bt\u012f<br data-start=\"2896\" data-end=\"2899\" \/>\u2714\ufe0f Suteikia tolygesn\u012f ir pri\u017ei\u016br\u0117t\u0105 \u012fsp\u016bd\u012f<\/p>\n","protected":false},"featured_media":62263,"template":"","meta":[],"pwb-brand":[1135],"product_brand":[],"product_cat":[750,724],"product_tag":[],"giftcard-category":[],"class_list":{"0":"post-60063","1":"product","2":"type-product","3":"status-publish","4":"has-post-thumbnail","6":"pwb-brand-image-skincare","7":"product_cat-senstanti-oda","8":"product_cat-serumai","10":"first","11":"instock","12":"taxable","13":"shipping-taxable","14":"purchasable","15":"product-type-simple"},"acf":[],"brands":[{"id":1135,"name":"Image Skincare","slug":"image-skincare"}],"_links":{"self":[{"href":"https:\/\/skinstudio.ee\/lt\/wp-json\/wp\/v2\/product\/60063","targetHints":{"allow":["GET"]}}],"collection":[{"href":"https:\/\/skinstudio.ee\/lt\/wp-json\/wp\/v2\/product"}],"about":[{"href":"https:\/\/skinstudio.ee\/lt\/wp-json\/wp\/v2\/types\/product"}],"version-history":[{"count":0,"href":"https:\/\/skinstudio.ee\/lt\/wp-json\/wp\/v2\/product\/60063\/revisions"}],"wp:featuredmedia":[{"embeddable":true,"href":"https:\/\/skinstudio.ee\/lt\/wp-json\/wp\/v2\/media\/62263"}],"wp:attachment":[{"href":"https:\/\/skinstudio.ee\/lt\/wp-json\/wp\/v2\/media?parent=60063"}],"wp:term":[{"taxonomy":"pwb-brand","embeddable":true,"href":"https:\/\/skinstudio.ee\/lt\/wp-json\/wp\/v2\/pwb-brand?post=60063"},{"taxonomy":"product_brand","embeddable":true,"href":"https:\/\/skinstudio.ee\/lt\/wp-json\/wp\/v2\/product_brand?post=60063"},{"taxonomy":"product_cat","embeddable":true,"href":"https:\/\/skinstudio.ee\/lt\/wp-json\/wp\/v2\/product_cat?post=60063"},{"taxonomy":"product_tag","embeddable":true,"href":"https:\/\/skinstudio.ee\/lt\/wp-json\/wp\/v2\/product_tag?post=60063"},{"taxonomy":"giftcard-category","embeddable":true,"href":"https:\/\/skinstudio.ee\/lt\/wp-json\/wp\/v2\/giftcard-category?post=60063"}],"curies":[{"name":"wp","href":"https:\/\/api.w.org\/{rel}","templated":true}]}}