{"id":60073,"date":"2024-05-28T10:02:13","date_gmt":"2024-05-28T10:02:13","guid":{"rendered":"https:\/\/skinstudio.ee\/?post_type=product&#038;p=60073"},"modified":"2025-12-29T09:56:58","modified_gmt":"2025-12-29T09:56:58","slug":"the-max-creme","status":"publish","type":"product","link":"https:\/\/skinstudio.ee\/lt\/catalog\/image-skincare\/the-max-creme\/","title":{"rendered":"the MAX\u2122 Cr\u00e8me"},"content":{"rendered":"<p data-start=\"1557\" data-end=\"1954\">the MAX\u2122 Cr\u00e8me \u2013 sodrus, atkuriantis ir stangrinantis naktinis kremas, sukurtas pavargusiai, senstan\u010diai ir papildomos prie\u017ei\u016bros reikalaujan\u010diai odai. Pa\u017eangi formul\u0117 su trimis peptid\u0173 tipais, \u0161velniu \u201eBotox-like\u201c poveikiu, keturiomis augalini\u0173 kamienini\u0173 l\u0105steli\u0173 formomis, galingais antioksidantais ir atkuriamaisiais augal\u0173 ekstraktais padeda odai atrodyti lygesnei, tvirtesnei ir gaivesnei.<\/p>\n<p data-start=\"1956\" data-end=\"2348\">Kremas giliai maitina, palaiko ekstral\u0105stelinio matrikso b\u016bkl\u0119 ir padeda pagerinti odos tekst\u016br\u0105, suma\u017einant pilkumo ir sausumo \u012fsp\u016bd\u012f. Roksisomos ir fotosomos sustiprina matom\u0105 atkuriam\u0105j\u012f efekt\u0105, o raminantys fitokomponentai suteikia papildomo komforto. Vectorize Technology\u2122 u\u017etikrina laipsni\u0161k\u0105 veikli\u0173j\u0173 med\u017eiag\u0173 i\u0161siskyrim\u0105 iki 48 valand\u0173, suteikdama odai ilgalaik\u0119 naktin\u0119 prie\u017ei\u016br\u0105.<\/p>\n<p data-start=\"2350\" data-end=\"2495\">Reguliariai naudojant oda tampa \u0161velnesn\u0117, labiau dr\u0117kinama ir vizualiai elastingesn\u0117, o bendras tonas ir tekst\u016bra atrodo lygesni ir atsinaujin\u0119.<\/p>\n<p data-start=\"2497\" data-end=\"2512\"><strong data-start=\"2497\" data-end=\"2512\">T\u016bris: 48 g<\/strong><\/p>\n","protected":false},"excerpt":{"rendered":"<p data-start=\"2619\" data-end=\"2648\">Atjauninantis naktinis kremas<\/p>\n<h2 data-start=\"2650\" data-end=\"2695\">IMAGE Skincare &#8211; the MAX\u2122 Cr\u00e8me Savyb\u0117s<\/h2>\n<p data-start=\"2696\" data-end=\"2899\">\u2714\ufe0f Suteikia lygesn\u0119, glotnesn\u0119 i\u0161vaizd\u0105<br data-start=\"2735\" data-end=\"2738\" \/>\u2714\ufe0f Sustiprina odos stangrumo poj\u016bt\u012f<br data-start=\"2773\" data-end=\"2776\" \/>\u2714\ufe0f Sumink\u0161tina smulki\u0173 rauk\u0161li\u0173 matomum\u0105<br data-start=\"2816\" data-end=\"2819\" \/>\u2714\ufe0f Maitina ir gr\u0105\u017eina komforto poj\u016bt\u012f<br data-start=\"2856\" data-end=\"2859\" \/>\u2714\ufe0f Suteikia gaivesn\u0119, lygesn\u0119 i\u0161vaizd\u0105<\/p>\n","protected":false},"featured_media":62278,"template":"","meta":[],"pwb-brand":[1135],"product_brand":[],"product_cat":[738,750],"product_tag":[],"giftcard-category":[],"class_list":{"0":"post-60073","1":"product","2":"type-product","3":"status-publish","4":"has-post-thumbnail","6":"pwb-brand-image-skincare","7":"product_cat-drekinimas","8":"product_cat-odos-senejimas","10":"first","11":"instock","12":"sale","13":"taxable","14":"shipping-taxable","15":"purchasable","16":"product-type-simple"},"acf":[],"brands":[{"id":1135,"name":"Image Skincare","slug":"image-skincare"}],"_links":{"self":[{"href":"https:\/\/skinstudio.ee\/lt\/wp-json\/wp\/v2\/product\/60073","targetHints":{"allow":["GET"]}}],"collection":[{"href":"https:\/\/skinstudio.ee\/lt\/wp-json\/wp\/v2\/product"}],"about":[{"href":"https:\/\/skinstudio.ee\/lt\/wp-json\/wp\/v2\/types\/product"}],"version-history":[{"count":0,"href":"https:\/\/skinstudio.ee\/lt\/wp-json\/wp\/v2\/product\/60073\/revisions"}],"wp:featuredmedia":[{"embeddable":true,"href":"https:\/\/skinstudio.ee\/lt\/wp-json\/wp\/v2\/media\/62278"}],"wp:attachment":[{"href":"https:\/\/skinstudio.ee\/lt\/wp-json\/wp\/v2\/media?parent=60073"}],"wp:term":[{"taxonomy":"pwb-brand","embeddable":true,"href":"https:\/\/skinstudio.ee\/lt\/wp-json\/wp\/v2\/pwb-brand?post=60073"},{"taxonomy":"product_brand","embeddable":true,"href":"https:\/\/skinstudio.ee\/lt\/wp-json\/wp\/v2\/product_brand?post=60073"},{"taxonomy":"product_cat","embeddable":true,"href":"https:\/\/skinstudio.ee\/lt\/wp-json\/wp\/v2\/product_cat?post=60073"},{"taxonomy":"product_tag","embeddable":true,"href":"https:\/\/skinstudio.ee\/lt\/wp-json\/wp\/v2\/product_tag?post=60073"},{"taxonomy":"giftcard-category","embeddable":true,"href":"https:\/\/skinstudio.ee\/lt\/wp-json\/wp\/v2\/giftcard-category?post=60073"}],"curies":[{"name":"wp","href":"https:\/\/api.w.org\/{rel}","templated":true}]}}