{"id":60084,"date":"2024-05-28T10:11:11","date_gmt":"2024-05-28T10:11:11","guid":{"rendered":"https:\/\/skinstudio.ee\/?post_type=product&#038;p=60084"},"modified":"2025-12-29T09:56:58","modified_gmt":"2025-12-29T09:56:58","slug":"the-max-eye-creme","status":"publish","type":"product","link":"https:\/\/skinstudio.ee\/lt\/catalog\/image-skincare\/the-max-eye-creme\/","title":{"rendered":"the MAX\u2122 Eye Cr\u00e8me"},"content":{"rendered":"<p data-start=\"1429\" data-end=\"1758\">the MAX\u2122 Eye Cr\u00e8me \u2013 intensyviai atkuriantis paaki\u0173 kremas, sukurtas siekiant ma\u017einti sen\u0117jimo po\u017eymius jautrioje paaki\u0173 zonoje. Pa\u017eangi formul\u0117 su didele augalini\u0173 kamienini\u0173 l\u0105steli\u0173 augimo faktori\u0173 koncentracija ir multipeptidiniu kompleksu, turin\u010diu \u0161veln\u0173 \u201eBotox-like\u201c poveik\u012f, padeda palaikyti odos stangrum\u0105 ir glotnum\u0105.<\/p>\n<p data-start=\"1760\" data-end=\"1986\">Kremas giliai dr\u0117kina, padeda suma\u017einti smulki\u0173 linij\u0173 ir \u201c\u017e\u0105s\u0173 kojeli\u0173\u201d matomum\u0105, gaivina pavargusios odos \u012fsp\u016bd\u012f. Antioksidantais praturtinti augal\u0173 ekstraktai ma\u017eina odos pilkum\u0105 ir suteikia \u0161varesn\u0119, pri\u017ei\u016br\u0117t\u0105 i\u0161vaizd\u0105.<\/p>\n<p data-start=\"1988\" data-end=\"2131\">Vectorize Technology\u2122 u\u017etikrina laipsni\u0161k\u0105 veikli\u0173j\u0173 med\u017eiag\u0173 i\u0161siskyrim\u0105 iki 48 valand\u0173, suteikdama ilgalaik\u0119 pagalb\u0105 ir komfort\u0105 paaki\u0173 odai.<\/p>\n<p data-start=\"2133\" data-end=\"2149\"><strong data-start=\"2133\" data-end=\"2149\">T\u016bris: 15 ml<\/strong><\/p>\n","protected":false},"excerpt":{"rendered":"<p data-start=\"2293\" data-end=\"2320\">Atjauninantis paaki\u0173 kremas<\/p>\n<h2 data-start=\"2322\" data-end=\"2371\">IMAGE Skincare &#8211; the MAX\u2122 Eye Cr\u00e8me Savyb\u0117s<\/h2>\n<p data-start=\"2372\" data-end=\"2574\">\u2714\ufe0f Atgaivina paaki\u0173 srities i\u0161vaizd\u0105<br data-start=\"2408\" data-end=\"2411\" \/>\u2714\ufe0f \u0160velnina \u201c\u017e\u0105s\u0173 kojeli\u0173\u201d matomum\u0105<br data-start=\"2446\" data-end=\"2449\" \/>\u2714\ufe0f Palaiko stangresn\u012f ir elastingesn\u012f poj\u016bt\u012f<br data-start=\"2493\" data-end=\"2496\" \/>\u2714\ufe0f Ma\u017eina pilkum\u0105 ir nuovargio po\u017eymius<br data-start=\"2535\" data-end=\"2538\" \/>\u2714\ufe0f Glotnina ir tolygina paaki\u0173 od\u0105<\/p>\n","protected":false},"featured_media":62273,"template":"","meta":[],"pwb-brand":[1135],"product_brand":[],"product_cat":[734,750],"product_tag":[],"giftcard-category":[],"class_list":{"0":"post-60084","1":"product","2":"type-product","3":"status-publish","4":"has-post-thumbnail","6":"pwb-brand-image-skincare","7":"product_cat-oda-aplink-akis","8":"product_cat-odos-senejimas","10":"first","11":"instock","12":"sale","13":"taxable","14":"shipping-taxable","15":"purchasable","16":"product-type-simple"},"acf":[],"brands":[{"id":1135,"name":"Image Skincare","slug":"image-skincare"}],"_links":{"self":[{"href":"https:\/\/skinstudio.ee\/lt\/wp-json\/wp\/v2\/product\/60084","targetHints":{"allow":["GET"]}}],"collection":[{"href":"https:\/\/skinstudio.ee\/lt\/wp-json\/wp\/v2\/product"}],"about":[{"href":"https:\/\/skinstudio.ee\/lt\/wp-json\/wp\/v2\/types\/product"}],"version-history":[{"count":0,"href":"https:\/\/skinstudio.ee\/lt\/wp-json\/wp\/v2\/product\/60084\/revisions"}],"wp:featuredmedia":[{"embeddable":true,"href":"https:\/\/skinstudio.ee\/lt\/wp-json\/wp\/v2\/media\/62273"}],"wp:attachment":[{"href":"https:\/\/skinstudio.ee\/lt\/wp-json\/wp\/v2\/media?parent=60084"}],"wp:term":[{"taxonomy":"pwb-brand","embeddable":true,"href":"https:\/\/skinstudio.ee\/lt\/wp-json\/wp\/v2\/pwb-brand?post=60084"},{"taxonomy":"product_brand","embeddable":true,"href":"https:\/\/skinstudio.ee\/lt\/wp-json\/wp\/v2\/product_brand?post=60084"},{"taxonomy":"product_cat","embeddable":true,"href":"https:\/\/skinstudio.ee\/lt\/wp-json\/wp\/v2\/product_cat?post=60084"},{"taxonomy":"product_tag","embeddable":true,"href":"https:\/\/skinstudio.ee\/lt\/wp-json\/wp\/v2\/product_tag?post=60084"},{"taxonomy":"giftcard-category","embeddable":true,"href":"https:\/\/skinstudio.ee\/lt\/wp-json\/wp\/v2\/giftcard-category?post=60084"}],"curies":[{"name":"wp","href":"https:\/\/api.w.org\/{rel}","templated":true}]}}