{"id":60103,"date":"2024-05-28T10:24:18","date_gmt":"2024-05-28T10:24:18","guid":{"rendered":"https:\/\/skinstudio.ee\/?post_type=product&#038;p=60103"},"modified":"2025-12-29T09:56:53","modified_gmt":"2025-12-29T09:56:53","slug":"age-defying-trial-kit","status":"publish","type":"product","link":"https:\/\/skinstudio.ee\/lt\/catalog\/image-skincare\/age-defying-trial-kit\/","title":{"rendered":"Age-Defying Trial Kit"},"content":{"rendered":"<p data-start=\"1865\" data-end=\"2196\">Age-Defying Trial Kit \u2013 keturi\u0173 mini dyd\u017ei\u0173 produkt\u0173 rinkinys, sukurtas brand\u017eiai odai su sen\u0117jimo po\u017eymiais, stangrumo suma\u017e\u0117jimu, papilk\u0117jusia spalva ir netolygiu pavir\u0161iumi. Rinkin\u012f sudaro populiarios the MAX ir AGELESS linij\u0173 formul\u0117s, veikian\u010dios sinergi\u0161kai, kad pagerint\u0173 odos glotnum\u0105 ir sustiprint\u0173 jos stangrumo poj\u016bt\u012f.<\/p>\n<p data-start=\"2198\" data-end=\"2560\">Aktyvios formul\u0117s su naujos kartos peptidais, augal\u0173 kamienini\u0173 l\u0105steli\u0173 ekstraktais, glikolio r\u016bg\u0161timi ir atkuriamaisiais kompleksais padeda pagerinti odos ton\u0105, sumink\u0161tinti pavir\u0161i\u0173 ir suteikti pri\u017ei\u016br\u0117t\u0105 i\u0161vaizd\u0105. D\u0117l patogi\u0173 mini dyd\u017ei\u0173 rinkinys puikiai tinka kelion\u0117ms, sporto krep\u0161iui arba pirmam susipa\u017einimui su IMAGE Skincare profesionalia prie\u017ei\u016bra.<\/p>\n<p data-start=\"2562\" data-end=\"2667\">Reguliariai naudojant oda tampa tolygesn\u0117, labiau sudr\u0117kinta ir atrodo atgaivinta jau po keli\u0173 naudojim\u0173.<\/p>\n","protected":false},"excerpt":{"rendered":"<p data-start=\"1356\" data-end=\"1385\">Sen\u0117jim\u0105 stabdantis mini rinkinys<\/p>\n<h2 data-start=\"3309\" data-end=\"3344\">Age-Defying Trial Kit sudaro:<\/h2>\n<p data-start=\"3345\" data-end=\"3488\">\u2714\ufe0f THE MAX Facial Cleanser 7.4 ml<br data-start=\"3378\" data-end=\"3381\" \/>\u2714\ufe0f AGELESS Total Anti-Aging Serum 7.4 ml<br data-start=\"3421\" data-end=\"3424\" \/>\u2714\ufe0f AGELESS Total Resurfacing Masque 7 g<br data-start=\"3463\" data-end=\"3466\" \/>\u2714\ufe0f THE MAX Cr\u00e8me 7 g<\/p>\n","protected":false},"featured_media":62258,"template":"","meta":[],"pwb-brand":[1135],"product_brand":[],"product_cat":[754],"product_tag":[],"giftcard-category":[],"class_list":{"0":"post-60103","1":"product","2":"type-product","3":"status-publish","4":"has-post-thumbnail","6":"pwb-brand-image-skincare","7":"product_cat-travel-size","9":"first","10":"instock","11":"sale","12":"taxable","13":"shipping-taxable","14":"purchasable","15":"product-type-simple"},"acf":[],"brands":[{"id":1135,"name":"Image Skincare","slug":"image-skincare"}],"_links":{"self":[{"href":"https:\/\/skinstudio.ee\/lt\/wp-json\/wp\/v2\/product\/60103","targetHints":{"allow":["GET"]}}],"collection":[{"href":"https:\/\/skinstudio.ee\/lt\/wp-json\/wp\/v2\/product"}],"about":[{"href":"https:\/\/skinstudio.ee\/lt\/wp-json\/wp\/v2\/types\/product"}],"version-history":[{"count":0,"href":"https:\/\/skinstudio.ee\/lt\/wp-json\/wp\/v2\/product\/60103\/revisions"}],"wp:featuredmedia":[{"embeddable":true,"href":"https:\/\/skinstudio.ee\/lt\/wp-json\/wp\/v2\/media\/62258"}],"wp:attachment":[{"href":"https:\/\/skinstudio.ee\/lt\/wp-json\/wp\/v2\/media?parent=60103"}],"wp:term":[{"taxonomy":"pwb-brand","embeddable":true,"href":"https:\/\/skinstudio.ee\/lt\/wp-json\/wp\/v2\/pwb-brand?post=60103"},{"taxonomy":"product_brand","embeddable":true,"href":"https:\/\/skinstudio.ee\/lt\/wp-json\/wp\/v2\/product_brand?post=60103"},{"taxonomy":"product_cat","embeddable":true,"href":"https:\/\/skinstudio.ee\/lt\/wp-json\/wp\/v2\/product_cat?post=60103"},{"taxonomy":"product_tag","embeddable":true,"href":"https:\/\/skinstudio.ee\/lt\/wp-json\/wp\/v2\/product_tag?post=60103"},{"taxonomy":"giftcard-category","embeddable":true,"href":"https:\/\/skinstudio.ee\/lt\/wp-json\/wp\/v2\/giftcard-category?post=60103"}],"curies":[{"name":"wp","href":"https:\/\/api.w.org\/{rel}","templated":true}]}}