{"id":60114,"date":"2024-05-28T10:45:15","date_gmt":"2024-05-28T10:45:15","guid":{"rendered":"https:\/\/skinstudio.ee\/?post_type=product&#038;p=60114"},"modified":"2025-12-29T09:56:53","modified_gmt":"2025-12-29T09:56:53","slug":"ageless-total-resurfacing-masque","status":"publish","type":"product","link":"https:\/\/skinstudio.ee\/lt\/catalog\/image-skincare\/ageless-total-resurfacing-masque\/","title":{"rendered":"AGELESS Total Resurfacing Masque"},"content":{"rendered":"<p data-start=\"1451\" data-end=\"1814\">AGELESS Total Resurfacing Masque \u2013 intensyviai atnaujinanti AHA r\u016bg\u0161\u010di\u0173 kauk\u0117, skirta giluminiam \u0161veitimui, odos tekst\u016bros glotinimui ir gaivesn\u0117s, \u0161vytin\u010dios bei lygesn\u0117s i\u0161vaizdos atk\u016brimui. Mikroeksfoliuojanti formul\u0117 sujungia chemin\u012f ir mechanin\u012f \u0161veitim\u0105, pad\u0117dama sumink\u0161tinti nelygumus, suma\u017einti pilkum\u0105 ir suteikti tolygesn\u0119 od\u0105 jau po keli\u0173 naudojim\u0173.<\/p>\n<p data-start=\"1816\" data-end=\"2124\">Kauk\u0117 efektyviai pa\u0161alina negyvas odos l\u0105steles, i\u0161valo poras ir pagerina ton\u0105, palikdama poj\u016bt\u012f lyg po profesionalios proced\u016bros. Tinka pavargusiai, nelygiai, papilk\u0117jusiai ir probleminei odai. Lengva tekst\u016bra leid\u017eia atlikti \u0161veln\u0173 masa\u017e\u0105, kad sustiprint\u0173 glotninant\u012f efekt\u0105 ir pasiekt\u0173 maksimal\u0173 \u0161velnum\u0105.<\/p>\n<p data-start=\"2126\" data-end=\"2141\"><strong data-start=\"2126\" data-end=\"2141\">T\u016bris: 57 g<\/strong><\/p>\n","protected":false},"excerpt":{"rendered":"<p data-start=\"2355\" data-end=\"2372\">\u0160vei\u010diamoji kauk\u0117<\/p>\n<h2 data-start=\"2374\" data-end=\"2437\">IMAGE Skincare &#8211; AGELESS Total Resurfacing Masque Savyb\u0117s<\/h2>\n<p data-start=\"2438\" data-end=\"2633\">\u2714\ufe0f Pagerina odos glotnum\u0105 ir \u0161velnum\u0105<br data-start=\"2475\" data-end=\"2478\" \/>\u2714\ufe0f Skatina tolygesn\u012f ton\u0105<br data-start=\"2503\" data-end=\"2506\" \/>\u2714\ufe0f Padeda i\u0161valyti ir atgaivinti poras<br data-start=\"2544\" data-end=\"2547\" \/>\u2714\ufe0f Suteikia pri\u017ei\u016br\u0117t\u0105, lygesn\u012f pavir\u0161i\u0173<br data-start=\"2587\" data-end=\"2590\" \/>\u2714\ufe0f Atkuria gaivesn\u0119 ir \u0161viesesn\u0119 i\u0161vaizd\u0105<\/p>\n","protected":false},"featured_media":62616,"template":"","meta":[],"pwb-brand":[1135],"product_brand":[],"product_cat":[744,726,752,750,720,748],"product_tag":[],"giftcard-category":[],"class_list":{"0":"post-60114","1":"product","2":"type-product","3":"status-publish","4":"has-post-thumbnail","6":"pwb-brand-image-skincare","7":"product_cat-issipletusios-poros","8":"product_cat-maskas-lt","9":"product_cat-pigmentacija-lt","10":"product_cat-senstanti-oda","11":"product_cat-sveitikliai-ir-pilingai","12":"product_cat-taukainai-adai-lt","14":"first","15":"instock","16":"taxable","17":"shipping-taxable","18":"purchasable","19":"product-type-simple"},"acf":[],"brands":[{"id":1135,"name":"Image Skincare","slug":"image-skincare"}],"_links":{"self":[{"href":"https:\/\/skinstudio.ee\/lt\/wp-json\/wp\/v2\/product\/60114","targetHints":{"allow":["GET"]}}],"collection":[{"href":"https:\/\/skinstudio.ee\/lt\/wp-json\/wp\/v2\/product"}],"about":[{"href":"https:\/\/skinstudio.ee\/lt\/wp-json\/wp\/v2\/types\/product"}],"version-history":[{"count":0,"href":"https:\/\/skinstudio.ee\/lt\/wp-json\/wp\/v2\/product\/60114\/revisions"}],"wp:featuredmedia":[{"embeddable":true,"href":"https:\/\/skinstudio.ee\/lt\/wp-json\/wp\/v2\/media\/62616"}],"wp:attachment":[{"href":"https:\/\/skinstudio.ee\/lt\/wp-json\/wp\/v2\/media?parent=60114"}],"wp:term":[{"taxonomy":"pwb-brand","embeddable":true,"href":"https:\/\/skinstudio.ee\/lt\/wp-json\/wp\/v2\/pwb-brand?post=60114"},{"taxonomy":"product_brand","embeddable":true,"href":"https:\/\/skinstudio.ee\/lt\/wp-json\/wp\/v2\/product_brand?post=60114"},{"taxonomy":"product_cat","embeddable":true,"href":"https:\/\/skinstudio.ee\/lt\/wp-json\/wp\/v2\/product_cat?post=60114"},{"taxonomy":"product_tag","embeddable":true,"href":"https:\/\/skinstudio.ee\/lt\/wp-json\/wp\/v2\/product_tag?post=60114"},{"taxonomy":"giftcard-category","embeddable":true,"href":"https:\/\/skinstudio.ee\/lt\/wp-json\/wp\/v2\/giftcard-category?post=60114"}],"curies":[{"name":"wp","href":"https:\/\/api.w.org\/{rel}","templated":true}]}}