{"id":60124,"date":"2024-05-28T10:59:11","date_gmt":"2024-05-28T10:59:11","guid":{"rendered":"https:\/\/skinstudio.ee\/?post_type=product&#038;p=60124"},"modified":"2025-12-29T09:56:53","modified_gmt":"2025-12-29T09:56:53","slug":"ageless-total-pure-hyaluronic-filler","status":"publish","type":"product","link":"https:\/\/skinstudio.ee\/lt\/catalog\/image-skincare\/ageless-total-pure-hyaluronic-filler\/","title":{"rendered":"AGELESS Total Pure Hyaluronic Filler"},"content":{"rendered":"<p data-start=\"1799\" data-end=\"2207\">AGELESS Total Pure Hyaluronic Filler \u2013 naujos kartos koncentratas su hialurono r\u016bg\u0161timi, skirtas giliai dr\u0117kinti od\u0105 ir atkurti glotnum\u0105 bei tamprum\u0105. Formul\u0117je yra \u0161e\u0161ios \u017eemos ir didel\u0117s molekulin\u0117s mas\u0117s hialurono r\u016bg\u0161ties formos, veikian\u010dios skirtinguose odos sluoksniuose, tod\u0117l u\u017etikrinamas greitas, pastovus ir ilgalaikis dr\u0117kinimas. Apelsin\u0173 ir abrikos\u0173 aliejai suteikia odai \u0161velnumo bei komforto.<\/p>\n<p data-start=\"2209\" data-end=\"2512\">Serumas padeda atkurti dr\u0117gm\u0117s balans\u0105, ma\u017eina sausum\u0105 ir tempimo poj\u016bt\u012f, suteikia odai gaivesn\u0119 ir pri\u017ei\u016br\u0117t\u0105 i\u0161vaizd\u0105. Reguliariai naudojant oda tampa glotnesn\u0117, elastingesn\u0117 ir \u0161vytinti. Tinka sausai, jautriai, raustan\u010diai odai, taip pat riebiai ir mi\u0161riai odai, kuriai reikia dr\u0117kinimo be sunkumo.<\/p>\n<p data-start=\"2514\" data-end=\"2698\">Serumas lengvai integruojamas \u012f bet kuri\u0105 kasdien\u0119 rutin\u0105 &#8211; j\u012f galima naudoti vien\u0105, prie\u0161 krem\u0105 arba sumai\u0161yti su bet kuriuo IMAGE Skincare produktu, kad b\u016bt\u0173 sustiprintas dr\u0117kinimas.<\/p>\n<p data-start=\"2700\" data-end=\"2716\"><strong data-start=\"2700\" data-end=\"2716\">T\u016bris: 30 ml<\/strong><\/p>\n","protected":false},"excerpt":{"rendered":"<p data-start=\"3039\" data-end=\"3069\">Dr\u0117kinamasis hialurono serumas<\/p>\n<h2 data-start=\"3071\" data-end=\"3138\">IMAGE Skincare &#8211; AGELESS Total Pure Hyaluronic Filler Savyb\u0117s<\/h2>\n<p data-start=\"3139\" data-end=\"3322\">\u2714\ufe0f Suteikia gil\u0173 ir ilgalaik\u012f dr\u0117kinim\u0105<br data-start=\"3178\" data-end=\"3181\" \/>\u2714\ufe0f Glotnina ir mink\u0161tina od\u0105<br data-start=\"3209\" data-end=\"3212\" \/>\u2714\ufe0f Ma\u017eina sausumo ir tempimo poj\u016bt\u012f<br data-start=\"3247\" data-end=\"3250\" \/>\u2714\ufe0f \u0160velnina smulki\u0173 linij\u0173 matomum\u0105<br data-start=\"3285\" data-end=\"3288\" \/>\u2714\ufe0f Gerina odos komfort\u0105 ir gaiv\u0105<\/p>\n","protected":false},"featured_media":62238,"template":"","meta":[],"pwb-brand":[1135],"product_brand":[],"product_cat":[738,746,740,724,748],"product_tag":[],"giftcard-category":[],"class_list":{"0":"post-60124","1":"product","2":"type-product","3":"status-publish","4":"has-post-thumbnail","6":"pwb-brand-image-skincare","7":"product_cat-drekinimas","8":"product_cat-jautriai-odai","9":"product_cat-sausai-odai","10":"product_cat-serumai","11":"product_cat-taukainai-adai-lt","13":"first","14":"instock","15":"taxable","16":"shipping-taxable","17":"purchasable","18":"product-type-simple"},"acf":[],"brands":[{"id":1135,"name":"Image Skincare","slug":"image-skincare"}],"_links":{"self":[{"href":"https:\/\/skinstudio.ee\/lt\/wp-json\/wp\/v2\/product\/60124","targetHints":{"allow":["GET"]}}],"collection":[{"href":"https:\/\/skinstudio.ee\/lt\/wp-json\/wp\/v2\/product"}],"about":[{"href":"https:\/\/skinstudio.ee\/lt\/wp-json\/wp\/v2\/types\/product"}],"version-history":[{"count":0,"href":"https:\/\/skinstudio.ee\/lt\/wp-json\/wp\/v2\/product\/60124\/revisions"}],"wp:featuredmedia":[{"embeddable":true,"href":"https:\/\/skinstudio.ee\/lt\/wp-json\/wp\/v2\/media\/62238"}],"wp:attachment":[{"href":"https:\/\/skinstudio.ee\/lt\/wp-json\/wp\/v2\/media?parent=60124"}],"wp:term":[{"taxonomy":"pwb-brand","embeddable":true,"href":"https:\/\/skinstudio.ee\/lt\/wp-json\/wp\/v2\/pwb-brand?post=60124"},{"taxonomy":"product_brand","embeddable":true,"href":"https:\/\/skinstudio.ee\/lt\/wp-json\/wp\/v2\/product_brand?post=60124"},{"taxonomy":"product_cat","embeddable":true,"href":"https:\/\/skinstudio.ee\/lt\/wp-json\/wp\/v2\/product_cat?post=60124"},{"taxonomy":"product_tag","embeddable":true,"href":"https:\/\/skinstudio.ee\/lt\/wp-json\/wp\/v2\/product_tag?post=60124"},{"taxonomy":"giftcard-category","embeddable":true,"href":"https:\/\/skinstudio.ee\/lt\/wp-json\/wp\/v2\/giftcard-category?post=60124"}],"curies":[{"name":"wp","href":"https:\/\/api.w.org\/{rel}","templated":true}]}}