{"id":60135,"date":"2024-05-28T11:17:44","date_gmt":"2024-05-28T11:17:44","guid":{"rendered":"https:\/\/skinstudio.ee\/?post_type=product&#038;p=60135"},"modified":"2025-12-29T09:56:53","modified_gmt":"2025-12-29T09:56:53","slug":"ageless-total-eye-lift-creme","status":"publish","type":"product","link":"https:\/\/skinstudio.ee\/lt\/catalog\/image-skincare\/ageless-total-eye-lift-creme\/","title":{"rendered":"AGELESS Total Eye Lift Cr\u00e8me"},"content":{"rendered":"<p data-start=\"1477\" data-end=\"1873\">AGELESS Total Eye Lift Cr\u00e8me \u2013 stangrinantis naktinis paaki\u0173 kremas, sukurtas rauk\u0161li\u0173 matomumui ma\u017einti, odos tamprumui palaikyti ir nuovargio po\u017eymiams lengvinti. Formul\u0117 su retinoliu, augalini\u0173 kamienini\u0173 l\u0105steli\u0173 ekstraktais bei raminan\u010diais komponentais \u2013 ramun\u0117l\u0117mis, \u017ealiosios arbatos ir e\u017eiuol\u0117s ekstraktais \u2013 padeda paaki\u0173 sri\u010diai atrodyti glotnesnei, \u0161viesesnei ir labiau pri\u017ei\u016br\u0117tai.<\/p>\n<p data-start=\"1875\" data-end=\"2177\">Retinolis skatina l\u0105steli\u0173 atsinaujinim\u0105, stiprina plon\u0105 paaki\u0173 od\u0105 ir ma\u017eina smulki\u0173 linij\u0173 matomum\u0105. Raminantys augal\u0173 ekstraktai ma\u017eina sausum\u0105 ir nuovargio poj\u016bt\u012f, o antioksidantai palaiko komfort\u0105 ir pri\u017ei\u016br\u0117t\u0105 i\u0161vaizd\u0105. Reguliariai naudojant paaki\u0173 sritis atrodo \u0161viesesn\u0117, lygesn\u0117 ir pails\u0117jusi.<\/p>\n<p data-start=\"2179\" data-end=\"2195\"><strong data-start=\"2179\" data-end=\"2195\">T\u016bris: 15 ml<\/strong><\/p>\n","protected":false},"excerpt":{"rendered":"<p data-start=\"2413\" data-end=\"2441\">Stangrinamasis paaki\u0173 kremas<\/p>\n<h2 data-start=\"2443\" data-end=\"2502\">IMAGE Skincare &#8211; AGELESS Total Eye Lift Cr\u00e8me Savyb\u0117s<\/h2>\n<p data-start=\"2503\" data-end=\"2713\">\u2714\ufe0f Suteikia \u0161vie\u017eesn\u0119 ir pails\u0117jusi\u0105 i\u0161vaizd\u0105<br data-start=\"2548\" data-end=\"2551\" \/>\u2714\ufe0f \u0160velnina smulki\u0173 linij\u0173 matomum\u0105<br data-start=\"2586\" data-end=\"2589\" \/>\u2714\ufe0f Padeda ma\u017einti nuovargio po\u017eymius<br data-start=\"2625\" data-end=\"2628\" \/>\u2714\ufe0f Glotnina ir gerina paaki\u0173 odos b\u016bkl\u0119<br data-start=\"2667\" data-end=\"2670\" \/>\u2714\ufe0f Palaiko stangresn\u012f ir tonizuot\u0105 poj\u016bt\u012f<\/p>\n","protected":false},"featured_media":62233,"template":"","meta":[],"pwb-brand":[1135],"product_brand":[],"product_cat":[734,750,728],"product_tag":[],"giftcard-category":[],"class_list":{"0":"post-60135","1":"product","2":"type-product","3":"status-publish","4":"has-post-thumbnail","6":"pwb-brand-image-skincare","7":"product_cat-oda-aplink-akis","8":"product_cat-senstanti-oda","9":"product_cat-vitaminas-a-retinolis","11":"first","12":"instock","13":"taxable","14":"shipping-taxable","15":"purchasable","16":"product-type-simple"},"acf":[],"brands":[{"id":1135,"name":"Image Skincare","slug":"image-skincare"}],"_links":{"self":[{"href":"https:\/\/skinstudio.ee\/lt\/wp-json\/wp\/v2\/product\/60135","targetHints":{"allow":["GET"]}}],"collection":[{"href":"https:\/\/skinstudio.ee\/lt\/wp-json\/wp\/v2\/product"}],"about":[{"href":"https:\/\/skinstudio.ee\/lt\/wp-json\/wp\/v2\/types\/product"}],"version-history":[{"count":0,"href":"https:\/\/skinstudio.ee\/lt\/wp-json\/wp\/v2\/product\/60135\/revisions"}],"wp:featuredmedia":[{"embeddable":true,"href":"https:\/\/skinstudio.ee\/lt\/wp-json\/wp\/v2\/media\/62233"}],"wp:attachment":[{"href":"https:\/\/skinstudio.ee\/lt\/wp-json\/wp\/v2\/media?parent=60135"}],"wp:term":[{"taxonomy":"pwb-brand","embeddable":true,"href":"https:\/\/skinstudio.ee\/lt\/wp-json\/wp\/v2\/pwb-brand?post=60135"},{"taxonomy":"product_brand","embeddable":true,"href":"https:\/\/skinstudio.ee\/lt\/wp-json\/wp\/v2\/product_brand?post=60135"},{"taxonomy":"product_cat","embeddable":true,"href":"https:\/\/skinstudio.ee\/lt\/wp-json\/wp\/v2\/product_cat?post=60135"},{"taxonomy":"product_tag","embeddable":true,"href":"https:\/\/skinstudio.ee\/lt\/wp-json\/wp\/v2\/product_tag?post=60135"},{"taxonomy":"giftcard-category","embeddable":true,"href":"https:\/\/skinstudio.ee\/lt\/wp-json\/wp\/v2\/giftcard-category?post=60135"}],"curies":[{"name":"wp","href":"https:\/\/api.w.org\/{rel}","templated":true}]}}