{"id":60147,"date":"2024-05-28T14:52:43","date_gmt":"2024-05-28T14:52:43","guid":{"rendered":"https:\/\/skinstudio.ee\/?post_type=product&#038;p=60147"},"modified":"2025-12-29T09:56:53","modified_gmt":"2025-12-29T09:56:53","slug":"ageless-total-anti-aging-serum","status":"publish","type":"product","link":"https:\/\/skinstudio.ee\/lt\/catalog\/image-skincare\/ageless-total-anti-aging-serum\/","title":{"rendered":"AGELESS Total Anti-aging Serum"},"content":{"rendered":"<p data-start=\"1433\" data-end=\"1772\">AGELESS Total Anti-Aging Serum \u2013 lengvos tekst\u016bros atjauninantis serumas, skirtas brand\u017eiai, pavargusiai ir papilk\u0117jusiai odai. Jis greitai \u012fsigeria, ma\u017eina sausum\u0105, gerina odos glotnum\u0105 ir suteikia \u0161viesesn\u0119, sveikesn\u0119 i\u0161vaizd\u0105. Formul\u0117 padeda apsaugoti od\u0105 nuo oksidacinio streso, palaiko tolygesn\u012f atspalv\u012f ir gerina odos gyvybingum\u0105.<\/p>\n<p data-start=\"1774\" data-end=\"1987\">Vaisi\u0173 r\u016bg\u0161tys, antioksidantai ir stiprinantys ingredientai padeda atkurti odos pavir\u0161i\u0173 ir suteikti gaivesn\u0119, pri\u017ei\u016br\u0117t\u0105 i\u0161vaizd\u0105. Reguliariai naudojant oda tampa komforti\u0161kesn\u0117, labiau sudr\u0117kinta ir glotnesn\u0117.<\/p>\n<p data-start=\"1989\" data-end=\"2121\">Vectorize Technology\u2122 u\u017etikrina laipsni\u0161k\u0105 veikli\u0173j\u0173 med\u017eiag\u0173 i\u0161siskyrim\u0105 iki 48 valand\u0173, ilgai palaikydama odos dr\u0117gm\u0119 ir \u0161velnum\u0105.<\/p>\n<p data-start=\"2123\" data-end=\"2139\"><strong data-start=\"2123\" data-end=\"2139\">T\u016bris: 50 ml<\/strong><\/p>\n","protected":false},"excerpt":{"rendered":"<p data-start=\"2378\" data-end=\"2399\">Atjauninantis serumas<\/p>\n<h2 data-start=\"2401\" data-end=\"2462\">IMAGE Skincare &#8211; AGELESS Total Anti-Aging Serum Savyb\u0117s<\/h2>\n<p data-start=\"2463\" data-end=\"2663\">\u2714\ufe0f Gerina odos glotnum\u0105 ir tolygum\u0105<br data-start=\"2498\" data-end=\"2501\" \/>\u2714\ufe0f Stiprina dr\u0117gm\u0117s poj\u016bt\u012f<br data-start=\"2527\" data-end=\"2530\" \/>\u2714\ufe0f Ma\u017eina papilk\u0117jim\u0105 ir nuovargio po\u017eymius<br data-start=\"2573\" data-end=\"2576\" \/>\u2714\ufe0f Gaivina ir atnaujina odos atspalv\u012f<br data-start=\"2613\" data-end=\"2616\" \/>\u2714\ufe0f Palieka od\u0105 \u0161velnesn\u0119 ir geriau pri\u017ei\u016br\u0117t\u0105<\/p>\n","protected":false},"featured_media":62228,"template":"","meta":[],"pwb-brand":[1135],"product_brand":[],"product_cat":[750,724],"product_tag":[],"giftcard-category":[],"class_list":{"0":"post-60147","1":"product","2":"type-product","3":"status-publish","4":"has-post-thumbnail","6":"pwb-brand-image-skincare","7":"product_cat-senstanti-oda","8":"product_cat-serumai","10":"first","11":"instock","12":"taxable","13":"shipping-taxable","14":"purchasable","15":"product-type-simple"},"acf":[],"brands":[{"id":1135,"name":"Image Skincare","slug":"image-skincare"}],"_links":{"self":[{"href":"https:\/\/skinstudio.ee\/lt\/wp-json\/wp\/v2\/product\/60147","targetHints":{"allow":["GET"]}}],"collection":[{"href":"https:\/\/skinstudio.ee\/lt\/wp-json\/wp\/v2\/product"}],"about":[{"href":"https:\/\/skinstudio.ee\/lt\/wp-json\/wp\/v2\/types\/product"}],"version-history":[{"count":0,"href":"https:\/\/skinstudio.ee\/lt\/wp-json\/wp\/v2\/product\/60147\/revisions"}],"wp:featuredmedia":[{"embeddable":true,"href":"https:\/\/skinstudio.ee\/lt\/wp-json\/wp\/v2\/media\/62228"}],"wp:attachment":[{"href":"https:\/\/skinstudio.ee\/lt\/wp-json\/wp\/v2\/media?parent=60147"}],"wp:term":[{"taxonomy":"pwb-brand","embeddable":true,"href":"https:\/\/skinstudio.ee\/lt\/wp-json\/wp\/v2\/pwb-brand?post=60147"},{"taxonomy":"product_brand","embeddable":true,"href":"https:\/\/skinstudio.ee\/lt\/wp-json\/wp\/v2\/product_brand?post=60147"},{"taxonomy":"product_cat","embeddable":true,"href":"https:\/\/skinstudio.ee\/lt\/wp-json\/wp\/v2\/product_cat?post=60147"},{"taxonomy":"product_tag","embeddable":true,"href":"https:\/\/skinstudio.ee\/lt\/wp-json\/wp\/v2\/product_tag?post=60147"},{"taxonomy":"giftcard-category","embeddable":true,"href":"https:\/\/skinstudio.ee\/lt\/wp-json\/wp\/v2\/giftcard-category?post=60147"}],"curies":[{"name":"wp","href":"https:\/\/api.w.org\/{rel}","templated":true}]}}