{"id":60180,"date":"2024-06-03T13:15:16","date_gmt":"2024-06-03T13:15:16","guid":{"rendered":"https:\/\/skinstudio.ee\/?post_type=product&#038;p=60180"},"modified":"2025-12-29T09:56:56","modified_gmt":"2025-12-29T09:56:56","slug":"image-md-restoring-youth-serum","status":"publish","type":"product","link":"https:\/\/skinstudio.ee\/lt\/catalog\/image-skincare\/image-md-restoring-youth-serum\/","title":{"rendered":"MD Restoring Youth Serum"},"content":{"rendered":"<div class=\"woocommerce-product-details__short-description\">\n<p data-start=\"1477\" data-end=\"1783\">IMAGE MD Restoring Youth Serum &#8211; itin veiksmingas kasdienis jauninamasis serumas, atkuriantis odos stangrum\u0105, skaist\u0105 spindes\u012f ir glotnesn\u0119 tekst\u016br\u0105. Lengva, \u0161velni konsistencija greitai \u012fsigeria, suteikia \u017evalumo pavargusiai, papilk\u0117jusiai ar brand\u017eiai odai ir padeda i\u0161gauti lygesn\u012f, stangresn\u012f vaizd\u0105.<\/p>\n<p data-start=\"1785\" data-end=\"2050\">Formul\u0117 su naujos kartos peptidais, augalini\u0173 kamienini\u0173 l\u0105steli\u0173 ekstraktais ir stabilizuotu vitaminu C palaiko kolageno gamyb\u0105, gerina elastingum\u0105 ir ma\u017eina rauk\u0161li\u0173 matomum\u0105. Reguliariai naudojant oda tampa tvirtesn\u0117, skaistesn\u0117 ir vizualiai labiau pri\u017ei\u016br\u0117ta.<\/p>\n<p data-start=\"2052\" data-end=\"2186\">IMAGE Skincare i\u0161skirtin\u0117 veikli\u0173j\u0173 med\u017eiag\u0173 pristatymo technologija u\u017etikrina j\u0173 efektyvesn\u012f pasiekim\u0105 gilesniuose odos sluoksniuose.<\/p>\n<p data-start=\"2188\" data-end=\"2204\"><strong data-start=\"2188\" data-end=\"2204\">T\u016bris: 30 ml<\/strong><\/p>\n<\/div>\n","protected":false},"excerpt":{"rendered":"<p data-start=\"2355\" data-end=\"2393\">Atjauninamasis ir atkuriamasis serumas<\/p>\n<h2 data-start=\"2395\" data-end=\"2456\">IMAGE Skincare &#8211; IMAGE MD Restoring Youth Serum Savyb\u0117s<\/h2>\n<p data-start=\"2457\" data-end=\"2687\">\u2714\ufe0f Suteikia odai glotnumo ir stangrumo<br data-start=\"2495\" data-end=\"2498\" \/>\u2714\ufe0f Ma\u017eina smulki\u0173 rauk\u0161li\u0173 bei sen\u0117jimo po\u017eymi\u0173 matomum\u0105<br data-start=\"2554\" data-end=\"2557\" \/>\u2714\ufe0f Gerina elastingumo ir tankumo poj\u016bt\u012f<br data-start=\"2596\" data-end=\"2599\" \/>\u2714\ufe0f \u0160viesina ir atgaivina bendr\u0105 odos ton\u0105<br data-start=\"2640\" data-end=\"2643\" \/>\u2714\ufe0f Peptid\u0173 kompleksas gerina odos tekst\u016br\u0105<\/p>\n","protected":false},"featured_media":62198,"template":"","meta":[],"pwb-brand":[1135],"product_brand":[],"product_cat":[750,724],"product_tag":[],"giftcard-category":[],"class_list":{"0":"post-60180","1":"product","2":"type-product","3":"status-publish","4":"has-post-thumbnail","6":"pwb-brand-image-skincare","7":"product_cat-senstanti-oda","8":"product_cat-serumai","10":"first","11":"instock","12":"taxable","13":"shipping-taxable","14":"purchasable","15":"product-type-simple"},"acf":[],"brands":[{"id":1135,"name":"Image Skincare","slug":"image-skincare"}],"_links":{"self":[{"href":"https:\/\/skinstudio.ee\/lt\/wp-json\/wp\/v2\/product\/60180","targetHints":{"allow":["GET"]}}],"collection":[{"href":"https:\/\/skinstudio.ee\/lt\/wp-json\/wp\/v2\/product"}],"about":[{"href":"https:\/\/skinstudio.ee\/lt\/wp-json\/wp\/v2\/types\/product"}],"version-history":[{"count":0,"href":"https:\/\/skinstudio.ee\/lt\/wp-json\/wp\/v2\/product\/60180\/revisions"}],"wp:featuredmedia":[{"embeddable":true,"href":"https:\/\/skinstudio.ee\/lt\/wp-json\/wp\/v2\/media\/62198"}],"wp:attachment":[{"href":"https:\/\/skinstudio.ee\/lt\/wp-json\/wp\/v2\/media?parent=60180"}],"wp:term":[{"taxonomy":"pwb-brand","embeddable":true,"href":"https:\/\/skinstudio.ee\/lt\/wp-json\/wp\/v2\/pwb-brand?post=60180"},{"taxonomy":"product_brand","embeddable":true,"href":"https:\/\/skinstudio.ee\/lt\/wp-json\/wp\/v2\/product_brand?post=60180"},{"taxonomy":"product_cat","embeddable":true,"href":"https:\/\/skinstudio.ee\/lt\/wp-json\/wp\/v2\/product_cat?post=60180"},{"taxonomy":"product_tag","embeddable":true,"href":"https:\/\/skinstudio.ee\/lt\/wp-json\/wp\/v2\/product_tag?post=60180"},{"taxonomy":"giftcard-category","embeddable":true,"href":"https:\/\/skinstudio.ee\/lt\/wp-json\/wp\/v2\/giftcard-category?post=60180"}],"curies":[{"name":"wp","href":"https:\/\/api.w.org\/{rel}","templated":true}]}}