{"id":60193,"date":"2024-06-03T13:29:16","date_gmt":"2024-06-03T13:29:16","guid":{"rendered":"https:\/\/skinstudio.ee\/?post_type=product&#038;p=60193"},"modified":"2025-12-29T09:56:57","modified_gmt":"2025-12-29T09:56:57","slug":"image-md-restoring-eye-masks","status":"publish","type":"product","link":"https:\/\/skinstudio.ee\/lt\/catalog\/image-skincare\/image-md-restoring-eye-masks\/","title":{"rendered":"MD\u00ae Restoring Eye Masks"},"content":{"rendered":"<p data-start=\"1597\" data-end=\"1835\">IMAGE MD\u00ae Restoring Eye Masks &#8211; intensyvios, raminan\u010dios ir dr\u0117kinan\u010dios hidrogelio aki\u0173 kauk\u0117s, sukurtos \u0161velniai odai aplink akis. Jos padeda suma\u017einti nuovargio po\u017eymius, palaiko odos tamprum\u0105 ir suteikia glotnesn\u0119, gaivesn\u0119 i\u0161vaizd\u0105.<\/p>\n<p data-start=\"1837\" data-end=\"2099\">Sud\u0117tyje esantis alavijas ir kofeinas atgaivina od\u0105 ir ma\u017eina paburkim\u0105, o antioksidantai ir peptidai stiprina odos barjer\u0105 bei \u0161velnina smulki\u0173 linij\u0173 matomum\u0105. Trigubas hialurono r\u016bg\u0161ties kompleksas giliai dr\u0117kina, palikdamas od\u0105 \u0161velni\u0105 ir gerai pri\u017ei\u016br\u0117t\u0105.<\/p>\n<p data-start=\"2101\" data-end=\"2320\">Kauk\u0117s tvirtai laikosi savo vietoje ir neslysta, tod\u0117l proced\u016bros metu galima t\u0119sti kasdienes veiklas. Puikiai tinka naudoti rytais, kad atgaivint\u0173 paaki\u0173 zon\u0105, arba prie\u0161 svarb\u0173 rengin\u012f greitam, atgaivinan\u010diam efektui.<\/p>\n<p data-start=\"2322\" data-end=\"2341\"><strong data-start=\"2322\" data-end=\"2341\">T\u016bris: 22 poros<\/strong><\/p>\n","protected":false},"excerpt":{"rendered":"<p data-start=\"2577\" data-end=\"2611\">Raminan\u010dios hidrogelio aki\u0173 kauk\u0117s<\/p>\n<h2 data-start=\"2613\" data-end=\"2672\">IMAGE Skincare &#8211; IMAGE MD\u00ae Restoring Eye Masks Savyb\u0117s<\/h2>\n<p data-start=\"2673\" data-end=\"2875\">\u2714\ufe0f Suteikia gaivumo ir ma\u017eina nuovargio po\u017eymius<br data-start=\"2721\" data-end=\"2724\" \/>\u2714\ufe0f Pagerina dr\u0117gm\u0117s lyg\u012f ir odos \u0161velnum\u0105<br data-start=\"2765\" data-end=\"2768\" \/>\u2714\ufe0f \u0160velnina smulki\u0173 rauk\u0161li\u0173 matomum\u0105<br data-start=\"2805\" data-end=\"2808\" \/>\u2714\ufe0f Ma\u017eina paburkim\u0105<br data-start=\"2827\" data-end=\"2830\" \/>\u2714\ufe0f Palieka od\u0105 lygesn\u0119 ir labiau pri\u017ei\u016br\u0117t\u0105<\/p>\n","protected":false},"featured_media":62193,"template":"","meta":[],"pwb-brand":[1135],"product_brand":[],"product_cat":[734],"product_tag":[],"giftcard-category":[],"class_list":{"0":"post-60193","1":"product","2":"type-product","3":"status-publish","4":"has-post-thumbnail","6":"pwb-brand-image-skincare","7":"product_cat-oda-aplink-akis","9":"first","10":"instock","11":"taxable","12":"shipping-taxable","13":"purchasable","14":"product-type-simple"},"acf":[],"brands":[{"id":1135,"name":"Image Skincare","slug":"image-skincare"}],"_links":{"self":[{"href":"https:\/\/skinstudio.ee\/lt\/wp-json\/wp\/v2\/product\/60193","targetHints":{"allow":["GET"]}}],"collection":[{"href":"https:\/\/skinstudio.ee\/lt\/wp-json\/wp\/v2\/product"}],"about":[{"href":"https:\/\/skinstudio.ee\/lt\/wp-json\/wp\/v2\/types\/product"}],"version-history":[{"count":0,"href":"https:\/\/skinstudio.ee\/lt\/wp-json\/wp\/v2\/product\/60193\/revisions"}],"wp:featuredmedia":[{"embeddable":true,"href":"https:\/\/skinstudio.ee\/lt\/wp-json\/wp\/v2\/media\/62193"}],"wp:attachment":[{"href":"https:\/\/skinstudio.ee\/lt\/wp-json\/wp\/v2\/media?parent=60193"}],"wp:term":[{"taxonomy":"pwb-brand","embeddable":true,"href":"https:\/\/skinstudio.ee\/lt\/wp-json\/wp\/v2\/pwb-brand?post=60193"},{"taxonomy":"product_brand","embeddable":true,"href":"https:\/\/skinstudio.ee\/lt\/wp-json\/wp\/v2\/product_brand?post=60193"},{"taxonomy":"product_cat","embeddable":true,"href":"https:\/\/skinstudio.ee\/lt\/wp-json\/wp\/v2\/product_cat?post=60193"},{"taxonomy":"product_tag","embeddable":true,"href":"https:\/\/skinstudio.ee\/lt\/wp-json\/wp\/v2\/product_tag?post=60193"},{"taxonomy":"giftcard-category","embeddable":true,"href":"https:\/\/skinstudio.ee\/lt\/wp-json\/wp\/v2\/giftcard-category?post=60193"}],"curies":[{"name":"wp","href":"https:\/\/api.w.org\/{rel}","templated":true}]}}