{"id":60205,"date":"2024-06-13T10:17:03","date_gmt":"2024-06-13T10:17:03","guid":{"rendered":"https:\/\/skinstudio.ee\/?post_type=product&#038;p=60205"},"modified":"2025-12-29T09:56:57","modified_gmt":"2025-12-29T09:56:57","slug":"image-md-restoring-eye-recovery-gel","status":"publish","type":"product","link":"https:\/\/skinstudio.ee\/lt\/catalog\/image-skincare\/image-md-restoring-eye-recovery-gel\/","title":{"rendered":"MD\u00ae Restoring Eye Recovery Gel"},"content":{"rendered":"<p data-start=\"1405\" data-end=\"1715\">IMAGE MD\u00ae Restoring Eye Recovery Gel \u2013 itin veiksmingas aki\u0173 srities kremas\u2013gelis su peptidais ir kolagenu, sukurtas ma\u017einti rauk\u0161li\u0173, paburkimo ir tamsi\u0173 ratil\u0173 matomum\u0105 bei intensyviai dr\u0117kinti jautri\u0105 paaki\u0173 od\u0105. Lengva tekst\u016bra greitai \u012fsigeria, palikdama od\u0105 lygesn\u0119, skaistesn\u0119 ir vizualiai pails\u0117jusi\u0105.<\/p>\n<p data-start=\"1717\" data-end=\"1975\">Formul\u0117je naudojamos dvi i\u0161skirtin\u0117s veikli\u0173j\u0173 med\u017eiag\u0173 pristatymo sistemos, specialiai sukurtos MD kolekcijai, tod\u0117l ingredientai efektyviau pasiekia gilesnius odos sluoksnius. Reguliariai naudojant paaki\u0173 sritis tampa stangresn\u0117, tonizuota ir atgaivinta.<\/p>\n<p data-start=\"1977\" data-end=\"2059\">Idealiai tinka sausai, papilk\u0117jusiai, elastingum\u0105 praradusiai ar pavargusiai odai.<\/p>\n<p data-start=\"2061\" data-end=\"2077\"><strong data-start=\"2061\" data-end=\"2077\">T\u016bris: 15 ml<\/strong><\/p>\n","protected":false},"excerpt":{"rendered":"<p data-start=\"2223\" data-end=\"2251\">Kolageno paaki\u0173 gelis-kremas<\/p>\n<h2 data-start=\"2253\" data-end=\"2319\">IMAGE Skincare &#8211; IMAGE MD\u00ae Restoring Eye Recovery Gel Savyb\u0117s<\/h2>\n<p data-start=\"2320\" data-end=\"2561\">\u2714\ufe0f Suteikia lygesn\u0119 ir stangresn\u0119 paaki\u0173 od\u0105<br data-start=\"2364\" data-end=\"2367\" \/>\u2714\ufe0f Ma\u017eina smulki\u0173 rauk\u0161li\u0173 ir linij\u0173 matomum\u0105<br data-start=\"2412\" data-end=\"2415\" \/>\u2714\ufe0f \u0160viesina ir atgaivina pavargusi\u0105 aki\u0173 srit\u012f<br data-start=\"2461\" data-end=\"2464\" \/>\u2714\ufe0f Padeda suma\u017einti paburkim\u0105 ir nuovargio po\u017eymius<br data-start=\"2515\" data-end=\"2518\" \/>\u2714\ufe0f Pagerina dr\u0117gm\u0117s lyg\u012f ir odos komfort\u0105<\/p>\n","protected":false},"featured_media":62188,"template":"","meta":[],"pwb-brand":[1135],"product_brand":[],"product_cat":[734],"product_tag":[],"giftcard-category":[],"class_list":{"0":"post-60205","1":"product","2":"type-product","3":"status-publish","4":"has-post-thumbnail","6":"pwb-brand-image-skincare","7":"product_cat-oda-aplink-akis","9":"first","10":"outofstock","11":"taxable","12":"shipping-taxable","13":"purchasable","14":"product-type-simple"},"acf":[],"brands":[{"id":1135,"name":"Image Skincare","slug":"image-skincare"}],"_links":{"self":[{"href":"https:\/\/skinstudio.ee\/lt\/wp-json\/wp\/v2\/product\/60205","targetHints":{"allow":["GET"]}}],"collection":[{"href":"https:\/\/skinstudio.ee\/lt\/wp-json\/wp\/v2\/product"}],"about":[{"href":"https:\/\/skinstudio.ee\/lt\/wp-json\/wp\/v2\/types\/product"}],"version-history":[{"count":0,"href":"https:\/\/skinstudio.ee\/lt\/wp-json\/wp\/v2\/product\/60205\/revisions"}],"wp:featuredmedia":[{"embeddable":true,"href":"https:\/\/skinstudio.ee\/lt\/wp-json\/wp\/v2\/media\/62188"}],"wp:attachment":[{"href":"https:\/\/skinstudio.ee\/lt\/wp-json\/wp\/v2\/media?parent=60205"}],"wp:term":[{"taxonomy":"pwb-brand","embeddable":true,"href":"https:\/\/skinstudio.ee\/lt\/wp-json\/wp\/v2\/pwb-brand?post=60205"},{"taxonomy":"product_brand","embeddable":true,"href":"https:\/\/skinstudio.ee\/lt\/wp-json\/wp\/v2\/product_brand?post=60205"},{"taxonomy":"product_cat","embeddable":true,"href":"https:\/\/skinstudio.ee\/lt\/wp-json\/wp\/v2\/product_cat?post=60205"},{"taxonomy":"product_tag","embeddable":true,"href":"https:\/\/skinstudio.ee\/lt\/wp-json\/wp\/v2\/product_tag?post=60205"},{"taxonomy":"giftcard-category","embeddable":true,"href":"https:\/\/skinstudio.ee\/lt\/wp-json\/wp\/v2\/giftcard-category?post=60205"}],"curies":[{"name":"wp","href":"https:\/\/api.w.org\/{rel}","templated":true}]}}