{"id":60216,"date":"2024-06-13T10:33:01","date_gmt":"2024-06-13T10:33:01","guid":{"rendered":"https:\/\/skinstudio.ee\/?post_type=product&#038;p=60216"},"modified":"2026-02-24T15:03:03","modified_gmt":"2026-02-24T15:03:03","slug":"image-md-restoring-power-c-serum","status":"publish","type":"product","link":"https:\/\/skinstudio.ee\/lt\/catalog\/image-skincare\/image-md-restoring-power-c-serum\/","title":{"rendered":"MD\u00ae Restoring Power-C Serum"},"content":{"rendered":"<p data-start=\"4429\" data-end=\"4720\">MD\u00ae Restoring Power-C Serum \u2013 pa\u017eangiausias C vitamino serumas IMAGE Skincare linijoje. Didel\u0117s koncentracijos formul\u0117 su stabilizuota 20% C vitamino forma (tetraheksildecilaskorbatu) ir hialurono r\u016bg\u0161ties kompleksu padeda stiprinti od\u0105, suteikti jai \u0161vyt\u0117jimo ir ilgalaik\u0117s dr\u0117gm\u0117s.<\/p>\n<p data-start=\"4722\" data-end=\"5003\">Ferulo r\u016bg\u0161tis ir acetilcingeronas veikia kaip galingi antioksidantai, sustiprindami C vitamino skaistinant\u012f ir atnaujinant\u012f poveik\u012f. Hialurono kompleksas padeda suma\u017einti dr\u0117gm\u0117s netekim\u0105 gilesniuose odos sluoksniuose, tod\u0117l oda tampa lygesn\u0117, elastingesn\u0117 ir geriau sudr\u0117kinta.<\/p>\n<p data-start=\"5005\" data-end=\"5139\">Idealiai tinka rytinei rutinai, kai odai reikia apsaugos, skaistumo ir tolygaus tono. Galima naudoti ir lokaliai problemin\u0117se vietose.<\/p>\n<p data-start=\"5141\" data-end=\"5157\"><strong data-start=\"5141\" data-end=\"5157\">T\u016bris: 15 ml \/ 30 ml<\/strong><\/p>\n","protected":false},"excerpt":{"rendered":"<p data-start=\"5443\" data-end=\"5475\">Atjauninantis C vitamino serumas<\/p>\n<h2 data-start=\"5477\" data-end=\"5541\"><strong>IMAGE Skincare &#8211; MD\u00ae Restoring Power-C Serum Savyb\u0117s<\/strong><\/h2>\n<p data-start=\"5542\" data-end=\"5751\">\u2714\ufe0f Gerina odos ton\u0105 ir suteikia \u0161vyt\u0117jimo<br data-start=\"5583\" data-end=\"5586\" \/>\u2714\ufe0f Atnaujina ir suteikia skaistumo<br data-start=\"5620\" data-end=\"5623\" \/>\u2714\ufe0f Skatina glotnum\u0105 ir dr\u0117kinim\u0105<br data-start=\"5655\" data-end=\"5658\" \/>\u2714\ufe0f Gerina bendr\u0105 komfort\u0105 ir stangrum\u0105<br data-start=\"5696\" data-end=\"5699\" \/>\u2714\ufe0f Suteikia odai pri\u017ei\u016br\u0117t\u0105 ir atgaivint\u0105 i\u0161vaizd\u0105<\/p>\n","protected":false},"featured_media":62182,"template":"","meta":[],"pwb-brand":[1135],"product_brand":[],"product_cat":[724,754,730],"product_tag":[],"giftcard-category":[],"class_list":{"0":"post-60216","1":"product","2":"type-product","3":"status-publish","4":"has-post-thumbnail","6":"pwb-brand-image-skincare","7":"product_cat-serumai","8":"product_cat-travel-size-lt","9":"product_cat-vitaminas-c","10":"pa_suurus-15ml-lt","11":"pa_suurus-30ml-lt","13":"first","14":"instock","15":"taxable","16":"shipping-taxable","17":"purchasable","18":"product-type-variable"},"acf":[],"brands":[{"id":1135,"name":"Image Skincare","slug":"image-skincare"}],"_links":{"self":[{"href":"https:\/\/skinstudio.ee\/lt\/wp-json\/wp\/v2\/product\/60216","targetHints":{"allow":["GET"]}}],"collection":[{"href":"https:\/\/skinstudio.ee\/lt\/wp-json\/wp\/v2\/product"}],"about":[{"href":"https:\/\/skinstudio.ee\/lt\/wp-json\/wp\/v2\/types\/product"}],"version-history":[{"count":2,"href":"https:\/\/skinstudio.ee\/lt\/wp-json\/wp\/v2\/product\/60216\/revisions"}],"predecessor-version":[{"id":83356,"href":"https:\/\/skinstudio.ee\/lt\/wp-json\/wp\/v2\/product\/60216\/revisions\/83356"}],"wp:featuredmedia":[{"embeddable":true,"href":"https:\/\/skinstudio.ee\/lt\/wp-json\/wp\/v2\/media\/62182"}],"wp:attachment":[{"href":"https:\/\/skinstudio.ee\/lt\/wp-json\/wp\/v2\/media?parent=60216"}],"wp:term":[{"taxonomy":"pwb-brand","embeddable":true,"href":"https:\/\/skinstudio.ee\/lt\/wp-json\/wp\/v2\/pwb-brand?post=60216"},{"taxonomy":"product_brand","embeddable":true,"href":"https:\/\/skinstudio.ee\/lt\/wp-json\/wp\/v2\/product_brand?post=60216"},{"taxonomy":"product_cat","embeddable":true,"href":"https:\/\/skinstudio.ee\/lt\/wp-json\/wp\/v2\/product_cat?post=60216"},{"taxonomy":"product_tag","embeddable":true,"href":"https:\/\/skinstudio.ee\/lt\/wp-json\/wp\/v2\/product_tag?post=60216"},{"taxonomy":"giftcard-category","embeddable":true,"href":"https:\/\/skinstudio.ee\/lt\/wp-json\/wp\/v2\/giftcard-category?post=60216"}],"curies":[{"name":"wp","href":"https:\/\/api.w.org\/{rel}","templated":true}]}}