{"id":60228,"date":"2024-06-15T08:06:45","date_gmt":"2024-06-15T08:06:45","guid":{"rendered":"https:\/\/skinstudio.ee\/?post_type=product&#038;p=60228"},"modified":"2025-12-29T09:56:57","modified_gmt":"2025-12-29T09:56:57","slug":"ormedic-balancing-biopeptide-creme","status":"publish","type":"product","link":"https:\/\/skinstudio.ee\/lt\/catalog\/image-skincare\/ormedic-balancing-biopeptide-creme\/","title":{"rendered":"ORMEDIC Balancing Biopeptide Cr\u00e8me"},"content":{"rendered":"<p data-start=\"1761\" data-end=\"2105\">ORMEDIC Balancing Biopeptide Cr\u00e8me yra sodrus, ta\u010diau lengvos tekst\u016bros naktinis kremas, padedantis atkurti dr\u0117gm\u0117s stokojan\u010di\u0105 od\u0105 ir palaikyti jos nat\u016bral\u0173 balans\u0105. Formul\u0117 su augaliniais aliejais, biopeptidais ir ekologi\u0161kais ekstraktais maitina od\u0105, stiprina jos apsaugin\u012f barjer\u0105 ir suteikia \u0161velnesn\u0119, ramesn\u0119 i\u0161vaizd\u0105.<\/p>\n<p data-start=\"2107\" data-end=\"2329\">Kremas tinka ir jaunai, jautriai odai, \u012fskaitant paauglius, kurie pradeda savo prie\u017ei\u016bros rutin\u0105. Jis taip pat rekomenduojamas akn\u0117s gydymo metu kaip atkuriamasis \u017eingsnis, ma\u017einantis sausum\u0105 ir gerinantis odos komfort\u0105.<\/p>\n<p data-start=\"2331\" data-end=\"2440\">\u0160altuoju metu gali b\u016bti naudojamas po dieniniu kremu vietoj serumo, kad suteikt\u0173 papildom\u0105 apsaug\u0105 ir dr\u0117gm\u0119.<\/p>\n<p data-start=\"2442\" data-end=\"2457\"><strong data-start=\"2442\" data-end=\"2457\">T\u016bris: 57 g<\/strong><\/p>\n","protected":false},"excerpt":{"rendered":"<p data-start=\"2598\" data-end=\"2639\">Turtingas naktinis kremas su biopeptidais<\/p>\n<h2 data-start=\"2641\" data-end=\"2710\"><strong data-start=\"2645\" data-end=\"2708\">IMAGE Skincare &#8211; ORMEDIC Balancing Biopeptide Cr\u00e8me Savyb\u0117s<\/strong><\/h2>\n<p data-start=\"2711\" data-end=\"2939\">\u2714\ufe0f Gerina odos glotnum\u0105 ir bendr\u0105 i\u0161vaizd\u0105<br data-start=\"2753\" data-end=\"2756\" \/>\u2714\ufe0f Padeda palaikyti dr\u0117gm\u0119 ir odos barjer\u0105<br data-start=\"2798\" data-end=\"2801\" \/>\u2714\ufe0f Ramina ir mink\u0161tina jautrias vietas<br data-start=\"2839\" data-end=\"2842\" \/>\u2714\ufe0f Suteikia odai daugiau komforto ir \u0161velnumo<br data-start=\"2887\" data-end=\"2890\" \/>\u2714\ufe0f Padeda i\u0161laikyti sveik\u0105 ir gaivi\u0105 odos b\u016bkl\u0119<\/p>\n","protected":false},"featured_media":62177,"template":"","meta":[],"pwb-brand":[1135],"product_brand":[],"product_cat":[738,740],"product_tag":[],"giftcard-category":[],"class_list":{"0":"post-60228","1":"product","2":"type-product","3":"status-publish","4":"has-post-thumbnail","6":"pwb-brand-image-skincare","7":"product_cat-drekinimas","8":"product_cat-sausai-odai","10":"first","11":"instock","12":"taxable","13":"shipping-taxable","14":"purchasable","15":"product-type-simple"},"acf":[],"brands":[{"id":1135,"name":"Image Skincare","slug":"image-skincare"}],"_links":{"self":[{"href":"https:\/\/skinstudio.ee\/lt\/wp-json\/wp\/v2\/product\/60228","targetHints":{"allow":["GET"]}}],"collection":[{"href":"https:\/\/skinstudio.ee\/lt\/wp-json\/wp\/v2\/product"}],"about":[{"href":"https:\/\/skinstudio.ee\/lt\/wp-json\/wp\/v2\/types\/product"}],"version-history":[{"count":0,"href":"https:\/\/skinstudio.ee\/lt\/wp-json\/wp\/v2\/product\/60228\/revisions"}],"wp:featuredmedia":[{"embeddable":true,"href":"https:\/\/skinstudio.ee\/lt\/wp-json\/wp\/v2\/media\/62177"}],"wp:attachment":[{"href":"https:\/\/skinstudio.ee\/lt\/wp-json\/wp\/v2\/media?parent=60228"}],"wp:term":[{"taxonomy":"pwb-brand","embeddable":true,"href":"https:\/\/skinstudio.ee\/lt\/wp-json\/wp\/v2\/pwb-brand?post=60228"},{"taxonomy":"product_brand","embeddable":true,"href":"https:\/\/skinstudio.ee\/lt\/wp-json\/wp\/v2\/product_brand?post=60228"},{"taxonomy":"product_cat","embeddable":true,"href":"https:\/\/skinstudio.ee\/lt\/wp-json\/wp\/v2\/product_cat?post=60228"},{"taxonomy":"product_tag","embeddable":true,"href":"https:\/\/skinstudio.ee\/lt\/wp-json\/wp\/v2\/product_tag?post=60228"},{"taxonomy":"giftcard-category","embeddable":true,"href":"https:\/\/skinstudio.ee\/lt\/wp-json\/wp\/v2\/giftcard-category?post=60228"}],"curies":[{"name":"wp","href":"https:\/\/api.w.org\/{rel}","templated":true}]}}