{"id":60239,"date":"2024-06-15T08:33:08","date_gmt":"2024-06-15T08:33:08","guid":{"rendered":"https:\/\/skinstudio.ee\/?post_type=product&#038;p=60239"},"modified":"2025-12-29T09:56:57","modified_gmt":"2025-12-29T09:56:57","slug":"ormedic-balancing-eye-lift-gel","status":"publish","type":"product","link":"https:\/\/skinstudio.ee\/lt\/catalog\/image-skincare\/ormedic-balancing-eye-lift-gel\/","title":{"rendered":"ORMEDIC Balancing Eye Lift Gel"},"content":{"rendered":"<p data-start=\"1541\" data-end=\"1810\">ORMEDIC Balancing Eye Lift Gel yra lengvos tekst\u016bros, gaivinantis aki\u0173 gelis, tinkantis bet kokiam am\u017eiui ir visiems odos tipams. \u0160velni, greitai \u012fsigerianti formul\u0117 suteikia malon\u0173 v\u0117sinant\u012f efekt\u0105 ir padeda suma\u017einti nuovargio po\u017eymius aplink akis.<\/p>\n<p data-start=\"1812\" data-end=\"2038\">Gelis padeda suma\u017einti paburkim\u0105, pagerinti odos glotnum\u0105 ir palaikyti komforti\u0161k\u0105 dr\u0117kinim\u0105. Peptid\u0173 technologija palaiko odos elastingum\u0105, o augaliniai ekstraktai suteikia akims \u0161viesesn\u0119, \u017evalesn\u0119 ir pails\u0117jusi\u0105 i\u0161vaizd\u0105.<\/p>\n<p data-start=\"2040\" data-end=\"2152\">Puikiai tinka naudoti tiek ryte, tiek vakare. Naudojant atv\u0117sint\u0105, poveikis prie\u0161 paburkim\u0105 tampa dar ry\u0161kesnis.<\/p>\n<p data-start=\"2154\" data-end=\"2170\"><strong data-start=\"2154\" data-end=\"2170\">T\u016bris: 15 ml<\/strong><\/p>\n","protected":false},"excerpt":{"rendered":"<p data-start=\"2362\" data-end=\"2384\">Gaivinantis aki\u0173 gelis<\/p>\n<h2 data-start=\"2386\" data-end=\"2451\"><strong data-start=\"2390\" data-end=\"2449\">IMAGE Skincare &#8211; ORMEDIC Balancing Eye Lift Gel Savyb\u0117s<\/strong><\/h2>\n<p data-start=\"2452\" data-end=\"2667\">\u2714\ufe0f Gaivina aki\u0173 zon\u0105 ir suteikia malon\u0173 v\u0117sinant\u012f poj\u016bt\u012f<br data-start=\"2508\" data-end=\"2511\" \/>\u2714\ufe0f Padeda suma\u017einti paburkim\u0105<br data-start=\"2540\" data-end=\"2543\" \/>\u2714\ufe0f Mink\u0161tina ir glotnina jautri\u0105 od\u0105<br data-start=\"2579\" data-end=\"2582\" \/>\u2714\ufe0f Palaiko elastingum\u0105 ir stangrum\u0105<br data-start=\"2617\" data-end=\"2620\" \/>\u2714\ufe0f Suteikia \u0161viesesn\u0119, \u017evalesn\u0119 aki\u0173 i\u0161vaizd\u0105<\/p>\n","protected":false},"featured_media":62172,"template":"","meta":[],"pwb-brand":[1135],"product_brand":[],"product_cat":[734],"product_tag":[],"giftcard-category":[],"class_list":{"0":"post-60239","1":"product","2":"type-product","3":"status-publish","4":"has-post-thumbnail","6":"pwb-brand-image-skincare","7":"product_cat-oda-aplink-akis","9":"first","10":"instock","11":"taxable","12":"shipping-taxable","13":"purchasable","14":"product-type-simple"},"acf":[],"brands":[{"id":1135,"name":"Image Skincare","slug":"image-skincare"}],"_links":{"self":[{"href":"https:\/\/skinstudio.ee\/lt\/wp-json\/wp\/v2\/product\/60239","targetHints":{"allow":["GET"]}}],"collection":[{"href":"https:\/\/skinstudio.ee\/lt\/wp-json\/wp\/v2\/product"}],"about":[{"href":"https:\/\/skinstudio.ee\/lt\/wp-json\/wp\/v2\/types\/product"}],"version-history":[{"count":0,"href":"https:\/\/skinstudio.ee\/lt\/wp-json\/wp\/v2\/product\/60239\/revisions"}],"wp:featuredmedia":[{"embeddable":true,"href":"https:\/\/skinstudio.ee\/lt\/wp-json\/wp\/v2\/media\/62172"}],"wp:attachment":[{"href":"https:\/\/skinstudio.ee\/lt\/wp-json\/wp\/v2\/media?parent=60239"}],"wp:term":[{"taxonomy":"pwb-brand","embeddable":true,"href":"https:\/\/skinstudio.ee\/lt\/wp-json\/wp\/v2\/pwb-brand?post=60239"},{"taxonomy":"product_brand","embeddable":true,"href":"https:\/\/skinstudio.ee\/lt\/wp-json\/wp\/v2\/product_brand?post=60239"},{"taxonomy":"product_cat","embeddable":true,"href":"https:\/\/skinstudio.ee\/lt\/wp-json\/wp\/v2\/product_cat?post=60239"},{"taxonomy":"product_tag","embeddable":true,"href":"https:\/\/skinstudio.ee\/lt\/wp-json\/wp\/v2\/product_tag?post=60239"},{"taxonomy":"giftcard-category","embeddable":true,"href":"https:\/\/skinstudio.ee\/lt\/wp-json\/wp\/v2\/giftcard-category?post=60239"}],"curies":[{"name":"wp","href":"https:\/\/api.w.org\/{rel}","templated":true}]}}