{"id":60250,"date":"2024-06-15T08:43:59","date_gmt":"2024-06-15T08:43:59","guid":{"rendered":"https:\/\/skinstudio.ee\/?post_type=product&#038;p=60250"},"modified":"2025-12-29T09:56:57","modified_gmt":"2025-12-29T09:56:57","slug":"ormedic-balancing-gel-masque","status":"publish","type":"product","link":"https:\/\/skinstudio.ee\/lt\/catalog\/image-skincare\/ormedic-balancing-gel-masque\/","title":{"rendered":"ORMEDIC Balancing Gel Masque"},"content":{"rendered":"<p data-start=\"1649\" data-end=\"1929\">ORMEDIC Balancing Gel Masque yra \u0161velni, gaivinanti fito gelio kauk\u0117, skirta akimirksniu nuraminti, sudr\u0117kinti ir atgaivinti saus\u0105, jautri\u0105 ar dehidratuot\u0105 od\u0105. Lengva, v\u0117sinam\u0105ja tekst\u016bra kauk\u0117 padeda suma\u017einti tempim\u0105 ir atkurti odos komfort\u0105 bei pusiausvyr\u0105.<\/p>\n<p data-start=\"1931\" data-end=\"2212\">Ekologi\u0161kas alavijas, medetkos ir agurk\u0173 ekstraktai palaiko odos apsaugin\u012f barjer\u0105, ma\u017eina sudirgim\u0105 ir padeda atkurti dr\u0117gm\u0117s balans\u0105. Kauk\u0117 puikiai tinka naudoti kaip SOS priemon\u0117 po saul\u0117s, estetini\u0173 proced\u016br\u0173, \u0161alto v\u0117jo ar tada, kai odai reikia ypatingo \u0161velnaus nuraminimo.<\/p>\n<p data-start=\"2214\" data-end=\"2283\">Geresniam v\u0117sinamajam efektui kauk\u0119 rekomenduojama laikyti \u0161aldytuve.<\/p>\n<p data-start=\"2285\" data-end=\"2301\"><strong data-start=\"2285\" data-end=\"2301\">T\u016bris: 59 ml<\/strong><\/p>\n","protected":false},"excerpt":{"rendered":"<p data-start=\"2528\" data-end=\"2551\">Gaivinanti gelin\u0117 kauk\u0117<\/p>\n<h2 data-start=\"2553\" data-end=\"2616\"><strong data-start=\"2557\" data-end=\"2614\">IMAGE Skincare &#8211; ORMEDIC Balancing Gel Masque Savyb\u0117s<\/strong><\/h2>\n<p data-start=\"2617\" data-end=\"2832\">\u2714\ufe0f Ramina jautri\u0105 ir dehidratuot\u0105 od\u0105<br data-start=\"2654\" data-end=\"2657\" \/>\u2714\ufe0f Palaiko ilgalaik\u012f dr\u0117kinim\u0105<br data-start=\"2687\" data-end=\"2690\" \/>\u2714\ufe0f Atkuria odos komfort\u0105 ir nat\u016bral\u0173 \u0161vyt\u0117jim\u0105<br data-start=\"2736\" data-end=\"2739\" \/>\u2714\ufe0f Ma\u017eina tempimo ir sausumo poj\u016bt\u012f<br data-start=\"2774\" data-end=\"2777\" \/>\u2714\ufe0f Suteikia akimirksn\u012f v\u0117sinant\u012f ir gaivinant\u012f efekt\u0105<\/p>\n","protected":false},"featured_media":62167,"template":"","meta":[],"pwb-brand":[1135],"product_brand":[],"product_cat":[746,726,748],"product_tag":[],"giftcard-category":[],"class_list":{"0":"post-60250","1":"product","2":"type-product","3":"status-publish","4":"has-post-thumbnail","6":"pwb-brand-image-skincare","7":"product_cat-jautriai-odai","8":"product_cat-maskas-lt","9":"product_cat-taukainai-adai-lt","11":"first","12":"instock","13":"taxable","14":"shipping-taxable","15":"purchasable","16":"product-type-simple"},"acf":[],"brands":[{"id":1135,"name":"Image Skincare","slug":"image-skincare"}],"_links":{"self":[{"href":"https:\/\/skinstudio.ee\/lt\/wp-json\/wp\/v2\/product\/60250","targetHints":{"allow":["GET"]}}],"collection":[{"href":"https:\/\/skinstudio.ee\/lt\/wp-json\/wp\/v2\/product"}],"about":[{"href":"https:\/\/skinstudio.ee\/lt\/wp-json\/wp\/v2\/types\/product"}],"version-history":[{"count":0,"href":"https:\/\/skinstudio.ee\/lt\/wp-json\/wp\/v2\/product\/60250\/revisions"}],"wp:featuredmedia":[{"embeddable":true,"href":"https:\/\/skinstudio.ee\/lt\/wp-json\/wp\/v2\/media\/62167"}],"wp:attachment":[{"href":"https:\/\/skinstudio.ee\/lt\/wp-json\/wp\/v2\/media?parent=60250"}],"wp:term":[{"taxonomy":"pwb-brand","embeddable":true,"href":"https:\/\/skinstudio.ee\/lt\/wp-json\/wp\/v2\/pwb-brand?post=60250"},{"taxonomy":"product_brand","embeddable":true,"href":"https:\/\/skinstudio.ee\/lt\/wp-json\/wp\/v2\/product_brand?post=60250"},{"taxonomy":"product_cat","embeddable":true,"href":"https:\/\/skinstudio.ee\/lt\/wp-json\/wp\/v2\/product_cat?post=60250"},{"taxonomy":"product_tag","embeddable":true,"href":"https:\/\/skinstudio.ee\/lt\/wp-json\/wp\/v2\/product_tag?post=60250"},{"taxonomy":"giftcard-category","embeddable":true,"href":"https:\/\/skinstudio.ee\/lt\/wp-json\/wp\/v2\/giftcard-category?post=60250"}],"curies":[{"name":"wp","href":"https:\/\/api.w.org\/{rel}","templated":true}]}}