{"id":60261,"date":"2024-06-15T09:13:36","date_gmt":"2024-06-15T09:13:36","guid":{"rendered":"https:\/\/skinstudio.ee\/?post_type=product&#038;p=60261"},"modified":"2025-12-29T09:56:54","modified_gmt":"2025-12-29T09:56:54","slug":"clear-cell-clarifying-salicylic-masque","status":"publish","type":"product","link":"https:\/\/skinstudio.ee\/lt\/catalog\/image-skincare\/clear-cell-clarifying-salicylic-masque\/","title":{"rendered":"CLEAR CELL Clarifying Salicylic Masque"},"content":{"rendered":"<p data-start=\"1692\" data-end=\"2044\">CLEAR CELL Clarifying Salicylic Masque yra valomoji kauk\u0117, padedanti atverti u\u017esikim\u0161usias poras, suma\u017einti riebal\u0173 pertekli\u0173 ir atgaivinti problemati\u0161k\u0105 od\u0105. Kremin\u0117 tekst\u016bra veikia kaip intensyvi valomoji proced\u016bra, kuri jau po pirmo naudojimo padeda pa\u0161alinti ne\u0161varumus, glotninti odos pavir\u0161i\u0173 ir suma\u017einti u\u017esikim\u0161imo po\u017eymius.<\/p>\n<p data-start=\"2046\" data-end=\"2315\">Augaliniai ekstraktai ramina od\u0105, palaiko dr\u0117gm\u0117s balans\u0105 ir ma\u017eina paraudim\u0105 &#8211; tai itin svarbu riebiai, ta\u010diau kartu dehidratuotai odai. Kauk\u0119 galima tepti ant viso veido arba naudoti lokaliai problemin\u0117se vietose, kur susidaro u\u017edegimai ar padid\u0117j\u0119s riebal\u0173 kiekis.<\/p>\n<p data-start=\"2317\" data-end=\"2403\">Naudojant 1\u20133 kartus per savait\u0119, oda tampa \u0161varesn\u0117, gaivesn\u0117 ir labiau subalansuota.<\/p>\n<p data-start=\"2405\" data-end=\"2420\"><strong data-start=\"2405\" data-end=\"2420\">T\u016bris: 47 g<\/strong><\/p>\n","protected":false},"excerpt":{"rendered":"<p data-start=\"2642\" data-end=\"2672\">Valanti kauk\u0117 probleminei odai<\/p>\n<h2 data-start=\"2674\" data-end=\"2747\"><strong data-start=\"2678\" data-end=\"2745\">IMAGE Skincare &#8211; CLEAR CELL Clarifying Salicylic Masque Savyb\u0117s<\/strong><\/h2>\n<p data-start=\"2748\" data-end=\"2978\">\u2714\ufe0f Padeda giliai i\u0161valyti poras ir suma\u017einti riebal\u0173 pertekli\u0173<br data-start=\"2810\" data-end=\"2813\" \/>\u2714\ufe0f Gerina odos gaivum\u0105 ir bendr\u0105 i\u0161vaizd\u0105<br data-start=\"2854\" data-end=\"2857\" \/>\u2714\ufe0f Glotnina nelygi\u0105 odos tekst\u016br\u0105<br data-start=\"2890\" data-end=\"2893\" \/>\u2714\ufe0f Padeda suma\u017einti u\u017edegimo po\u017eymius<br data-start=\"2930\" data-end=\"2933\" \/>\u2714\ufe0f Palaiko odos komfort\u0105 jautrumo periodais<\/p>\n","protected":false},"featured_media":62132,"template":"","meta":[],"pwb-brand":[1135],"product_brand":[],"product_cat":[742,744,726,748],"product_tag":[],"giftcard-category":[],"class_list":{"0":"post-60261","1":"product","2":"type-product","3":"status-publish","4":"has-post-thumbnail","6":"pwb-brand-image-skincare","7":"product_cat-berimai","8":"product_cat-issipletusios-poros","9":"product_cat-maskas-lt","10":"product_cat-taukainai-adai-lt","12":"first","13":"instock","14":"taxable","15":"shipping-taxable","16":"purchasable","17":"product-type-simple"},"acf":[],"brands":[{"id":1135,"name":"Image Skincare","slug":"image-skincare"}],"_links":{"self":[{"href":"https:\/\/skinstudio.ee\/lt\/wp-json\/wp\/v2\/product\/60261","targetHints":{"allow":["GET"]}}],"collection":[{"href":"https:\/\/skinstudio.ee\/lt\/wp-json\/wp\/v2\/product"}],"about":[{"href":"https:\/\/skinstudio.ee\/lt\/wp-json\/wp\/v2\/types\/product"}],"version-history":[{"count":0,"href":"https:\/\/skinstudio.ee\/lt\/wp-json\/wp\/v2\/product\/60261\/revisions"}],"wp:featuredmedia":[{"embeddable":true,"href":"https:\/\/skinstudio.ee\/lt\/wp-json\/wp\/v2\/media\/62132"}],"wp:attachment":[{"href":"https:\/\/skinstudio.ee\/lt\/wp-json\/wp\/v2\/media?parent=60261"}],"wp:term":[{"taxonomy":"pwb-brand","embeddable":true,"href":"https:\/\/skinstudio.ee\/lt\/wp-json\/wp\/v2\/pwb-brand?post=60261"},{"taxonomy":"product_brand","embeddable":true,"href":"https:\/\/skinstudio.ee\/lt\/wp-json\/wp\/v2\/product_brand?post=60261"},{"taxonomy":"product_cat","embeddable":true,"href":"https:\/\/skinstudio.ee\/lt\/wp-json\/wp\/v2\/product_cat?post=60261"},{"taxonomy":"product_tag","embeddable":true,"href":"https:\/\/skinstudio.ee\/lt\/wp-json\/wp\/v2\/product_tag?post=60261"},{"taxonomy":"giftcard-category","embeddable":true,"href":"https:\/\/skinstudio.ee\/lt\/wp-json\/wp\/v2\/giftcard-category?post=60261"}],"curies":[{"name":"wp","href":"https:\/\/api.w.org\/{rel}","templated":true}]}}