{"id":60272,"date":"2024-06-15T09:47:36","date_gmt":"2024-06-15T09:47:36","guid":{"rendered":"https:\/\/skinstudio.ee\/?post_type=product&#038;p=60272"},"modified":"2025-12-29T09:56:54","modified_gmt":"2025-12-29T09:56:54","slug":"clear-cell-clarifying-salicylic-blemish-gel","status":"publish","type":"product","link":"https:\/\/skinstudio.ee\/lt\/catalog\/image-skincare\/clear-cell-clarifying-salicylic-blemish-gel\/","title":{"rendered":"CLEAR CELL Clarifying Salicylic Blemish Gel"},"content":{"rendered":"<p data-start=\"1644\" data-end=\"1963\">CLEAR CELL Clarifying Salicylic Blemish Gel yra lengvos tekst\u016bros vietinis produktas, skirtas pad\u0117ti nuraminti aktyvius b\u0117rimus, suma\u017einti paraudim\u0105 ir pagerinti problemati\u0161kos odos b\u016bkl\u0119. Greitai \u012fsigerianti formul\u0117 nepalieka \u017eymi\u0173, tod\u0117l tinka naudoti tiek dien\u0105 (taip pat po makia\u017eu), tiek vakare.<\/p>\n<p data-start=\"1965\" data-end=\"2201\">Gelis padeda i\u0161valyti problemines vietas, palaiko por\u0173 \u0161var\u0105 ir suma\u017eina riebal\u0173 pertekli\u0173, kuris gali paskatinti nauj\u0173 b\u0117rim\u0173 atsiradim\u0105. Tikslus aplikatorius leid\u017eia produkt\u0105 tepti tik ten, kur reikia, nepa\u017eeid\u017eiant aplinkin\u0117s odos.<\/p>\n<p data-start=\"2203\" data-end=\"2272\">Tinka riebiai, mi\u0161riai ir \u012f akn\u0119 linkusiai odai, ypa\u010d pa\u016bm\u0117jim\u0173 metu.<\/p>\n<p data-start=\"2274\" data-end=\"2289\"><strong data-start=\"2274\" data-end=\"2289\">T\u016bris: 14 g<\/strong><\/p>\n","protected":false},"excerpt":{"rendered":"<p data-start=\"2505\" data-end=\"2542\">Gelis nuo b\u0117rim\u0173 su salicilo r\u016bg\u0161timi<\/p>\n<h2 data-start=\"2544\" data-end=\"2622\"><strong data-start=\"2548\" data-end=\"2620\">IMAGE Skincare &#8211; CLEAR CELL Clarifying Salicylic Blemish Gel Savyb\u0117s<\/strong><\/h2>\n<p data-start=\"2623\" data-end=\"2826\">\u2714\ufe0f Padeda suma\u017einti aktyvi\u0173 b\u0117rim\u0173 matomum\u0105<br data-start=\"2666\" data-end=\"2669\" \/>\u2714\ufe0f Gerina por\u0173 \u0161var\u0105 ir gaivum\u0105<br data-start=\"2700\" data-end=\"2703\" \/>\u2714\ufe0f Ma\u017eina riebal\u0173 pertekli\u0173 ir blizges\u012f<br data-start=\"2742\" data-end=\"2745\" \/>\u2714\ufe0f Ramina paraudim\u0105 ir sudirginim\u0105<br data-start=\"2779\" data-end=\"2782\" \/>\u2714\ufe0f Greitai \u012fsigeria ir tinka naudoti dien\u0105<\/p>\n","protected":false},"featured_media":62162,"template":"","meta":[],"pwb-brand":[1135],"product_brand":[],"product_cat":[742,724,748],"product_tag":[],"giftcard-category":[],"class_list":{"0":"post-60272","1":"product","2":"type-product","3":"status-publish","4":"has-post-thumbnail","6":"pwb-brand-image-skincare","7":"product_cat-berimai","8":"product_cat-serumai","9":"product_cat-taukainai-adai-lt","11":"first","12":"instock","13":"sale","14":"taxable","15":"shipping-taxable","16":"purchasable","17":"product-type-simple"},"acf":[],"brands":[{"id":1135,"name":"Image Skincare","slug":"image-skincare"}],"_links":{"self":[{"href":"https:\/\/skinstudio.ee\/lt\/wp-json\/wp\/v2\/product\/60272","targetHints":{"allow":["GET"]}}],"collection":[{"href":"https:\/\/skinstudio.ee\/lt\/wp-json\/wp\/v2\/product"}],"about":[{"href":"https:\/\/skinstudio.ee\/lt\/wp-json\/wp\/v2\/types\/product"}],"version-history":[{"count":0,"href":"https:\/\/skinstudio.ee\/lt\/wp-json\/wp\/v2\/product\/60272\/revisions"}],"wp:featuredmedia":[{"embeddable":true,"href":"https:\/\/skinstudio.ee\/lt\/wp-json\/wp\/v2\/media\/62162"}],"wp:attachment":[{"href":"https:\/\/skinstudio.ee\/lt\/wp-json\/wp\/v2\/media?parent=60272"}],"wp:term":[{"taxonomy":"pwb-brand","embeddable":true,"href":"https:\/\/skinstudio.ee\/lt\/wp-json\/wp\/v2\/pwb-brand?post=60272"},{"taxonomy":"product_brand","embeddable":true,"href":"https:\/\/skinstudio.ee\/lt\/wp-json\/wp\/v2\/product_brand?post=60272"},{"taxonomy":"product_cat","embeddable":true,"href":"https:\/\/skinstudio.ee\/lt\/wp-json\/wp\/v2\/product_cat?post=60272"},{"taxonomy":"product_tag","embeddable":true,"href":"https:\/\/skinstudio.ee\/lt\/wp-json\/wp\/v2\/product_tag?post=60272"},{"taxonomy":"giftcard-category","embeddable":true,"href":"https:\/\/skinstudio.ee\/lt\/wp-json\/wp\/v2\/giftcard-category?post=60272"}],"curies":[{"name":"wp","href":"https:\/\/api.w.org\/{rel}","templated":true}]}}