{"id":60286,"date":"2024-06-15T10:28:07","date_gmt":"2024-06-15T10:28:07","guid":{"rendered":"https:\/\/skinstudio.ee\/?post_type=product&#038;p=60286"},"modified":"2025-12-29T09:56:54","modified_gmt":"2025-12-29T09:56:54","slug":"clear-cell-clarifying-repair-creme","status":"publish","type":"product","link":"https:\/\/skinstudio.ee\/lt\/catalog\/image-skincare\/clear-cell-clarifying-repair-creme\/","title":{"rendered":"CLEAR CELL Clarifying Repair Cr\u00e8me"},"content":{"rendered":"<p data-start=\"1699\" data-end=\"2056\">CLEAR CELL Clarifying Repair Cr\u00e8me yra naktinis gelinis kremas, sukurtas riebiai, mi\u0161riai ir \u012f akn\u0119 linkusiai odai. Jis padeda suma\u017einti b\u0117rim\u0173 matomum\u0105, palaiko tolygesn\u012f odos atspalv\u012f ir suteikia glotnesn\u0119, ramesn\u0119 i\u0161vaizd\u0105. Lengva tekst\u016bra greitai susigeria ir nesuteikia sunkumo poj\u016b\u010dio, palaikydama nat\u016bral\u0173 odos atsinaujinim\u0105 nakt\u012f.<\/p>\n<p data-start=\"2058\" data-end=\"2349\">Formul\u0117 veikia tuo metu, kai oda intensyviausiai atsistato &#8211; padeda i\u0161laikyti por\u0173 \u0161var\u0105, su\u0161velninti nelygumus ir suteikti \u0161varesn\u0119, labiau subalansuot\u0105 i\u0161vaizd\u0105. Tinka naudoti kaip pagrindin\u012f naktin\u012f krem\u0105 arba kaip paskutin\u012f \u017eingsn\u012f vakaro rutinoje, ypa\u010d \u012fsitempusiai ir riebesnei odai.<\/p>\n<p data-start=\"2351\" data-end=\"2415\">Reguliariai naudojant oda atrodo \u0161varesn\u0117, tolygesn\u0117 ir ramesn\u0117.<\/p>\n<p data-start=\"2417\" data-end=\"2432\"><strong data-start=\"2417\" data-end=\"2432\">T\u016bris: 48 g<\/strong><\/p>\n","protected":false},"excerpt":{"rendered":"<p data-start=\"2648\" data-end=\"2688\">Naktinis gelinis kremas probleminei odai<\/p>\n<h3 data-start=\"2690\" data-end=\"2759\"><strong data-start=\"2694\" data-end=\"2757\">IMAGE Skincare &#8211; CLEAR CELL Clarifying Repair Cr\u00e8me Savyb\u0117s<\/strong><\/h3>\n<p data-start=\"2760\" data-end=\"3038\">\u2714\ufe0f Padeda suma\u017einti b\u0117rim\u0173 matomum\u0105 ir palaikyti por\u0173 \u0161var\u0105<br data-start=\"2819\" data-end=\"2822\" \/>\u2714\ufe0f \u0160velnina nelygi\u0105 tekst\u016br\u0105 ir suteikia glotnesn\u012f pavir\u0161i\u0173<br data-start=\"2881\" data-end=\"2884\" \/>\u2714\ufe0f Palaiko gaivesn\u012f, tolygesn\u012f odos atspalv\u012f<br data-start=\"2928\" data-end=\"2931\" \/>\u2714\ufe0f Ma\u017eina blizges\u012f ir padeda reguliuoti riebal\u0173 i\u0161siskyrim\u0105<br data-start=\"2990\" data-end=\"2993\" \/>\u2714\ufe0f Suteikia lengv\u0105 ir komforti\u0161k\u0105 dr\u0117kinim\u0105<\/p>\n","protected":false},"featured_media":62157,"template":"","meta":[],"pwb-brand":[1135],"product_brand":[],"product_cat":[738,748],"product_tag":[],"giftcard-category":[],"class_list":{"0":"post-60286","1":"product","2":"type-product","3":"status-publish","4":"has-post-thumbnail","6":"pwb-brand-image-skincare","7":"product_cat-drekinimas","8":"product_cat-taukainai-adai-lt","10":"first","11":"instock","12":"taxable","13":"shipping-taxable","14":"purchasable","15":"product-type-simple"},"acf":[],"brands":[{"id":1135,"name":"Image Skincare","slug":"image-skincare"}],"_links":{"self":[{"href":"https:\/\/skinstudio.ee\/lt\/wp-json\/wp\/v2\/product\/60286","targetHints":{"allow":["GET"]}}],"collection":[{"href":"https:\/\/skinstudio.ee\/lt\/wp-json\/wp\/v2\/product"}],"about":[{"href":"https:\/\/skinstudio.ee\/lt\/wp-json\/wp\/v2\/types\/product"}],"version-history":[{"count":0,"href":"https:\/\/skinstudio.ee\/lt\/wp-json\/wp\/v2\/product\/60286\/revisions"}],"wp:featuredmedia":[{"embeddable":true,"href":"https:\/\/skinstudio.ee\/lt\/wp-json\/wp\/v2\/media\/62157"}],"wp:attachment":[{"href":"https:\/\/skinstudio.ee\/lt\/wp-json\/wp\/v2\/media?parent=60286"}],"wp:term":[{"taxonomy":"pwb-brand","embeddable":true,"href":"https:\/\/skinstudio.ee\/lt\/wp-json\/wp\/v2\/pwb-brand?post=60286"},{"taxonomy":"product_brand","embeddable":true,"href":"https:\/\/skinstudio.ee\/lt\/wp-json\/wp\/v2\/product_brand?post=60286"},{"taxonomy":"product_cat","embeddable":true,"href":"https:\/\/skinstudio.ee\/lt\/wp-json\/wp\/v2\/product_cat?post=60286"},{"taxonomy":"product_tag","embeddable":true,"href":"https:\/\/skinstudio.ee\/lt\/wp-json\/wp\/v2\/product_tag?post=60286"},{"taxonomy":"giftcard-category","embeddable":true,"href":"https:\/\/skinstudio.ee\/lt\/wp-json\/wp\/v2\/giftcard-category?post=60286"}],"curies":[{"name":"wp","href":"https:\/\/api.w.org\/{rel}","templated":true}]}}