{"id":60297,"date":"2024-06-15T10:47:47","date_gmt":"2024-06-15T10:47:47","guid":{"rendered":"https:\/\/skinstudio.ee\/?post_type=product&#038;p=60297"},"modified":"2025-12-29T09:56:54","modified_gmt":"2025-12-29T09:56:54","slug":"clear-cell-restoring-serum","status":"publish","type":"product","link":"https:\/\/skinstudio.ee\/lt\/catalog\/image-skincare\/clear-cell-restoring-serum\/","title":{"rendered":"CLEAR CELL Restoring Serum"},"content":{"rendered":"<div class=\"woocommerce-product-details__short-description\">\n<p data-start=\"1764\" data-end=\"2132\">CLEAR CELL Restoring Serum yra lengvos tekst\u016bros dr\u0117kinamasis ir matinantis serumas, sukurtas riebiai, mi\u0161riai ir \u012f b\u0117rimus linkusiai odai. Jis padeda suma\u017einti riebal\u0173 pertekli\u0173 ir blizges\u012f, palaiko odos balans\u0105 ir suteikia poroms tolygesn\u0119 i\u0161vaizd\u0105. Gaivi gelin\u0117 konsistencija greitai \u012fsigeria ir suteikia komforti\u0161k\u0105 dr\u0117kinim\u0105 be sunkumo poj\u016b\u010dio.<\/p>\n<p data-start=\"2134\" data-end=\"2421\">Raminantys augaliniai komponentai padeda suma\u017einti jautrum\u0105 ir paraudim\u0105, palaiko lygesn\u012f odos ton\u0105 ir glotnesn\u012f pavir\u0161i\u0173. Tinka kasdieniam naudojimui, taip pat gali b\u016bti derinamas pakaitomis su VITAL C serumu, kad suteikt\u0173 daugiau \u0161vyt\u0117jimo ir dr\u0117gm\u0117s riebesnei arba probleminei odai.<\/p>\n<p data-start=\"2423\" data-end=\"2492\">Reguliariai naudojant oda atrodo \u0161varesn\u0117, tolygesn\u0117 ir subalansuota.<\/p>\n<p data-start=\"2494\" data-end=\"2510\"><strong data-start=\"2494\" data-end=\"2510\">T\u016bris: 28 ml<\/strong><\/p>\n<\/div>\n","protected":false},"excerpt":{"rendered":"<p data-start=\"2724\" data-end=\"2774\">Raminamasis ir matinantis serumas probleminei odai<\/p>\n<h2 data-start=\"2776\" data-end=\"2837\"><strong data-start=\"2780\" data-end=\"2835\">IMAGE Skincare &#8211; CLEAR CELL Restoring Serum Savyb\u0117s<\/strong><\/h2>\n<p data-start=\"2838\" data-end=\"3064\">\u2714\ufe0f Padeda suma\u017einti blizges\u012f ir palaikyti odos balans\u0105<br data-start=\"2892\" data-end=\"2895\" \/>\u2714\ufe0f Glotnina ir tolygina odos tekst\u016br\u0105<br data-start=\"2932\" data-end=\"2935\" \/>\u2714\ufe0f Suteikia ilgalaik\u012f gaivumo poj\u016bt\u012f<br data-start=\"2971\" data-end=\"2974\" \/>\u2714\ufe0f Padeda suma\u017einti sudirgim\u0105 ir diskomfort\u0105<br data-start=\"3018\" data-end=\"3021\" \/>\u2714\ufe0f Pagerina bendr\u0105 odos i\u0161vaizd\u0105 ir \u0161var\u0105<\/p>\n","protected":false},"featured_media":62142,"template":"","meta":[],"pwb-brand":[1135],"product_brand":[],"product_cat":[742,724,748],"product_tag":[],"giftcard-category":[],"class_list":{"0":"post-60297","1":"product","2":"type-product","3":"status-publish","4":"has-post-thumbnail","6":"pwb-brand-image-skincare","7":"product_cat-berimai","8":"product_cat-serumai","9":"product_cat-taukainai-adai-lt","11":"first","12":"instock","13":"taxable","14":"shipping-taxable","15":"purchasable","16":"product-type-simple"},"acf":[],"brands":[{"id":1135,"name":"Image Skincare","slug":"image-skincare"}],"_links":{"self":[{"href":"https:\/\/skinstudio.ee\/lt\/wp-json\/wp\/v2\/product\/60297","targetHints":{"allow":["GET"]}}],"collection":[{"href":"https:\/\/skinstudio.ee\/lt\/wp-json\/wp\/v2\/product"}],"about":[{"href":"https:\/\/skinstudio.ee\/lt\/wp-json\/wp\/v2\/types\/product"}],"version-history":[{"count":0,"href":"https:\/\/skinstudio.ee\/lt\/wp-json\/wp\/v2\/product\/60297\/revisions"}],"wp:featuredmedia":[{"embeddable":true,"href":"https:\/\/skinstudio.ee\/lt\/wp-json\/wp\/v2\/media\/62142"}],"wp:attachment":[{"href":"https:\/\/skinstudio.ee\/lt\/wp-json\/wp\/v2\/media?parent=60297"}],"wp:term":[{"taxonomy":"pwb-brand","embeddable":true,"href":"https:\/\/skinstudio.ee\/lt\/wp-json\/wp\/v2\/pwb-brand?post=60297"},{"taxonomy":"product_brand","embeddable":true,"href":"https:\/\/skinstudio.ee\/lt\/wp-json\/wp\/v2\/product_brand?post=60297"},{"taxonomy":"product_cat","embeddable":true,"href":"https:\/\/skinstudio.ee\/lt\/wp-json\/wp\/v2\/product_cat?post=60297"},{"taxonomy":"product_tag","embeddable":true,"href":"https:\/\/skinstudio.ee\/lt\/wp-json\/wp\/v2\/product_tag?post=60297"},{"taxonomy":"giftcard-category","embeddable":true,"href":"https:\/\/skinstudio.ee\/lt\/wp-json\/wp\/v2\/giftcard-category?post=60297"}],"curies":[{"name":"wp","href":"https:\/\/api.w.org\/{rel}","templated":true}]}}