{"id":60307,"date":"2024-06-15T10:59:36","date_gmt":"2024-06-15T10:59:36","guid":{"rendered":"https:\/\/skinstudio.ee\/?post_type=product&#038;p=60307"},"modified":"2025-12-29T09:56:54","modified_gmt":"2025-12-29T09:56:54","slug":"clear-cell-mattifying-moisturizer","status":"publish","type":"product","link":"https:\/\/skinstudio.ee\/lt\/catalog\/image-skincare\/clear-cell-mattifying-moisturizer\/","title":{"rendered":"CLEAR CELL Mattifying Moisturizer"},"content":{"rendered":"<p data-start=\"1547\" data-end=\"1923\">CLEAR CELL Mattifying Moisturizer yra lengvas, raminantis kremas, sukurtas riebiai ir probleminei odai, kuriai reikia subalansuoto dr\u0117kinimo, komforto ir blizgesio kontrol\u0117s. Jo \u0161velni ir greitai susigerianti tekst\u016bra padeda suma\u017einti odos riebum\u0105, neapsunkinant odos ir nesukeliant por\u0173 u\u017esikim\u0161imo. Kremas gerina odos pavir\u0161iaus glotnum\u0105 ir suteikia ilgalaik\u012f matin\u012f efekt\u0105.<\/p>\n<p data-start=\"1925\" data-end=\"2214\">Formul\u0117je derinami B6 vitamino dariniai ir raminantys augal\u0173 ekstraktai, kurie padeda ma\u017einti sudirgim\u0105, stiprina odos barjer\u0105 ir palaiko sveik\u0105, subalansuot\u0105 odos b\u016bkl\u0119. CLEAR CELL Mattifying Moisturizer puikiai tinka kasdieniam naudojimui ir papildo kit\u0173 Image Skincare produkt\u0173 poveik\u012f.<\/p>\n<p data-start=\"2216\" data-end=\"2231\"><strong data-start=\"2216\" data-end=\"2226\">T\u016bris:<\/strong> 57 g<\/p>\n","protected":false},"excerpt":{"rendered":"<p data-start=\"2501\" data-end=\"2525\">Matizuoja ir dr\u0117kina od\u0105<\/p>\n<h2 data-start=\"2527\" data-end=\"2589\"><strong data-start=\"2527\" data-end=\"2589\">Image Skincare &#8211; CLEAR CELL Mattifying Moisturizer Savyb\u0117s<\/strong><\/h2>\n<p data-start=\"2591\" data-end=\"2782\">\u2714\ufe0f Kontroliuoja blizges\u012f vis\u0105 dien\u0105<br data-start=\"2626\" data-end=\"2629\" \/>\u2714\ufe0f \u0160velnina ir glotnina tekst\u016br\u0105<br data-start=\"2661\" data-end=\"2664\" \/>\u2714\ufe0f Padeda palaikyti riebi\u0105 od\u0105 subalansuot\u0105<br data-start=\"2707\" data-end=\"2710\" \/>\u2714\ufe0f Ma\u017eina paraudim\u0105 ir sudirgim\u0105<br data-start=\"2742\" data-end=\"2745\" \/>\u2714\ufe0f Vizualiai suma\u017eina por\u0173 matomum\u0105<\/p>\n","protected":false},"featured_media":62137,"template":"","meta":[],"pwb-brand":[1135],"product_brand":[],"product_cat":[742,738,744,748],"product_tag":[],"giftcard-category":[],"class_list":{"0":"post-60307","1":"product","2":"type-product","3":"status-publish","4":"has-post-thumbnail","6":"pwb-brand-image-skincare","7":"product_cat-berimai","8":"product_cat-drekinimas","9":"product_cat-issipletusios-poros","10":"product_cat-taukainai-adai-lt","12":"first","13":"instock","14":"taxable","15":"shipping-taxable","16":"purchasable","17":"product-type-simple"},"acf":[],"brands":[{"id":1135,"name":"Image Skincare","slug":"image-skincare"}],"_links":{"self":[{"href":"https:\/\/skinstudio.ee\/lt\/wp-json\/wp\/v2\/product\/60307","targetHints":{"allow":["GET"]}}],"collection":[{"href":"https:\/\/skinstudio.ee\/lt\/wp-json\/wp\/v2\/product"}],"about":[{"href":"https:\/\/skinstudio.ee\/lt\/wp-json\/wp\/v2\/types\/product"}],"version-history":[{"count":0,"href":"https:\/\/skinstudio.ee\/lt\/wp-json\/wp\/v2\/product\/60307\/revisions"}],"wp:featuredmedia":[{"embeddable":true,"href":"https:\/\/skinstudio.ee\/lt\/wp-json\/wp\/v2\/media\/62137"}],"wp:attachment":[{"href":"https:\/\/skinstudio.ee\/lt\/wp-json\/wp\/v2\/media?parent=60307"}],"wp:term":[{"taxonomy":"pwb-brand","embeddable":true,"href":"https:\/\/skinstudio.ee\/lt\/wp-json\/wp\/v2\/pwb-brand?post=60307"},{"taxonomy":"product_brand","embeddable":true,"href":"https:\/\/skinstudio.ee\/lt\/wp-json\/wp\/v2\/product_brand?post=60307"},{"taxonomy":"product_cat","embeddable":true,"href":"https:\/\/skinstudio.ee\/lt\/wp-json\/wp\/v2\/product_cat?post=60307"},{"taxonomy":"product_tag","embeddable":true,"href":"https:\/\/skinstudio.ee\/lt\/wp-json\/wp\/v2\/product_tag?post=60307"},{"taxonomy":"giftcard-category","embeddable":true,"href":"https:\/\/skinstudio.ee\/lt\/wp-json\/wp\/v2\/giftcard-category?post=60307"}],"curies":[{"name":"wp","href":"https:\/\/api.w.org\/{rel}","templated":true}]}}