{"id":60318,"date":"2024-06-17T13:07:37","date_gmt":"2024-06-17T13:07:37","guid":{"rendered":"https:\/\/skinstudio.ee\/?post_type=product&#038;p=60318"},"modified":"2025-12-29T09:56:53","modified_gmt":"2025-12-29T09:56:53","slug":"biome-smoothing-cloud-creme","status":"publish","type":"product","link":"https:\/\/skinstudio.ee\/lt\/catalog\/image-skincare\/biome-smoothing-cloud-creme\/","title":{"rendered":"BIOME+ Smoothing Cloud Cr\u00e8me"},"content":{"rendered":"<p data-start=\"1615\" data-end=\"1973\">BIOME+ Smoothing Cloud Cr\u00e8me \u2013 tai intensyviai dr\u0117kinantis, itin lengvos tekst\u016bros kremas, atkuriantis odos mikrobiom\u0105, stiprinantis apsaugin\u012f barjer\u0105 ir suteikiantis ilgalaik\u012f komfort\u0105 visiems odos tipams. Purios, \u201cdebes\u012f primenan\u010dios\u201d tekst\u016bros kremas akimirksniu susigeria, mink\u0161tina od\u0105, gerina jos elastingum\u0105 ir suvienodina pavir\u0161i\u0173 be sunkumo poj\u016b\u010dio.<\/p>\n<p data-start=\"1975\" data-end=\"2387\">Fermentuoto cukranendri\u0173 skvalano veikimas padeda palaikyti sveik\u0105 mikroflor\u0105 ir stiprina odos barjer\u0105, taip pagerindamas dr\u0117gm\u0117s i\u0161laikym\u0105. Sniego grybo ir hialurono r\u016bg\u0161ties derinys suteikia ilgalaik\u012f gilaus dr\u0117kinimo efekt\u0105, oda tampa elastinga, glotni ir komforti\u0161ka. Lin\u0173, salier\u0173 ir saul\u0117gr\u0105\u017e\u0173 \u201csuper s\u0117kl\u0173\u201d kompleksas pastebimai lygina tekst\u016br\u0105, ma\u017eina por\u0173 matomum\u0105 ir atkuria nat\u016bral\u0173, sveik\u0105 \u0161vyt\u0117jim\u0105.<\/p>\n<p data-start=\"2389\" data-end=\"2620\">BIOME+ Smoothing Cloud Cr\u00e8me pagamintas i\u0161 98% nat\u016bralios kilm\u0117s ingredient\u0173 ir pasi\u017eymi visi\u0161kai vegani\u0161ka formule \u2014 tai moderni, \u0161velni ir veiksminga kasdien\u0117s prie\u017ei\u016bros priemon\u0117, suteikianti odai glotnumo, balanso ir spindesio.<\/p>\n<p data-start=\"2622\" data-end=\"2637\"><strong data-start=\"2622\" data-end=\"2632\">T\u016bris:<\/strong> 50 g<\/p>\n","protected":false},"excerpt":{"rendered":"<p data-start=\"2768\" data-end=\"2804\">Dr\u0117kinantis lengvos tekst\u016bros kremas<\/p>\n<h2 data-start=\"2806\" data-end=\"2863\"><strong data-start=\"2806\" data-end=\"2863\">Image Skincare &#8211; BIOME+ Smoothing Cloud Cr\u00e8me Savyb\u0117s<\/strong><\/h2>\n<p data-start=\"2865\" data-end=\"3067\">\u2714\ufe0f Intensyviai dr\u0117kina ir mink\u0161tina od\u0105<br data-start=\"2904\" data-end=\"2907\" \/>\u2714\ufe0f Lygina tekst\u016br\u0105 ir suteikia glotnumo<br data-start=\"2946\" data-end=\"2949\" \/>\u2714\ufe0f Ma\u017eina por\u0173 matomum\u0105 ir gaivina ton\u0105<br data-start=\"2988\" data-end=\"2991\" \/>\u2714\ufe0f Stiprina barjer\u0105 ir mikrobiom\u0105<br data-start=\"3024\" data-end=\"3027\" \/>\u2714\ufe0f Suteikia nat\u016bral\u0173, sveik\u0105 \u0161vyt\u0117jim\u0105<\/p>\n","protected":false},"featured_media":62127,"template":"","meta":[],"pwb-brand":[1135],"product_brand":[],"product_cat":[738,744,746,748],"product_tag":[],"giftcard-category":[],"class_list":{"0":"post-60318","1":"product","2":"type-product","3":"status-publish","4":"has-post-thumbnail","6":"pwb-brand-image-skincare","7":"product_cat-drekinimas","8":"product_cat-issipletusios-poros","9":"product_cat-jautriai-odai","10":"product_cat-taukainai-adai-lt","12":"first","13":"instock","14":"taxable","15":"shipping-taxable","16":"purchasable","17":"product-type-simple"},"acf":[],"brands":[{"id":1135,"name":"Image Skincare","slug":"image-skincare"}],"_links":{"self":[{"href":"https:\/\/skinstudio.ee\/lt\/wp-json\/wp\/v2\/product\/60318","targetHints":{"allow":["GET"]}}],"collection":[{"href":"https:\/\/skinstudio.ee\/lt\/wp-json\/wp\/v2\/product"}],"about":[{"href":"https:\/\/skinstudio.ee\/lt\/wp-json\/wp\/v2\/types\/product"}],"version-history":[{"count":0,"href":"https:\/\/skinstudio.ee\/lt\/wp-json\/wp\/v2\/product\/60318\/revisions"}],"wp:featuredmedia":[{"embeddable":true,"href":"https:\/\/skinstudio.ee\/lt\/wp-json\/wp\/v2\/media\/62127"}],"wp:attachment":[{"href":"https:\/\/skinstudio.ee\/lt\/wp-json\/wp\/v2\/media?parent=60318"}],"wp:term":[{"taxonomy":"pwb-brand","embeddable":true,"href":"https:\/\/skinstudio.ee\/lt\/wp-json\/wp\/v2\/pwb-brand?post=60318"},{"taxonomy":"product_brand","embeddable":true,"href":"https:\/\/skinstudio.ee\/lt\/wp-json\/wp\/v2\/product_brand?post=60318"},{"taxonomy":"product_cat","embeddable":true,"href":"https:\/\/skinstudio.ee\/lt\/wp-json\/wp\/v2\/product_cat?post=60318"},{"taxonomy":"product_tag","embeddable":true,"href":"https:\/\/skinstudio.ee\/lt\/wp-json\/wp\/v2\/product_tag?post=60318"},{"taxonomy":"giftcard-category","embeddable":true,"href":"https:\/\/skinstudio.ee\/lt\/wp-json\/wp\/v2\/giftcard-category?post=60318"}],"curies":[{"name":"wp","href":"https:\/\/api.w.org\/{rel}","templated":true}]}}