{"id":60329,"date":"2024-06-17T13:48:43","date_gmt":"2024-06-17T13:48:43","guid":{"rendered":"https:\/\/skinstudio.ee\/?post_type=product&#038;p=60329"},"modified":"2025-12-29T09:56:53","modified_gmt":"2025-12-29T09:56:53","slug":"biome-cleansing-comfort-balm","status":"publish","type":"product","link":"https:\/\/skinstudio.ee\/lt\/catalog\/image-skincare\/biome-cleansing-comfort-balm\/","title":{"rendered":"BIOME+ Cleansing Comfort Balm"},"content":{"rendered":"<p data-start=\"1741\" data-end=\"2050\">BIOME+ Cleansing Comfort Balm \u2013 tai maitinantis valomasis balzamas, sujungiantis kremin\u012f \u0161velnum\u0105, gilesn\u012f valym\u0105 ir intensyv\u0173 dr\u0117kinim\u0105. Jo sodri, bet \u0161velni tekst\u016bra efektyviai tirpdo ne\u0161varumus, makia\u017e\u0105 ir riebal\u0173 pertekli\u0173, nepa\u017eeisdama nat\u016bralaus odos balanso. Tinka vis\u0173 tip\u0173 odai, taip pat ir jautriai.<\/p>\n<p data-start=\"2052\" data-end=\"2311\">Fermentuoto cukranendri\u0173 skvalano veikimas padeda atkurti odos mikrobiom\u0105 ir stiprina apsaugin\u012f barjer\u0105, tod\u0117l oda tampa lygesn\u0117, stipresn\u0117 ir atsparesn\u0117. Pieno r\u016bg\u0161tis \u0161velniai eksfolijuoja negyvas odos l\u0105steles, i\u0161lygina pavir\u0161i\u0173 ir suteikia odai mink\u0161tumo.<\/p>\n<p data-start=\"2313\" data-end=\"2641\">Augalini\u0173 aliej\u0173 derinys suteikia ilgalaik\u012f dr\u0117kinim\u0105 ir komfort\u0105, o kremin\u0117, \u0161iek tiek aliejin\u0117 tekst\u016bra palieka od\u0105 \u0161velni\u0105 ir gaivi\u0105. Subtili greipfrut\u0173 nata suteikia lengv\u0105, \u017eadinant\u012f aromat\u0105, kuris praturtina kasdien\u012f valymo ritual\u0105. Formul\u0117 yra vegani\u0161ka, nekcomedogeni\u0161ka ir sudaryta i\u0161 95% nat\u016bralios kilm\u0117s ingredient\u0173.<\/p>\n<p data-start=\"2643\" data-end=\"2660\"><strong data-start=\"2643\" data-end=\"2653\">T\u016bris:<\/strong> 118 ml<\/p>\n","protected":false},"excerpt":{"rendered":"<p data-start=\"2795\" data-end=\"2826\">Maitinamasis valomasis balzamas<\/p>\n<h2 data-start=\"2828\" data-end=\"2886\"><strong data-start=\"2828\" data-end=\"2886\">Image Skincare &#8211; BIOME+ Cleansing Comfort Balm Savyb\u0117s<\/strong><\/h2>\n<p data-start=\"2888\" data-end=\"3094\">\u2714\ufe0f Giliai tirpdo makia\u017e\u0105 ir ne\u0161varumus<br data-start=\"2926\" data-end=\"2929\" \/>\u2714\ufe0f \u0160velniai eksfolijuoja ir lygina od\u0105<br data-start=\"2967\" data-end=\"2970\" \/>\u2714\ufe0f Stiprina nat\u016bral\u0173 apsaugin\u012f barjer\u0105<br data-start=\"3008\" data-end=\"3011\" \/>\u2714\ufe0f Palaiko subalansuot\u0105 sveik\u0105 mikrobiom\u0105<br data-start=\"3052\" data-end=\"3055\" \/>\u2714\ufe0f Suteikia ilgai trunkant\u012f dr\u0117kinim\u0105<\/p>\n","protected":false},"featured_media":62116,"template":"","meta":[],"pwb-brand":[1135],"product_brand":[],"product_cat":[718],"product_tag":[],"giftcard-category":[],"class_list":{"0":"post-60329","1":"product","2":"type-product","3":"status-publish","4":"has-post-thumbnail","6":"pwb-brand-image-skincare","7":"product_cat-valymas","9":"first","10":"instock","11":"taxable","12":"shipping-taxable","13":"purchasable","14":"product-type-simple"},"acf":[],"brands":[{"id":1135,"name":"Image Skincare","slug":"image-skincare"}],"_links":{"self":[{"href":"https:\/\/skinstudio.ee\/lt\/wp-json\/wp\/v2\/product\/60329","targetHints":{"allow":["GET"]}}],"collection":[{"href":"https:\/\/skinstudio.ee\/lt\/wp-json\/wp\/v2\/product"}],"about":[{"href":"https:\/\/skinstudio.ee\/lt\/wp-json\/wp\/v2\/types\/product"}],"version-history":[{"count":0,"href":"https:\/\/skinstudio.ee\/lt\/wp-json\/wp\/v2\/product\/60329\/revisions"}],"wp:featuredmedia":[{"embeddable":true,"href":"https:\/\/skinstudio.ee\/lt\/wp-json\/wp\/v2\/media\/62116"}],"wp:attachment":[{"href":"https:\/\/skinstudio.ee\/lt\/wp-json\/wp\/v2\/media?parent=60329"}],"wp:term":[{"taxonomy":"pwb-brand","embeddable":true,"href":"https:\/\/skinstudio.ee\/lt\/wp-json\/wp\/v2\/pwb-brand?post=60329"},{"taxonomy":"product_brand","embeddable":true,"href":"https:\/\/skinstudio.ee\/lt\/wp-json\/wp\/v2\/product_brand?post=60329"},{"taxonomy":"product_cat","embeddable":true,"href":"https:\/\/skinstudio.ee\/lt\/wp-json\/wp\/v2\/product_cat?post=60329"},{"taxonomy":"product_tag","embeddable":true,"href":"https:\/\/skinstudio.ee\/lt\/wp-json\/wp\/v2\/product_tag?post=60329"},{"taxonomy":"giftcard-category","embeddable":true,"href":"https:\/\/skinstudio.ee\/lt\/wp-json\/wp\/v2\/giftcard-category?post=60329"}],"curies":[{"name":"wp","href":"https:\/\/api.w.org\/{rel}","templated":true}]}}