{"id":60342,"date":"2024-06-17T13:25:02","date_gmt":"2024-06-17T13:25:02","guid":{"rendered":"https:\/\/skinstudio.ee\/?post_type=product&#038;p=60342"},"modified":"2025-12-29T09:56:53","modified_gmt":"2025-12-29T09:56:53","slug":"biome-dew-bright-serum","status":"publish","type":"product","link":"https:\/\/skinstudio.ee\/lt\/catalog\/image-skincare\/biome-dew-bright-serum\/","title":{"rendered":"BIOME+ Dew Bright Serum"},"content":{"rendered":"<p data-start=\"1631\" data-end=\"1973\">BIOME+ Dew Bright Serum \u2013 tai dr\u0117kinantis ir gaivinamasis hibridinis serumas, sujungiantis vandeniu ir aliejumi tirpstan\u010di\u0173 ingredient\u0173 naud\u0105. Lengva, greitai \u012fsigerianti tekst\u016bra suteikia momentin\u012f dr\u0117kinim\u0105, pagerina odos elastingum\u0105 ir suteikia sveik\u0105, dr\u0117gn\u0105 \u0161vyt\u0117jim\u0105. Tinka vis\u0173 tip\u0173 odai, taip pat jautriai, nesuteikia sunkumo poj\u016b\u010dio.<\/p>\n<p data-start=\"1975\" data-end=\"2271\">Fermentuoto cukranendri\u0173 skvalanas palaiko subalansuot\u0105 mikrobiom\u0105 ir stiprina nat\u016bral\u0173 odos apsaugin\u012f barjer\u0105, tod\u0117l oda tampa lygesn\u0117 ir atsparesn\u0117. Niacinamido, saul\u0117gr\u0105\u017e\u0173 s\u0117kl\u0173 ekstrakto ir centellos derinys padeda suvienodinti odos atspalv\u012f, suma\u017einti pilk\u0161vum\u0105 ir atkurti \u0161vie\u017ei\u0105 \u0161vyt\u0117jim\u0105.<\/p>\n<p data-start=\"2273\" data-end=\"2560\">Vegani\u0161ka, kry\u017emi\u0161kai suri\u0161ta hialurono r\u016bg\u0161tis suteikia gili\u0105 ir ilgalaik\u0119 dr\u0117gm\u0119, pad\u0117dama palaikyti odos stangrum\u0105 ir elastingum\u0105 vis\u0105 dien\u0105. BIOME+ Dew Bright Serum sudarytas i\u0161 92% nat\u016bralios kilm\u0117s ingredient\u0173 ir yra puikus kasdienio naudojimo pasirinkimas dr\u0117gnai \u0161vytin\u010diai odai.<\/p>\n<p data-start=\"2562\" data-end=\"2578\"><strong data-start=\"2562\" data-end=\"2572\">T\u016bris:<\/strong> 30 ml<\/p>\n","protected":false},"excerpt":{"rendered":"<p data-start=\"2647\" data-end=\"2678\">Gaivinamasis hibridinis serumas<\/p>\n<h2 data-start=\"2680\" data-end=\"2732\"><strong data-start=\"2680\" data-end=\"2732\">Image Skincare &#8211; BIOME+ Dew Bright Serum Savyb\u0117s<\/strong><\/h2>\n<p data-start=\"2734\" data-end=\"2917\">\u2714\ufe0f Giliai ir ilgai dr\u0117kina od\u0105<br data-start=\"2764\" data-end=\"2767\" \/>\u2714\ufe0f Suvienodina ton\u0105 ir suteikia \u0161vyt\u0117jimo<br data-start=\"2808\" data-end=\"2811\" \/>\u2714\ufe0f Stiprina barjer\u0105 ir mikrobiom\u0105<br data-start=\"2844\" data-end=\"2847\" \/>\u2714\ufe0f Mink\u0161tina ir glotnina tekst\u016br\u0105<br data-start=\"2880\" data-end=\"2883\" \/>\u2714\ufe0f Suteikia dr\u0117gn\u0105, gaiv\u0173 efekt\u0105<\/p>\n","protected":false},"featured_media":62122,"template":"","meta":[],"pwb-brand":[1135],"product_brand":[],"product_cat":[744,746,724,748],"product_tag":[],"giftcard-category":[],"class_list":{"0":"post-60342","1":"product","2":"type-product","3":"status-publish","4":"has-post-thumbnail","6":"pwb-brand-image-skincare","7":"product_cat-issipletusios-poros","8":"product_cat-jautriai-odai","9":"product_cat-serumai","10":"product_cat-taukainai-adai-lt","12":"first","13":"instock","14":"taxable","15":"shipping-taxable","16":"purchasable","17":"product-type-simple"},"acf":[],"brands":[{"id":1135,"name":"Image Skincare","slug":"image-skincare"}],"_links":{"self":[{"href":"https:\/\/skinstudio.ee\/lt\/wp-json\/wp\/v2\/product\/60342","targetHints":{"allow":["GET"]}}],"collection":[{"href":"https:\/\/skinstudio.ee\/lt\/wp-json\/wp\/v2\/product"}],"about":[{"href":"https:\/\/skinstudio.ee\/lt\/wp-json\/wp\/v2\/types\/product"}],"version-history":[{"count":0,"href":"https:\/\/skinstudio.ee\/lt\/wp-json\/wp\/v2\/product\/60342\/revisions"}],"wp:featuredmedia":[{"embeddable":true,"href":"https:\/\/skinstudio.ee\/lt\/wp-json\/wp\/v2\/media\/62122"}],"wp:attachment":[{"href":"https:\/\/skinstudio.ee\/lt\/wp-json\/wp\/v2\/media?parent=60342"}],"wp:term":[{"taxonomy":"pwb-brand","embeddable":true,"href":"https:\/\/skinstudio.ee\/lt\/wp-json\/wp\/v2\/pwb-brand?post=60342"},{"taxonomy":"product_brand","embeddable":true,"href":"https:\/\/skinstudio.ee\/lt\/wp-json\/wp\/v2\/product_brand?post=60342"},{"taxonomy":"product_cat","embeddable":true,"href":"https:\/\/skinstudio.ee\/lt\/wp-json\/wp\/v2\/product_cat?post=60342"},{"taxonomy":"product_tag","embeddable":true,"href":"https:\/\/skinstudio.ee\/lt\/wp-json\/wp\/v2\/product_tag?post=60342"},{"taxonomy":"giftcard-category","embeddable":true,"href":"https:\/\/skinstudio.ee\/lt\/wp-json\/wp\/v2\/giftcard-category?post=60342"}],"curies":[{"name":"wp","href":"https:\/\/api.w.org\/{rel}","templated":true}]}}