{"id":60355,"date":"2024-07-12T14:25:53","date_gmt":"2024-07-12T14:25:53","guid":{"rendered":"https:\/\/skinstudio.ee\/?post_type=product&#038;p=60355"},"modified":"2025-12-29T09:56:54","modified_gmt":"2025-12-29T09:56:54","slug":"daily-prevention-advanced-smartblend-mineral-moisturiser-spf-50","status":"publish","type":"product","link":"https:\/\/skinstudio.ee\/lt\/catalog\/image-skincare\/daily-prevention-advanced-smartblend-mineral-moisturiser-spf-50\/","title":{"rendered":"Daily Prevention Advanced Smartblend Mineral Moisturiser SPF 50"},"content":{"rendered":"<p data-start=\"1980\" data-end=\"2329\">DAILY PREVENTION Advanced Smartblend Mineral Moisturiser \u2013 tai visi\u0161kai mineralinis dieninis kremas, sukurtas jautriai ir paraudusiai odai. Jis suteikia patikim\u0105 apsaug\u0105 nuo UV spinduli\u0173, padeda i\u0161vengti prie\u0161laikinio sen\u0117jimo ir palaiko ilgalaik\u012f dr\u0117kinim\u0105 vis\u0105 dien\u0105. Lengva tekst\u016bra greitai susigeria ir yra puikiai tinkama kasdieniam naudojimui.<\/p>\n<p data-start=\"2331\" data-end=\"2624\">Image Skincare XOSM\u2122 technologija padeda dr\u0117kinan\u010dioms veikliosioms med\u017eiagoms pasiekti gilesnius odos sluoksnius, stiprina apsaugin\u012f barjer\u0105, ma\u017eina sudirgim\u0105 ir palaiko odos komfort\u0105 bei glotnum\u0105. Kremas ramina paraudim\u0105, gerina jautrios odos b\u016bkl\u0119 ir suteikia sveikesn\u0119, tolygesn\u0119 i\u0161vaizd\u0105.<\/p>\n<p data-start=\"2626\" data-end=\"2923\">Neutralus Smartblend atspalvis nat\u016braliai prisitaiko prie odos tono, \u0161velniai maskuoja paraudim\u0105 ir atgaivina veido spalv\u0105. Formul\u0117 tinka visiems odos tipams ir puikiai dera su makia\u017eu, nepalikdama balto sluoksnio. Idealu naudoti po proced\u016br\u0173, kai oda ypa\u010d reikalauja apsaugos ir dr\u0117gm\u0117s atk\u016brimo.<\/p>\n<p data-start=\"2925\" data-end=\"2940\"><strong data-start=\"2925\" data-end=\"2935\">T\u016bris:<\/strong> 48 g<\/p>\n","protected":false},"excerpt":{"rendered":"<p data-start=\"3314\" data-end=\"3337\">Koreguoja ton\u0105 ir saugo<\/p>\n<h2 data-start=\"3339\" data-end=\"3424\"><strong data-start=\"3339\" data-end=\"3424\">Image Skincare &#8211; Daily Prevention Advanced Smartblend Mineral Moisturiser Savyb\u0117s<\/strong><\/h2>\n<p data-start=\"3426\" data-end=\"3626\">\u2714\ufe0f Koreguoja ton\u0105 ir ma\u017eina paraudim\u0105<br data-start=\"3463\" data-end=\"3466\" \/>\u2714\ufe0f Ramina jautri\u0105 ir reaktyvi\u0105 od\u0105<br data-start=\"3500\" data-end=\"3503\" \/>\u2714\ufe0f Saugo nuo UV ir m\u0117lynos \u0161viesos<br data-start=\"3537\" data-end=\"3540\" \/>\u2714\ufe0f U\u017etikrina ilgalaik\u012f dr\u0117kinim\u0105 vis\u0105 dien\u0105<br data-start=\"3583\" data-end=\"3586\" \/>\u2714\ufe0f Suteikia glotn\u0173, nat\u016bral\u0173 padengim\u0105<\/p>\n","protected":false},"featured_media":62524,"template":"","meta":[],"pwb-brand":[1135],"product_brand":[],"product_cat":[732],"product_tag":[],"giftcard-category":[],"class_list":{"0":"post-60355","1":"product","2":"type-product","3":"status-publish","4":"has-post-thumbnail","6":"pwb-brand-image-skincare","7":"product_cat-spf-apsauga","9":"first","10":"instock","11":"taxable","12":"shipping-taxable","13":"purchasable","14":"product-type-simple"},"acf":[],"brands":[{"id":1135,"name":"Image Skincare","slug":"image-skincare"}],"_links":{"self":[{"href":"https:\/\/skinstudio.ee\/lt\/wp-json\/wp\/v2\/product\/60355","targetHints":{"allow":["GET"]}}],"collection":[{"href":"https:\/\/skinstudio.ee\/lt\/wp-json\/wp\/v2\/product"}],"about":[{"href":"https:\/\/skinstudio.ee\/lt\/wp-json\/wp\/v2\/types\/product"}],"version-history":[{"count":0,"href":"https:\/\/skinstudio.ee\/lt\/wp-json\/wp\/v2\/product\/60355\/revisions"}],"wp:featuredmedia":[{"embeddable":true,"href":"https:\/\/skinstudio.ee\/lt\/wp-json\/wp\/v2\/media\/62524"}],"wp:attachment":[{"href":"https:\/\/skinstudio.ee\/lt\/wp-json\/wp\/v2\/media?parent=60355"}],"wp:term":[{"taxonomy":"pwb-brand","embeddable":true,"href":"https:\/\/skinstudio.ee\/lt\/wp-json\/wp\/v2\/pwb-brand?post=60355"},{"taxonomy":"product_brand","embeddable":true,"href":"https:\/\/skinstudio.ee\/lt\/wp-json\/wp\/v2\/product_brand?post=60355"},{"taxonomy":"product_cat","embeddable":true,"href":"https:\/\/skinstudio.ee\/lt\/wp-json\/wp\/v2\/product_cat?post=60355"},{"taxonomy":"product_tag","embeddable":true,"href":"https:\/\/skinstudio.ee\/lt\/wp-json\/wp\/v2\/product_tag?post=60355"},{"taxonomy":"giftcard-category","embeddable":true,"href":"https:\/\/skinstudio.ee\/lt\/wp-json\/wp\/v2\/giftcard-category?post=60355"}],"curies":[{"name":"wp","href":"https:\/\/api.w.org\/{rel}","templated":true}]}}