{"id":60367,"date":"2024-07-13T09:37:22","date_gmt":"2024-07-13T09:37:22","guid":{"rendered":"https:\/\/skinstudio.ee\/?post_type=product&#038;p=60367"},"modified":"2026-02-24T15:46:08","modified_gmt":"2026-02-24T15:46:08","slug":"daily-prevention-pure-mineral-hydrating-moisturiser-spf-30","status":"publish","type":"product","link":"https:\/\/skinstudio.ee\/lt\/catalog\/image-skincare\/daily-prevention-pure-mineral-hydrating-moisturiser-spf-30\/","title":{"rendered":"Daily Prevention Pure Mineral Hydrating Moisturiser SPF 30"},"content":{"rendered":"<p data-start=\"1701\" data-end=\"2038\">Daily Prevention Pure Mineral Hydrating Moisturiser \u2013 tai intensyviai dr\u0117kinantis dieninis kremas su mineraline apsauga nuo saul\u0117s. Puikiai tinka normaliai ir sausai odai, taip pat aktyv\u0173 gyvenimo b\u016bd\u0105 gyvenantiems \u017emon\u0117ms. Lengva tekst\u016bra greitai susigeria ir nat\u016braliai prisitaiko prie bet kurio odos tono, nepalikdama balto sluoksnio.<\/p>\n<p data-start=\"2040\" data-end=\"2310\">Be plataus spektro UV apsaugos, kremas taip pat padeda saugoti od\u0105 nuo m\u0117lynos \u0161viesos ir infraraudon\u0173j\u0173 spinduli\u0173, kuriuos skleid\u017eia ekranai ir aplinkos veiksniai. Jis pasiskirsto tolygiai, suteikdamas odai komforti\u0161k\u0105 dr\u0117kinim\u0105 ir puikiai tinka kaip makia\u017eo pagrindas.<\/p>\n<p data-start=\"2312\" data-end=\"2520\">XOSM\u00ae technologija kartu su hialurono r\u016bg\u0161timi ir vitaminu C suteikia intensyv\u0173 dr\u0117kinim\u0105, stiprina odos barjer\u0105 ir padeda i\u0161laikyti elastingum\u0105 bei \u0161velnum\u0105 vis\u0105 dien\u0105. Oda i\u0161lieka sudr\u0117kinta, gaivi ir lygi.<\/p>\n<p data-start=\"2522\" data-end=\"2537\"><strong data-start=\"2522\" data-end=\"2532\">T\u016bris:<\/strong> <span class=\"s1\">28 g \/ 73 g\u00a0<\/span><\/p>\n","protected":false},"excerpt":{"rendered":"<p data-start=\"2796\" data-end=\"2827\">Dr\u0117kinamasis mineralinis kremas<\/p>\n<h2 data-start=\"2829\" data-end=\"2909\"><strong data-start=\"2829\" data-end=\"2909\">Image Skincare &#8211; Daily Prevention Pure Mineral Hydrating Moisturiser Savyb\u0117s<\/strong><\/h2>\n<p data-start=\"2911\" data-end=\"3102\">\u2714\ufe0f Greitai susigeria, nepalieka baltumo<br data-start=\"2950\" data-end=\"2953\" \/>\u2714\ufe0f Gilus dr\u0117kinimas ir \u0161velnumas<br data-start=\"2985\" data-end=\"2988\" \/>\u2714\ufe0f Apsaugo nuo UV ir m\u0117lynos \u0161viesos<br data-start=\"3024\" data-end=\"3027\" \/>\u2714\ufe0f Pagerina glotnum\u0105 ir komfort\u0105<br data-start=\"3059\" data-end=\"3062\" \/>\u2714\ufe0f Palaiko odos barjer\u0105 ir elastingum\u0105<\/p>\n","protected":false},"featured_media":62469,"template":"","meta":[],"pwb-brand":[1135],"product_brand":[],"product_cat":[732,754],"product_tag":[],"giftcard-category":[],"class_list":{"0":"post-60367","1":"product","2":"type-product","3":"status-publish","4":"has-post-thumbnail","6":"pwb-brand-image-skincare","7":"product_cat-spf-apsauga","8":"product_cat-travel-size-lt","9":"pa_suurus-28g-lt","10":"pa_suurus-73g-lt","12":"first","13":"instock","14":"sale","15":"taxable","16":"shipping-taxable","17":"purchasable","18":"product-type-variable"},"acf":[],"brands":[{"id":1135,"name":"Image Skincare","slug":"image-skincare"}],"_links":{"self":[{"href":"https:\/\/skinstudio.ee\/lt\/wp-json\/wp\/v2\/product\/60367","targetHints":{"allow":["GET"]}}],"collection":[{"href":"https:\/\/skinstudio.ee\/lt\/wp-json\/wp\/v2\/product"}],"about":[{"href":"https:\/\/skinstudio.ee\/lt\/wp-json\/wp\/v2\/types\/product"}],"version-history":[{"count":1,"href":"https:\/\/skinstudio.ee\/lt\/wp-json\/wp\/v2\/product\/60367\/revisions"}],"predecessor-version":[{"id":83544,"href":"https:\/\/skinstudio.ee\/lt\/wp-json\/wp\/v2\/product\/60367\/revisions\/83544"}],"wp:featuredmedia":[{"embeddable":true,"href":"https:\/\/skinstudio.ee\/lt\/wp-json\/wp\/v2\/media\/62469"}],"wp:attachment":[{"href":"https:\/\/skinstudio.ee\/lt\/wp-json\/wp\/v2\/media?parent=60367"}],"wp:term":[{"taxonomy":"pwb-brand","embeddable":true,"href":"https:\/\/skinstudio.ee\/lt\/wp-json\/wp\/v2\/pwb-brand?post=60367"},{"taxonomy":"product_brand","embeddable":true,"href":"https:\/\/skinstudio.ee\/lt\/wp-json\/wp\/v2\/product_brand?post=60367"},{"taxonomy":"product_cat","embeddable":true,"href":"https:\/\/skinstudio.ee\/lt\/wp-json\/wp\/v2\/product_cat?post=60367"},{"taxonomy":"product_tag","embeddable":true,"href":"https:\/\/skinstudio.ee\/lt\/wp-json\/wp\/v2\/product_tag?post=60367"},{"taxonomy":"giftcard-category","embeddable":true,"href":"https:\/\/skinstudio.ee\/lt\/wp-json\/wp\/v2\/giftcard-category?post=60367"}],"curies":[{"name":"wp","href":"https:\/\/api.w.org\/{rel}","templated":true}]}}