{"id":60388,"date":"2024-07-13T10:08:03","date_gmt":"2024-07-13T10:08:03","guid":{"rendered":"https:\/\/skinstudio.ee\/?post_type=product&#038;p=60388"},"modified":"2025-12-29T09:56:57","modified_gmt":"2025-12-29T09:56:57","slug":"prevention-clear-solar-gel-spf-30","status":"publish","type":"product","link":"https:\/\/skinstudio.ee\/lt\/catalog\/image-skincare\/prevention-clear-solar-gel-spf-30\/","title":{"rendered":"Prevention+ Clear Solar Gel SPF 30"},"content":{"rendered":"<p data-start=\"1776\" data-end=\"2077\">Prevention+ Clear Solar Gel \u2013 tai 100% skaidrus apsauginis gelis nuo saul\u0117s, kuris akimirksniu susigeria ir nepalieka joki\u0173 \u017eymi\u0173 ant odos. Lengva tekst\u016bra tolygiai prisitaiko prie bet kurio odos tono, tod\u0117l gelis puikiai tinka kasdieniam naudojimui, aktyviam gyvenimo b\u016bdui ar kaip makia\u017eo pagrindas.<\/p>\n<p data-start=\"2079\" data-end=\"2288\">Formul\u0117 be vandens suteikia patikim\u0105 UVA ir UVB apsaug\u0105 ir i\u0161laiko vandens atsparum\u0105 iki 80 minu\u010di\u0173. Ji padeda apsaugoti od\u0105 nuo fotosen\u0117jimo ir aplinkos sukeliamos \u017ealos, i\u0161laikydama od\u0105 komforti\u0161k\u0105 ir lygi\u0105.<\/p>\n<p data-start=\"2290\" data-end=\"2559\">Fermentuot\u0173 cukranendri\u0173 augalinis skvalanas suteikia ilgalaik\u012f dr\u0117kinim\u0105, o \u017ealiosios arbatos ekstraktas bei vitaminai C ir E padeda apsaugoti od\u0105 nuo laisv\u0173j\u0173 radikal\u0173. Nat\u016bralus apelsino \u017eievel\u0117s aliejus suteikia gaiv\u0173 citrusin\u012f aromat\u0105. Formul\u0117 yra nekcomedogenin\u0117.<\/p>\n<p data-start=\"2561\" data-end=\"2578\"><strong data-start=\"2561\" data-end=\"2571\">T\u016bris:<\/strong> 42.5 g<\/p>\n<p data-start=\"2580\" data-end=\"2841\">\n","protected":false},"excerpt":{"rendered":"<p data-start=\"2843\" data-end=\"2861\">Skaidrus SPF gelis<\/p>\n<h2 data-start=\"2863\" data-end=\"2919\"><strong data-start=\"2863\" data-end=\"2919\">Image Skincare &#8211; Prevention+ Clear Solar Gel Savyb\u0117s<\/strong><\/h2>\n<p data-start=\"2921\" data-end=\"3119\">\u2714\ufe0f Suteikia visi\u0161kai nematom\u0105 SPF 30 apsaug\u0105<br data-start=\"2965\" data-end=\"2968\" \/>\u2714\ufe0f Greitai susigeria ir nepalieka baltumo<br data-start=\"3009\" data-end=\"3012\" \/>\u2714\ufe0f Dr\u0117kina ir mink\u0161tina od\u0105<br data-start=\"3039\" data-end=\"3042\" \/>\u2714\ufe0f Lengva, kasdienai tinkanti formul\u0117<br data-start=\"3079\" data-end=\"3082\" \/>\u2714\ufe0f Puikiai tinka naudoti po makia\u017eu<\/p>\n","protected":false},"featured_media":62514,"template":"","meta":[],"pwb-brand":[1135],"product_brand":[],"product_cat":[732],"product_tag":[],"giftcard-category":[],"class_list":{"0":"post-60388","1":"product","2":"type-product","3":"status-publish","4":"has-post-thumbnail","6":"pwb-brand-image-skincare","7":"product_cat-spf-apsauga","9":"first","10":"instock","11":"taxable","12":"shipping-taxable","13":"purchasable","14":"product-type-simple"},"acf":[],"brands":[{"id":1135,"name":"Image Skincare","slug":"image-skincare"}],"_links":{"self":[{"href":"https:\/\/skinstudio.ee\/lt\/wp-json\/wp\/v2\/product\/60388","targetHints":{"allow":["GET"]}}],"collection":[{"href":"https:\/\/skinstudio.ee\/lt\/wp-json\/wp\/v2\/product"}],"about":[{"href":"https:\/\/skinstudio.ee\/lt\/wp-json\/wp\/v2\/types\/product"}],"version-history":[{"count":0,"href":"https:\/\/skinstudio.ee\/lt\/wp-json\/wp\/v2\/product\/60388\/revisions"}],"wp:featuredmedia":[{"embeddable":true,"href":"https:\/\/skinstudio.ee\/lt\/wp-json\/wp\/v2\/media\/62514"}],"wp:attachment":[{"href":"https:\/\/skinstudio.ee\/lt\/wp-json\/wp\/v2\/media?parent=60388"}],"wp:term":[{"taxonomy":"pwb-brand","embeddable":true,"href":"https:\/\/skinstudio.ee\/lt\/wp-json\/wp\/v2\/pwb-brand?post=60388"},{"taxonomy":"product_brand","embeddable":true,"href":"https:\/\/skinstudio.ee\/lt\/wp-json\/wp\/v2\/product_brand?post=60388"},{"taxonomy":"product_cat","embeddable":true,"href":"https:\/\/skinstudio.ee\/lt\/wp-json\/wp\/v2\/product_cat?post=60388"},{"taxonomy":"product_tag","embeddable":true,"href":"https:\/\/skinstudio.ee\/lt\/wp-json\/wp\/v2\/product_tag?post=60388"},{"taxonomy":"giftcard-category","embeddable":true,"href":"https:\/\/skinstudio.ee\/lt\/wp-json\/wp\/v2\/giftcard-category?post=60388"}],"curies":[{"name":"wp","href":"https:\/\/api.w.org\/{rel}","templated":true}]}}