{"id":60409,"date":"2024-11-23T12:15:30","date_gmt":"2024-11-23T12:15:30","guid":{"rendered":"https:\/\/skinstudio.ee\/?post_type=product&#038;p=60409"},"modified":"2025-12-29T09:56:56","modified_gmt":"2025-12-29T09:56:56","slug":"iluma-intense-brightening-eye-creme","status":"publish","type":"product","link":"https:\/\/skinstudio.ee\/lt\/catalog\/image-skincare\/iluma-intense-brightening-eye-creme\/","title":{"rendered":"Iluma Intense Brightening Eye Creme"},"content":{"rendered":"<p data-start=\"3464\" data-end=\"3712\">Iluma Intense Brightening Eye Creme sukurtas aki\u0173 srities odos tono korekcijai ir i\u0161lyginimui, kur pirmiausia matosi nuovargio ir sen\u0117jimo po\u017eymiai. Lengva, bet prisotinta tekst\u016bra padeda suma\u017einti pilk\u0161vum\u0105, suteikti gaivumo ir suma\u017einti patinim\u0105.<\/p>\n<p data-start=\"3714\" data-end=\"4052\">Augalini\u0173 kamienini\u0173 l\u0105steli\u0173 ekstraktai, peptidai ir \u0161viesinantys aktyvieji ingredientai \u0161velniai veikia jautri\u0105 aki\u0173 zonos od\u0105, gerindami jos stangrum\u0105 ir glotnum\u0105. Kremas padeda ma\u017einti tamsius ratilus, \u0161velnina smulkias linijas ir palaiko tolygesn\u0119, sveikesn\u0119 i\u0161vaizd\u0105. Jis greitai susigeria ir palieka od\u0105 sudr\u0117kint\u0105 bei komforti\u0161k\u0105.<\/p>\n<p data-start=\"4054\" data-end=\"4152\">Reguliariai naudojant Iluma Intense Brightening Eye Creme padeda atkurti odos spindes\u012f ir gaivum\u0105.<\/p>\n<p data-start=\"4154\" data-end=\"4170\"><strong data-start=\"4154\" data-end=\"4164\">T\u016bris:<\/strong> 15 ml<\/p>\n","protected":false},"excerpt":{"rendered":"<p data-start=\"4209\" data-end=\"4233\">\u0160viesinantis aki\u0173 kremas<\/p>\n<h2 data-start=\"4235\" data-end=\"4299\"><strong data-start=\"4235\" data-end=\"4299\">Image Skincare &#8211; Iluma Intense Brightening Eye Creme Savyb\u0117s<\/strong><\/h2>\n<p data-start=\"4301\" data-end=\"4492\">\u2714\ufe0f \u0160viesina ir tolygina odos ton\u0105<br data-start=\"4334\" data-end=\"4337\" \/>\u2714\ufe0f Ma\u017eina tamsius ratilus ir pilk\u0161vum\u0105<br data-start=\"4375\" data-end=\"4378\" \/>\u2714\ufe0f Mink\u0161tina ir glotnina smulkias linijas<br data-start=\"4419\" data-end=\"4422\" \/>\u2714\ufe0f Ma\u017eina paburkim\u0105 ir gaivina<br data-start=\"4452\" data-end=\"4455\" \/>\u2714\ufe0f Palaiko stangrum\u0105 ir elastingum\u0105<\/p>\n","protected":false},"featured_media":62106,"template":"","meta":[],"pwb-brand":[1135],"product_brand":[],"product_cat":[734],"product_tag":[],"giftcard-category":[],"class_list":{"0":"post-60409","1":"product","2":"type-product","3":"status-publish","4":"has-post-thumbnail","6":"pwb-brand-image-skincare","7":"product_cat-oda-aplink-akis","9":"first","10":"instock","11":"taxable","12":"shipping-taxable","13":"purchasable","14":"product-type-simple"},"acf":[],"brands":[{"id":1135,"name":"Image Skincare","slug":"image-skincare"}],"_links":{"self":[{"href":"https:\/\/skinstudio.ee\/lt\/wp-json\/wp\/v2\/product\/60409","targetHints":{"allow":["GET"]}}],"collection":[{"href":"https:\/\/skinstudio.ee\/lt\/wp-json\/wp\/v2\/product"}],"about":[{"href":"https:\/\/skinstudio.ee\/lt\/wp-json\/wp\/v2\/types\/product"}],"version-history":[{"count":0,"href":"https:\/\/skinstudio.ee\/lt\/wp-json\/wp\/v2\/product\/60409\/revisions"}],"wp:featuredmedia":[{"embeddable":true,"href":"https:\/\/skinstudio.ee\/lt\/wp-json\/wp\/v2\/media\/62106"}],"wp:attachment":[{"href":"https:\/\/skinstudio.ee\/lt\/wp-json\/wp\/v2\/media?parent=60409"}],"wp:term":[{"taxonomy":"pwb-brand","embeddable":true,"href":"https:\/\/skinstudio.ee\/lt\/wp-json\/wp\/v2\/pwb-brand?post=60409"},{"taxonomy":"product_brand","embeddable":true,"href":"https:\/\/skinstudio.ee\/lt\/wp-json\/wp\/v2\/product_brand?post=60409"},{"taxonomy":"product_cat","embeddable":true,"href":"https:\/\/skinstudio.ee\/lt\/wp-json\/wp\/v2\/product_cat?post=60409"},{"taxonomy":"product_tag","embeddable":true,"href":"https:\/\/skinstudio.ee\/lt\/wp-json\/wp\/v2\/product_tag?post=60409"},{"taxonomy":"giftcard-category","embeddable":true,"href":"https:\/\/skinstudio.ee\/lt\/wp-json\/wp\/v2\/giftcard-category?post=60409"}],"curies":[{"name":"wp","href":"https:\/\/api.w.org\/{rel}","templated":true}]}}