{"id":60508,"date":"2024-11-23T12:25:43","date_gmt":"2024-11-23T12:25:43","guid":{"rendered":"https:\/\/skinstudio.ee\/?post_type=product&#038;p=60508"},"modified":"2025-12-29T09:56:55","modified_gmt":"2025-12-29T09:56:55","slug":"iluma-brightening-body-lotion","status":"publish","type":"product","link":"https:\/\/skinstudio.ee\/lt\/catalog\/image-skincare\/iluma-brightening-body-lotion\/","title":{"rendered":"Iluma Brightening Body Lotion"},"content":{"rendered":"<div class=\"woocommerce-product-details__short-description\">\n<p data-start=\"1392\" data-end=\"1670\">Iluma Brightening Body Lotion \u2013 tai intensyviai \u0161viesinantis k\u016bno losjonas, padedantis koreguoti netolyg\u0173 odos atspalv\u012f, pigmentines d\u0117mes ir su am\u017eiumi atsirandan\u010dius spalvos poky\u010dius. Lengva, ta\u010diau veiksminga formul\u0117 suteikia odai glotnesn\u0119, skaistesn\u0119 ir tolygesn\u0119 i\u0161vaizd\u0105.<\/p>\n<p data-start=\"1672\" data-end=\"2030\">Sud\u0117tyje esantis DermaPep (dipeptidas-16) kartu su saldymed\u017eio, tuberozos, ramun\u0117l\u0117s, ciber\u017eol\u0117s ir \u0161alavijo ekstraktais palaiko \u0161viesinant\u012f poveik\u012f ir pagerina bendr\u0105 odos b\u016bkl\u0119. Vectorize technologija palaipsniui i\u0161skiria veikli\u0105sias med\u017eiagas iki 48 valand\u0173, padedant pasiekti ilgalaik\u012f efekt\u0105.<br data-start=\"1969\" data-end=\"1972\" \/>\u0160is produktas skirtas <strong data-start=\"1994\" data-end=\"2029\">tik k\u016bno odai ir netinka veidui<\/strong>.<\/p>\n<p data-start=\"2032\" data-end=\"2048\"><strong data-start=\"2032\" data-end=\"2042\">T\u016bris:<\/strong> 170 g<\/p>\n<\/div>\n","protected":false},"excerpt":{"rendered":"<p data-start=\"2145\" data-end=\"2171\">\u0160viesinantis k\u016bno losjonas<\/p>\n<h2 data-start=\"2173\" data-end=\"2231\"><strong data-start=\"2173\" data-end=\"2231\">Image Skincare &#8211; Iluma Brightening Body Lotion Savyb\u0117s<\/strong><\/h2>\n<p data-start=\"2233\" data-end=\"2415\">\u2714\ufe0f Giliai dr\u0117kina ir mink\u0161tina od\u0105<br data-start=\"2267\" data-end=\"2270\" \/>\u2714\ufe0f Padeda tolyginti k\u016bno odos ton\u0105<br data-start=\"2304\" data-end=\"2307\" \/>\u2714\ufe0f Ma\u017eina tamsi\u0173 d\u0117mi\u0173 matomum\u0105<br data-start=\"2338\" data-end=\"2341\" \/>\u2714\ufe0f Suteikia glotnumo ir \u0161vyt\u0117jimo<br data-start=\"2374\" data-end=\"2377\" \/>\u2714\ufe0f Palaiko pri\u017ei\u016br\u0117tos odos i\u0161vaizd\u0105<\/p>\n","protected":false},"featured_media":62086,"template":"","meta":[],"pwb-brand":[1135],"product_brand":[],"product_cat":[758],"product_tag":[],"giftcard-category":[],"class_list":{"0":"post-60508","1":"product","2":"type-product","3":"status-publish","4":"has-post-thumbnail","6":"pwb-brand-image-skincare","7":"product_cat-kuno-prieziura","9":"first","10":"instock","11":"taxable","12":"shipping-taxable","13":"purchasable","14":"product-type-simple"},"acf":[],"brands":[{"id":1135,"name":"Image Skincare","slug":"image-skincare"}],"_links":{"self":[{"href":"https:\/\/skinstudio.ee\/lt\/wp-json\/wp\/v2\/product\/60508","targetHints":{"allow":["GET"]}}],"collection":[{"href":"https:\/\/skinstudio.ee\/lt\/wp-json\/wp\/v2\/product"}],"about":[{"href":"https:\/\/skinstudio.ee\/lt\/wp-json\/wp\/v2\/types\/product"}],"version-history":[{"count":0,"href":"https:\/\/skinstudio.ee\/lt\/wp-json\/wp\/v2\/product\/60508\/revisions"}],"wp:featuredmedia":[{"embeddable":true,"href":"https:\/\/skinstudio.ee\/lt\/wp-json\/wp\/v2\/media\/62086"}],"wp:attachment":[{"href":"https:\/\/skinstudio.ee\/lt\/wp-json\/wp\/v2\/media?parent=60508"}],"wp:term":[{"taxonomy":"pwb-brand","embeddable":true,"href":"https:\/\/skinstudio.ee\/lt\/wp-json\/wp\/v2\/pwb-brand?post=60508"},{"taxonomy":"product_brand","embeddable":true,"href":"https:\/\/skinstudio.ee\/lt\/wp-json\/wp\/v2\/product_brand?post=60508"},{"taxonomy":"product_cat","embeddable":true,"href":"https:\/\/skinstudio.ee\/lt\/wp-json\/wp\/v2\/product_cat?post=60508"},{"taxonomy":"product_tag","embeddable":true,"href":"https:\/\/skinstudio.ee\/lt\/wp-json\/wp\/v2\/product_tag?post=60508"},{"taxonomy":"giftcard-category","embeddable":true,"href":"https:\/\/skinstudio.ee\/lt\/wp-json\/wp\/v2\/giftcard-category?post=60508"}],"curies":[{"name":"wp","href":"https:\/\/api.w.org\/{rel}","templated":true}]}}