{"id":60522,"date":"2024-11-23T12:49:00","date_gmt":"2024-11-23T12:49:00","guid":{"rendered":"https:\/\/skinstudio.ee\/?post_type=product&#038;p=60522"},"modified":"2025-12-29T09:56:57","modified_gmt":"2025-12-29T09:56:57","slug":"md-restoring-eye-masks","status":"publish","type":"product","link":"https:\/\/skinstudio.ee\/lt\/catalog\/image-skincare\/md-restoring-eye-masks\/","title":{"rendered":"MD Restoring Eye Masks"},"content":{"rendered":"<p data-start=\"1545\" data-end=\"1842\">MD Restoring Eye Masks &#8211; raminan\u010dios ir stiprinan\u010dios kauk\u0117s aki\u0173 zonai, sukurtos greitam odos atgaivinimui. Jos padeda suma\u017einti nuovargio po\u017eymius, pagerinti odos elastingum\u0105 ir suteikti \u017evilgsniui daugiau gaivumo. Puikiai tinka naudoti ryte patinimui suma\u017einti arba vakare prie\u0161 svarb\u0173 rengin\u012f.<\/p>\n<p data-start=\"1844\" data-end=\"2156\">Kauk\u0117s tvirtai laikosi savo vietoje ir nenuslysta, tod\u0117l galite laisvai jud\u0117ti jas naudojant. J\u0173 dr\u0117kinamasis ir glotninamasis poveikis padeda suma\u017einti paburkim\u0105, su\u0161velninti smulkias linijas ir pagerinti bendr\u0105 odos glotnum\u0105. Jas taip pat galima naudoti aplink l\u016bpas, kad b\u016bt\u0173 i\u0161vengta mimikos linij\u0173 gil\u0117jimo.<\/p>\n<p data-start=\"2158\" data-end=\"2175\"><strong data-start=\"2158\" data-end=\"2168\">T\u016bris:<\/strong> 1 pora<\/p>\n","protected":false},"excerpt":{"rendered":"<p data-start=\"2444\" data-end=\"2472\">Gaivinan\u010dios aki\u0173 pagalv\u0117l\u0117s<\/p>\n<h2 data-start=\"2474\" data-end=\"2525\"><strong data-start=\"2474\" data-end=\"2525\">Image Skincare &#8211; MD Restoring Eye Masks Savyb\u0117s<\/strong><\/h2>\n<p data-start=\"2527\" data-end=\"2733\">\u2714\ufe0f Atgaivina od\u0105 ir suteikia \u0161vyt\u0117jimo<br data-start=\"2565\" data-end=\"2568\" \/>\u2714\ufe0f Ma\u017eina paburkim\u0105 ir nuovargio po\u017eymius<br data-start=\"2609\" data-end=\"2612\" \/>\u2714\ufe0f \u0160velnina ir glotnina smulkias linijas<br data-start=\"2652\" data-end=\"2655\" \/>\u2714\ufe0f Dr\u0117kina ir stiprina jautri\u0105 od\u0105<br data-start=\"2689\" data-end=\"2692\" \/>\u2714\ufe0f Suteikia greit\u0105, pri\u017ei\u016br\u0117t\u0105 i\u0161vaizd\u0105<\/p>\n","protected":false},"featured_media":62076,"template":"","meta":[],"pwb-brand":[1135],"product_brand":[],"product_cat":[726,734],"product_tag":[],"giftcard-category":[],"class_list":{"0":"post-60522","1":"product","2":"type-product","3":"status-publish","4":"has-post-thumbnail","6":"pwb-brand-image-skincare","7":"product_cat-maskas-lt","8":"product_cat-oda-aplink-akis","10":"first","11":"instock","12":"taxable","13":"shipping-taxable","14":"purchasable","15":"product-type-simple"},"acf":[],"brands":[{"id":1135,"name":"Image Skincare","slug":"image-skincare"}],"_links":{"self":[{"href":"https:\/\/skinstudio.ee\/lt\/wp-json\/wp\/v2\/product\/60522","targetHints":{"allow":["GET"]}}],"collection":[{"href":"https:\/\/skinstudio.ee\/lt\/wp-json\/wp\/v2\/product"}],"about":[{"href":"https:\/\/skinstudio.ee\/lt\/wp-json\/wp\/v2\/types\/product"}],"version-history":[{"count":0,"href":"https:\/\/skinstudio.ee\/lt\/wp-json\/wp\/v2\/product\/60522\/revisions"}],"wp:featuredmedia":[{"embeddable":true,"href":"https:\/\/skinstudio.ee\/lt\/wp-json\/wp\/v2\/media\/62076"}],"wp:attachment":[{"href":"https:\/\/skinstudio.ee\/lt\/wp-json\/wp\/v2\/media?parent=60522"}],"wp:term":[{"taxonomy":"pwb-brand","embeddable":true,"href":"https:\/\/skinstudio.ee\/lt\/wp-json\/wp\/v2\/pwb-brand?post=60522"},{"taxonomy":"product_brand","embeddable":true,"href":"https:\/\/skinstudio.ee\/lt\/wp-json\/wp\/v2\/product_brand?post=60522"},{"taxonomy":"product_cat","embeddable":true,"href":"https:\/\/skinstudio.ee\/lt\/wp-json\/wp\/v2\/product_cat?post=60522"},{"taxonomy":"product_tag","embeddable":true,"href":"https:\/\/skinstudio.ee\/lt\/wp-json\/wp\/v2\/product_tag?post=60522"},{"taxonomy":"giftcard-category","embeddable":true,"href":"https:\/\/skinstudio.ee\/lt\/wp-json\/wp\/v2\/giftcard-category?post=60522"}],"curies":[{"name":"wp","href":"https:\/\/api.w.org\/{rel}","templated":true}]}}