{"id":60532,"date":"2024-11-23T13:15:30","date_gmt":"2024-11-23T13:15:30","guid":{"rendered":"https:\/\/skinstudio.ee\/?post_type=product&#038;p=60532"},"modified":"2025-12-29T09:56:55","modified_gmt":"2025-12-29T09:56:55","slug":"iluma-intense-brightening-creme","status":"publish","type":"product","link":"https:\/\/skinstudio.ee\/lt\/catalog\/image-skincare\/iluma-intense-brightening-creme\/","title":{"rendered":"Iluma Intense Brightening Creme"},"content":{"rendered":"<p data-start=\"1390\" data-end=\"1758\">Iluma Intense Brightening Creme &#8211; tai revoliucinis \u0161viesinantis kremas, sukurtas pad\u0117ti ma\u017einti pigmentines d\u0117mes, am\u017eiaus spalvos poky\u010dius ir netolyg\u0173 odos atspalv\u012f. \u0160velni, ta\u010diau veiksminga formul\u0117 veikia pigmentacijos procesus ir padeda i\u0161laikyti skaistesn\u0119, tolygesn\u0119 bei \u0161vytin\u010di\u0105 od\u0105. Tinka kasdieniam naudojimui, kad oda atrodyt\u0173 gaivesn\u0117 ir labiau pri\u017ei\u016br\u0117ta.<\/p>\n<p data-start=\"1760\" data-end=\"2042\">I\u0161skirtinis fitokompleksas suteikia odai \u0161viesumo ir pagerina jos vizualin\u012f skaidrum\u0105. Vectorize technologija palaipsniui i\u0161skiria veikli\u0105sias med\u017eiagas iki 48 valand\u0173, stiprindama ilgalaik\u012f poveik\u012f. Kremas pasi\u017eymi malonia tekst\u016bra, greitai \u012fsigeria ir tinka \u012fvairiems odos tipams.<\/p>\n<p data-start=\"2044\" data-end=\"2059\"><strong data-start=\"2044\" data-end=\"2054\">T\u016bris:<\/strong> 48 g<\/p>\n","protected":false},"excerpt":{"rendered":"<p data-start=\"2103\" data-end=\"2133\">Intensyvus \u0161viesinantis kremas<\/p>\n<h2 data-start=\"2135\" data-end=\"2195\"><strong data-start=\"2135\" data-end=\"2195\">Image Skincare &#8211; Iluma Intense Brightening Creme Savyb\u0117s<\/strong><\/h2>\n<p data-start=\"2197\" data-end=\"2385\">\u2714\ufe0f Padeda tolyginti odos atspalv\u012f<br data-start=\"2230\" data-end=\"2233\" \/>\u2714\ufe0f Ma\u017eina matomas pigmentines d\u0117mes<br data-start=\"2268\" data-end=\"2271\" \/>\u2714\ufe0f Suteikia odai \u0161viesumo ir skaidrumo<br data-start=\"2309\" data-end=\"2312\" \/>\u2714\ufe0f Glotnina ir mink\u0161tina od\u0105<br data-start=\"2340\" data-end=\"2343\" \/>\u2714\ufe0f Palaiko \u0161vytint\u012f ir pri\u017ei\u016br\u0117t\u0105 vaizd\u0105<\/p>\n","protected":false},"featured_media":62071,"template":"","meta":[],"pwb-brand":[1135],"product_brand":[],"product_cat":[738,752],"product_tag":[],"giftcard-category":[],"class_list":{"0":"post-60532","1":"product","2":"type-product","3":"status-publish","4":"has-post-thumbnail","6":"pwb-brand-image-skincare","7":"product_cat-drekinimas","8":"product_cat-pigmentacija-lt","10":"first","11":"instock","12":"taxable","13":"shipping-taxable","14":"purchasable","15":"product-type-simple"},"acf":[],"brands":[{"id":1135,"name":"Image Skincare","slug":"image-skincare"}],"_links":{"self":[{"href":"https:\/\/skinstudio.ee\/lt\/wp-json\/wp\/v2\/product\/60532","targetHints":{"allow":["GET"]}}],"collection":[{"href":"https:\/\/skinstudio.ee\/lt\/wp-json\/wp\/v2\/product"}],"about":[{"href":"https:\/\/skinstudio.ee\/lt\/wp-json\/wp\/v2\/types\/product"}],"version-history":[{"count":0,"href":"https:\/\/skinstudio.ee\/lt\/wp-json\/wp\/v2\/product\/60532\/revisions"}],"wp:featuredmedia":[{"embeddable":true,"href":"https:\/\/skinstudio.ee\/lt\/wp-json\/wp\/v2\/media\/62071"}],"wp:attachment":[{"href":"https:\/\/skinstudio.ee\/lt\/wp-json\/wp\/v2\/media?parent=60532"}],"wp:term":[{"taxonomy":"pwb-brand","embeddable":true,"href":"https:\/\/skinstudio.ee\/lt\/wp-json\/wp\/v2\/pwb-brand?post=60532"},{"taxonomy":"product_brand","embeddable":true,"href":"https:\/\/skinstudio.ee\/lt\/wp-json\/wp\/v2\/product_brand?post=60532"},{"taxonomy":"product_cat","embeddable":true,"href":"https:\/\/skinstudio.ee\/lt\/wp-json\/wp\/v2\/product_cat?post=60532"},{"taxonomy":"product_tag","embeddable":true,"href":"https:\/\/skinstudio.ee\/lt\/wp-json\/wp\/v2\/product_tag?post=60532"},{"taxonomy":"giftcard-category","embeddable":true,"href":"https:\/\/skinstudio.ee\/lt\/wp-json\/wp\/v2\/giftcard-category?post=60532"}],"curies":[{"name":"wp","href":"https:\/\/api.w.org\/{rel}","templated":true}]}}