{"id":60696,"date":"2024-11-25T14:04:40","date_gmt":"2024-11-25T14:04:40","guid":{"rendered":"https:\/\/skinstudio.ee\/?post_type=product&#038;p=60696"},"modified":"2025-12-29T09:56:56","modified_gmt":"2025-12-29T09:56:56","slug":"iluma-intense-brightening-serum","status":"publish","type":"product","link":"https:\/\/skinstudio.ee\/lt\/catalog\/image-skincare\/iluma-intense-brightening-serum\/","title":{"rendered":"Iluma Intense Brightening Serum"},"content":{"rendered":"<p data-start=\"1445\" data-end=\"1727\">Iluma Intense Brightening Serum \u2013 itin lengvas, neriebus serumas, sukurtas suma\u017einti odos pilk\u0161vum\u0105, nuraminti sudirgim\u0105 ir suteikti odai \u0161viesesn\u012f, tolygesn\u012f atspalv\u012f. \u0160ilkin\u0117 tekst\u016bra lengvai pasiskirsto, akimirksniu susigeria ir padeda atkurti gaivesn\u0119, skaistesn\u0119 odos i\u0161vaizd\u0105.<\/p>\n<p data-start=\"1729\" data-end=\"2115\">Formul\u0117 paremta kruop\u0161\u010diai parinktu \u0161viesinan\u010di\u0173 ir antioksidacini\u0173 ingredient\u0173 deriniu, veikian\u010diu sinergi\u0161kai:<br data-start=\"1841\" data-end=\"1844\" \/>\u2022 <strong data-start=\"1846\" data-end=\"1860\">Vitamino C<\/strong> padeda i\u0161lyginti atspalv\u012f ir suteikti odai daugiau skaistumo.<br data-start=\"1922\" data-end=\"1925\" \/>\u2022 <strong data-start=\"1927\" data-end=\"1959\">Vynuogi\u0173 kauliuk\u0173 ekstraktas<\/strong> \u0161velnina od\u0105 ir palaiko nat\u016bral\u0173 jos \u0161vyt\u0117jim\u0105.<br data-start=\"2007\" data-end=\"2010\" \/>\u2022 <strong data-start=\"2012\" data-end=\"2049\">\u0160velniai \u0161viesinantys komponentai<\/strong> ma\u017eina pigmentini\u0173 d\u0117mi\u0173 matomum\u0105 ir gerina atspalvio tolygum\u0105.<\/p>\n<p data-start=\"2117\" data-end=\"2297\">Lengva tekst\u016bra tinka net jautriai odai, taip pat naudojimui po lazerini\u0173 proced\u016br\u0173 ar depiliacijos. Reguliariai naudojant oda tampa lygesn\u0117, skaistesn\u0117 ir vizualiai atsinaujinusi.<\/p>\n<p data-start=\"2299\" data-end=\"2315\"><strong data-start=\"2299\" data-end=\"2309\">T\u016bris:<\/strong> 30 ml<\/p>\n","protected":false},"excerpt":{"rendered":"<p data-start=\"2359\" data-end=\"2379\">\u0160viesinantis serumas<\/p>\n<h2 data-start=\"2381\" data-end=\"2441\"><strong data-start=\"2381\" data-end=\"2441\">Image Skincare &#8211; Iluma Intense Brightening Serum Savyb\u0117s<\/strong><\/h2>\n<p data-start=\"2443\" data-end=\"2639\">\u2714\ufe0f \u0160viesina od\u0105 ir ma\u017eina pilk\u0161vum\u0105<br data-start=\"2478\" data-end=\"2481\" \/>\u2714\ufe0f Padeda i\u0161gauti tolygesn\u012f, gaivesn\u012f ton\u0105<br data-start=\"2523\" data-end=\"2526\" \/>\u2714\ufe0f Ma\u017eina tamsi\u0173 d\u0117mi\u0173 matomum\u0105<br data-start=\"2557\" data-end=\"2560\" \/>\u2714\ufe0f Greitai susigeria ir \u0161velnina od\u0105<br data-start=\"2596\" data-end=\"2599\" \/>\u2714\ufe0f Suteikia nat\u016bral\u0173, sveik\u0105 \u0161vyt\u0117jim\u0105<\/p>\n","protected":false},"featured_media":62061,"template":"","meta":[],"pwb-brand":[1135],"product_brand":[],"product_cat":[752,724],"product_tag":[],"giftcard-category":[],"class_list":{"0":"post-60696","1":"product","2":"type-product","3":"status-publish","4":"has-post-thumbnail","6":"pwb-brand-image-skincare","7":"product_cat-pigmentacija-lt","8":"product_cat-serumai","10":"first","11":"instock","12":"taxable","13":"shipping-taxable","14":"purchasable","15":"product-type-simple"},"acf":[],"brands":[{"id":1135,"name":"Image Skincare","slug":"image-skincare"}],"_links":{"self":[{"href":"https:\/\/skinstudio.ee\/lt\/wp-json\/wp\/v2\/product\/60696","targetHints":{"allow":["GET"]}}],"collection":[{"href":"https:\/\/skinstudio.ee\/lt\/wp-json\/wp\/v2\/product"}],"about":[{"href":"https:\/\/skinstudio.ee\/lt\/wp-json\/wp\/v2\/types\/product"}],"version-history":[{"count":0,"href":"https:\/\/skinstudio.ee\/lt\/wp-json\/wp\/v2\/product\/60696\/revisions"}],"wp:featuredmedia":[{"embeddable":true,"href":"https:\/\/skinstudio.ee\/lt\/wp-json\/wp\/v2\/media\/62061"}],"wp:attachment":[{"href":"https:\/\/skinstudio.ee\/lt\/wp-json\/wp\/v2\/media?parent=60696"}],"wp:term":[{"taxonomy":"pwb-brand","embeddable":true,"href":"https:\/\/skinstudio.ee\/lt\/wp-json\/wp\/v2\/pwb-brand?post=60696"},{"taxonomy":"product_brand","embeddable":true,"href":"https:\/\/skinstudio.ee\/lt\/wp-json\/wp\/v2\/product_brand?post=60696"},{"taxonomy":"product_cat","embeddable":true,"href":"https:\/\/skinstudio.ee\/lt\/wp-json\/wp\/v2\/product_cat?post=60696"},{"taxonomy":"product_tag","embeddable":true,"href":"https:\/\/skinstudio.ee\/lt\/wp-json\/wp\/v2\/product_tag?post=60696"},{"taxonomy":"giftcard-category","embeddable":true,"href":"https:\/\/skinstudio.ee\/lt\/wp-json\/wp\/v2\/giftcard-category?post=60696"}],"curies":[{"name":"wp","href":"https:\/\/api.w.org\/{rel}","templated":true}]}}