{"id":60709,"date":"2025-06-05T10:09:01","date_gmt":"2025-06-05T10:09:01","guid":{"rendered":"https:\/\/skinstudio.ee\/?post_type=product&#038;p=60709"},"modified":"2026-02-24T15:52:18","modified_gmt":"2026-02-24T15:52:18","slug":"ageless-retinol-cream-03","status":"publish","type":"product","link":"https:\/\/skinstudio.ee\/lt\/catalog\/image-skincare\/ageless-retinol-cream-03\/","title":{"rendered":"Ageless+ Retinol Cream 0,3%"},"content":{"rendered":"<p data-start=\"1386\" data-end=\"1681\">Ageless+ Retinol Cream \u2013 koncentruotas naktinis kremas su 0,3% retinoliu, sukurtas odai, kuriai reikia atsinaujinimo, lygesn\u0117s tekst\u016bros ir sustiprintos elastingumo. Kremas veikia odos nat\u016bralaus naktinio atsinaujinimo metu, pad\u0117damas suma\u017einti sen\u0117jimo po\u017eymius, pilk\u0161vum\u0105 ir netolyg\u0173 atspalv\u012f.<\/p>\n<p data-start=\"1683\" data-end=\"2046\">Retinolio, glikolio r\u016bg\u0161ties ir pieno r\u016bg\u0161ties sinergija sustiprina kremo veiksmingum\u0105:<br data-start=\"1770\" data-end=\"1773\" \/>\u2022 <strong data-start=\"1775\" data-end=\"1793\">0,3% retinolis<\/strong> pagreitina l\u0105steli\u0173 atsinaujinim\u0105, \u0161velnina smulkias linijas ir glotnina tekst\u016br\u0105.<br data-start=\"1876\" data-end=\"1879\" \/>\u2022 <strong data-start=\"1881\" data-end=\"1901\">Glikolio r\u016bg\u0161tis<\/strong> padeda i\u0161lyginti nelygumus ir suteikia odai tolygesn\u0119 i\u0161vaizd\u0105.<br data-start=\"1965\" data-end=\"1968\" \/>\u2022 <strong data-start=\"1970\" data-end=\"1987\">Pieno r\u016bg\u0161tis<\/strong> \u0161velniai \u0161viesina ir suteikia odai nat\u016bralaus skaistumo.<\/p>\n<p data-start=\"2048\" data-end=\"2201\">Jau po keli\u0173 naudojimo kart\u0173 oda tampa glotnesn\u0117, stangresn\u0117 ir vizualiai lygesn\u0117. Reguliariai naudojant pager\u0117ja atspalvis ir odos jaunatvi\u0161kas vaizdas.<\/p>\n<p data-start=\"2203\" data-end=\"2219\"><strong data-start=\"2203\" data-end=\"2213\">T\u016bris:<\/strong> 14,2 g \/ 50 g<\/p>\n","protected":false},"excerpt":{"rendered":"<p data-start=\"2263\" data-end=\"2284\">Retinolis 0,3% kremas<\/p>\n<h2 data-start=\"2286\" data-end=\"2337\"><strong data-start=\"2286\" data-end=\"2337\">Image Skincare &#8211; Ageless+ Retinol Cream Savyb\u0117s<\/strong><\/h2>\n<p data-start=\"2339\" data-end=\"2535\">\u2714\ufe0f Skatina odos l\u0105steli\u0173 atsinaujinim\u0105<br data-start=\"2377\" data-end=\"2380\" \/>\u2714\ufe0f Ma\u017eina rauk\u0161les ir pigmentines d\u0117mes<br data-start=\"2419\" data-end=\"2422\" \/>\u2714\ufe0f I\u0161lygina atspalv\u012f ir tekst\u016br\u0105<br data-start=\"2454\" data-end=\"2457\" \/>\u2714\ufe0f Gerina odos stangrum\u0105 ir tank\u012f<br data-start=\"2490\" data-end=\"2493\" \/>\u2714\ufe0f Suteikia \u0161vie\u017eesn\u012f ir \u0161vytint\u012f vaizd\u0105<\/p>\n","protected":false},"featured_media":62606,"template":"","meta":[],"pwb-brand":[1135],"product_brand":[],"product_cat":[752,750,754,728],"product_tag":[],"giftcard-category":[],"class_list":{"0":"post-60709","1":"product","2":"type-product","3":"status-publish","4":"has-post-thumbnail","6":"pwb-brand-image-skincare","7":"product_cat-pigmentacija-lt","8":"product_cat-senstanti-oda","9":"product_cat-travel-size-lt","10":"product_cat-vitaminas-a-retinolis","11":"pa_suurus-14-2g-lt","12":"pa_suurus-50g-lt","14":"first","15":"instock","16":"sale","17":"taxable","18":"shipping-taxable","19":"purchasable","20":"product-type-variable"},"acf":[],"brands":[{"id":1135,"name":"Image Skincare","slug":"image-skincare"}],"_links":{"self":[{"href":"https:\/\/skinstudio.ee\/lt\/wp-json\/wp\/v2\/product\/60709","targetHints":{"allow":["GET"]}}],"collection":[{"href":"https:\/\/skinstudio.ee\/lt\/wp-json\/wp\/v2\/product"}],"about":[{"href":"https:\/\/skinstudio.ee\/lt\/wp-json\/wp\/v2\/types\/product"}],"version-history":[{"count":2,"href":"https:\/\/skinstudio.ee\/lt\/wp-json\/wp\/v2\/product\/60709\/revisions"}],"predecessor-version":[{"id":83555,"href":"https:\/\/skinstudio.ee\/lt\/wp-json\/wp\/v2\/product\/60709\/revisions\/83555"}],"wp:featuredmedia":[{"embeddable":true,"href":"https:\/\/skinstudio.ee\/lt\/wp-json\/wp\/v2\/media\/62606"}],"wp:attachment":[{"href":"https:\/\/skinstudio.ee\/lt\/wp-json\/wp\/v2\/media?parent=60709"}],"wp:term":[{"taxonomy":"pwb-brand","embeddable":true,"href":"https:\/\/skinstudio.ee\/lt\/wp-json\/wp\/v2\/pwb-brand?post=60709"},{"taxonomy":"product_brand","embeddable":true,"href":"https:\/\/skinstudio.ee\/lt\/wp-json\/wp\/v2\/product_brand?post=60709"},{"taxonomy":"product_cat","embeddable":true,"href":"https:\/\/skinstudio.ee\/lt\/wp-json\/wp\/v2\/product_cat?post=60709"},{"taxonomy":"product_tag","embeddable":true,"href":"https:\/\/skinstudio.ee\/lt\/wp-json\/wp\/v2\/product_tag?post=60709"},{"taxonomy":"giftcard-category","embeddable":true,"href":"https:\/\/skinstudio.ee\/lt\/wp-json\/wp\/v2\/giftcard-category?post=60709"}],"curies":[{"name":"wp","href":"https:\/\/api.w.org\/{rel}","templated":true}]}}