{"id":60801,"date":"2025-06-05T10:51:40","date_gmt":"2025-06-05T10:51:40","guid":{"rendered":"https:\/\/skinstudio.ee\/?post_type=product&#038;p=60801"},"modified":"2026-02-24T15:49:58","modified_gmt":"2026-02-24T15:49:58","slug":"ageless-night-mask-05","status":"publish","type":"product","link":"https:\/\/skinstudio.ee\/lt\/catalog\/image-skincare\/ageless-night-mask-05\/","title":{"rendered":"Ageless+ Night Mask 0,5%"},"content":{"rendered":"<p data-start=\"1447\" data-end=\"1837\">Ageless+ Night Mask \u2013 intensyvi naktin\u0117 kauk\u0117 su 0,5% retinoliu, skirta odai su sen\u0117jimo po\u017eymiais, netolygiu atspalviu, pilk\u0161vumu ir suma\u017e\u0117jusiu stangrumu. Miego metu formul\u0117 aktyvina nat\u016bralius odos atsinaujinimo procesus, padeda i\u0161lyginti tekst\u016br\u0105, suma\u017einti rauk\u0161les ir atkurti tvirtesn\u0119, skaistesn\u0119 ir sveikesn\u0119 i\u0161vaizd\u0105. Ryte oda atrodo pastebimai glotnesn\u0117, gaivesn\u0117 ir elastingesn\u0117.<\/p>\n<p data-start=\"1839\" data-end=\"2204\">Formul\u0117 veikia sinergi\u0161kai odos naktinio regeneracijos ciklo metu:<br data-start=\"1905\" data-end=\"1908\" \/>\u2022 <strong data-start=\"1910\" data-end=\"1928\">0,5% retinolis<\/strong> pagreitina l\u0105steli\u0173 atsinaujinim\u0105, sumink\u0161tina smulkias linijas ir glotnina tekst\u016br\u0105.<br data-start=\"2014\" data-end=\"2017\" \/>\u2022 <strong data-start=\"2019\" data-end=\"2035\">Niacinamidas<\/strong> stiprina apsaugin\u012f barjer\u0105, gerina atspalv\u012f ir ma\u017eina nuovargio po\u017eymius.<br data-start=\"2109\" data-end=\"2112\" \/>\u2022 <strong data-start=\"2114\" data-end=\"2126\">Peptidai<\/strong> palaiko elastingum\u0105 ir padeda i\u0161laikyti tankesn\u0119, tvirtesn\u0119 odos strukt\u016br\u0105.<\/p>\n<p data-start=\"2206\" data-end=\"2321\">Reguliariai naudojant, kauk\u0117 pagerina odos kokyb\u0119, elastingum\u0105 ir suteikia jaunatvi\u0161kesn\u0119, atsinaujinusi\u0105 i\u0161vaizd\u0105.<\/p>\n<p data-start=\"2323\" data-end=\"2339\"><strong data-start=\"2323\" data-end=\"2333\">T\u016bris:<\/strong> 14.2 g \/ 50 g<\/p>\n","protected":false},"excerpt":{"rendered":"<p data-start=\"2412\" data-end=\"2432\">Retinolis 0,5% kauk\u0117<\/p>\n<h2 data-start=\"2434\" data-end=\"2482\"><strong data-start=\"2434\" data-end=\"2482\">Image Skincare &#8211; Ageless+ Night Mask Savyb\u0117s<\/strong><\/h2>\n<p data-start=\"2484\" data-end=\"2653\">\u2714\ufe0f Skatina odos atsinaujinim\u0105<br data-start=\"2513\" data-end=\"2516\" \/>\u2714\ufe0f Ma\u017eina rauk\u0161li\u0173 matomum\u0105<br data-start=\"2543\" data-end=\"2546\" \/>\u2714\ufe0f I\u0161lygina atspalv\u012f ir tekst\u016br\u0105<br data-start=\"2578\" data-end=\"2581\" \/>\u2714\ufe0f Gerina elastingum\u0105 ir tvirtum\u0105<br data-start=\"2614\" data-end=\"2617\" \/>\u2714\ufe0f Ramina ir stiprina odos barjer\u0105<\/p>\n","protected":false},"featured_media":62601,"template":"","meta":[],"pwb-brand":[1135],"product_brand":[],"product_cat":[726,752,750,754,728],"product_tag":[],"giftcard-category":[],"class_list":{"0":"post-60801","1":"product","2":"type-product","3":"status-publish","4":"has-post-thumbnail","6":"pwb-brand-image-skincare","7":"product_cat-maskas-lt","8":"product_cat-pigmentacija-lt","9":"product_cat-senstanti-oda","10":"product_cat-travel-size-lt","11":"product_cat-vitaminas-a-retinolis","12":"pa_suurus-14-2g-lt","13":"pa_suurus-50g-lt","15":"first","16":"instock","17":"taxable","18":"shipping-taxable","19":"purchasable","20":"product-type-variable"},"acf":[],"brands":[{"id":1135,"name":"Image Skincare","slug":"image-skincare"}],"_links":{"self":[{"href":"https:\/\/skinstudio.ee\/lt\/wp-json\/wp\/v2\/product\/60801","targetHints":{"allow":["GET"]}}],"collection":[{"href":"https:\/\/skinstudio.ee\/lt\/wp-json\/wp\/v2\/product"}],"about":[{"href":"https:\/\/skinstudio.ee\/lt\/wp-json\/wp\/v2\/types\/product"}],"version-history":[{"count":2,"href":"https:\/\/skinstudio.ee\/lt\/wp-json\/wp\/v2\/product\/60801\/revisions"}],"predecessor-version":[{"id":83550,"href":"https:\/\/skinstudio.ee\/lt\/wp-json\/wp\/v2\/product\/60801\/revisions\/83550"}],"wp:featuredmedia":[{"embeddable":true,"href":"https:\/\/skinstudio.ee\/lt\/wp-json\/wp\/v2\/media\/62601"}],"wp:attachment":[{"href":"https:\/\/skinstudio.ee\/lt\/wp-json\/wp\/v2\/media?parent=60801"}],"wp:term":[{"taxonomy":"pwb-brand","embeddable":true,"href":"https:\/\/skinstudio.ee\/lt\/wp-json\/wp\/v2\/pwb-brand?post=60801"},{"taxonomy":"product_brand","embeddable":true,"href":"https:\/\/skinstudio.ee\/lt\/wp-json\/wp\/v2\/product_brand?post=60801"},{"taxonomy":"product_cat","embeddable":true,"href":"https:\/\/skinstudio.ee\/lt\/wp-json\/wp\/v2\/product_cat?post=60801"},{"taxonomy":"product_tag","embeddable":true,"href":"https:\/\/skinstudio.ee\/lt\/wp-json\/wp\/v2\/product_tag?post=60801"},{"taxonomy":"giftcard-category","embeddable":true,"href":"https:\/\/skinstudio.ee\/lt\/wp-json\/wp\/v2\/giftcard-category?post=60801"}],"curies":[{"name":"wp","href":"https:\/\/api.w.org\/{rel}","templated":true}]}}