{"id":60827,"date":"2025-06-05T11:38:42","date_gmt":"2025-06-05T11:38:42","guid":{"rendered":"https:\/\/skinstudio.ee\/?post_type=product&#038;p=60827"},"modified":"2026-02-24T14:36:17","modified_gmt":"2026-02-24T14:36:17","slug":"ageless-retinol-creme-12","status":"publish","type":"product","link":"https:\/\/skinstudio.ee\/lt\/catalog\/image-skincare\/ageless-retinol-creme-12\/","title":{"rendered":"Ageless+ Retinol Cream 1,2%"},"content":{"rendered":"<p data-start=\"1439\" data-end=\"1795\">Ageless+ Retinol Creme 1.2% \u2013 intensyvus naktinis kremas, sukurtas brand\u017eiai, tankiai odai su ry\u0161kiais sen\u0117jimo po\u017eymiais ir nelygia tekst\u016bra. Didel\u0117s koncentracijos retinolis veikia odos naktinio atsinaujinimo metu, skatindamas gilesn\u012f odos atsinaujinim\u0105, gerindamas stangrum\u0105 ir glotnindamas pavir\u0161i\u0173, suteikdamas odai jaunatvi\u0161kesn\u0119 ir lygesn\u0119 i\u0161vaizd\u0105.<\/p>\n<p data-start=\"1797\" data-end=\"2159\">Formul\u0117 veikia sinergi\u0161kai nakties regeneracijos ciklo metu:<br data-start=\"1857\" data-end=\"1860\" \/>\u2022 <strong data-start=\"1862\" data-end=\"1880\">1,2% retinolis<\/strong> stipriai skatina l\u0105steli\u0173 atsinaujinim\u0105 ir kolageno sintez\u0119, padeda suma\u017einti rauk\u0161li\u0173 gyl\u012f.<br data-start=\"1973\" data-end=\"1976\" \/>\u2022 <strong data-start=\"1978\" data-end=\"1996\">Antioksidantai<\/strong> apsaugo od\u0105 ir palaiko tolygesn\u012f atspalv\u012f.<br data-start=\"2039\" data-end=\"2042\" \/>\u2022 <strong data-start=\"2044\" data-end=\"2065\">Augal\u0173 ekstraktai<\/strong> \u0161velnina retinoid\u0173 poveik\u012f, stiprina apsaugin\u012f barjer\u0105 ir pagerina komfort\u0105 naudojimo metu.<\/p>\n<p data-start=\"2161\" data-end=\"2287\">Po trumpo naudojimo periodo oda tampa stangresn\u0117, glotnesn\u0117 ir vizualiai atsinaujinusi, pager\u0117ja jos tankis ir bendras kokyb\u0117.<\/p>\n<p data-start=\"2289\" data-end=\"2305\"><strong data-start=\"2289\" data-end=\"2299\">T\u016bris:<\/strong> 28.5g<\/p>\n","protected":false},"excerpt":{"rendered":"<p data-start=\"2349\" data-end=\"2370\">Retinolis 1,2% kremas<\/p>\n<h2 data-start=\"2372\" data-end=\"2423\"><strong data-start=\"2372\" data-end=\"2423\">Image Skincare &#8211; Ageless+ Retinol Creme Savyb\u0117s<\/strong><\/h2>\n<p data-start=\"2425\" data-end=\"2609\">\u2714\ufe0f Stipriai skatina odos atsinaujinim\u0105<br data-start=\"2463\" data-end=\"2466\" \/>\u2714\ufe0f Glotnina rauk\u0161les ir tekst\u016br\u0105<br data-start=\"2498\" data-end=\"2501\" \/>\u2714\ufe0f Ma\u017eina pigmentacij\u0105<br data-start=\"2523\" data-end=\"2526\" \/>\u2714\ufe0f Gerina odos stangrum\u0105 ir elastingum\u0105<br data-start=\"2565\" data-end=\"2568\" \/>\u2714\ufe0f Suteikia tolygesn\u012f ton\u0105 ir skaistum\u0105<\/p>\n<p data-start=\"2611\" data-end=\"2671\"><span style=\"text-decoration: underline; color: #0000ff;\"><a style=\"color: #0000ff; text-decoration: underline;\" href=\"https:\/\/skinstudio.ee\/lt\/toode\/image-skincare\/discovery-ageless-retinol-creme-12\/\">Galima \u012fsigyti Ageless+ Retinol Creme 1.2% Travel-Size 14.2g<\/a><\/span><\/p>\n<p>&nbsp;<\/p>\n","protected":false},"featured_media":62596,"template":"","meta":[],"pwb-brand":[1135],"product_brand":[],"product_cat":[752,750,728],"product_tag":[],"giftcard-category":[],"class_list":{"0":"post-60827","1":"product","2":"type-product","3":"status-publish","4":"has-post-thumbnail","6":"pwb-brand-image-skincare","7":"product_cat-pigmentacija-lt","8":"product_cat-senstanti-oda","9":"product_cat-vitaminas-a-retinolis","11":"first","12":"outofstock","13":"taxable","14":"shipping-taxable","15":"purchasable","16":"product-type-simple"},"acf":[],"brands":[{"id":1135,"name":"Image Skincare","slug":"image-skincare"}],"_links":{"self":[{"href":"https:\/\/skinstudio.ee\/lt\/wp-json\/wp\/v2\/product\/60827","targetHints":{"allow":["GET"]}}],"collection":[{"href":"https:\/\/skinstudio.ee\/lt\/wp-json\/wp\/v2\/product"}],"about":[{"href":"https:\/\/skinstudio.ee\/lt\/wp-json\/wp\/v2\/types\/product"}],"version-history":[{"count":1,"href":"https:\/\/skinstudio.ee\/lt\/wp-json\/wp\/v2\/product\/60827\/revisions"}],"predecessor-version":[{"id":78012,"href":"https:\/\/skinstudio.ee\/lt\/wp-json\/wp\/v2\/product\/60827\/revisions\/78012"}],"wp:featuredmedia":[{"embeddable":true,"href":"https:\/\/skinstudio.ee\/lt\/wp-json\/wp\/v2\/media\/62596"}],"wp:attachment":[{"href":"https:\/\/skinstudio.ee\/lt\/wp-json\/wp\/v2\/media?parent=60827"}],"wp:term":[{"taxonomy":"pwb-brand","embeddable":true,"href":"https:\/\/skinstudio.ee\/lt\/wp-json\/wp\/v2\/pwb-brand?post=60827"},{"taxonomy":"product_brand","embeddable":true,"href":"https:\/\/skinstudio.ee\/lt\/wp-json\/wp\/v2\/product_brand?post=60827"},{"taxonomy":"product_cat","embeddable":true,"href":"https:\/\/skinstudio.ee\/lt\/wp-json\/wp\/v2\/product_cat?post=60827"},{"taxonomy":"product_tag","embeddable":true,"href":"https:\/\/skinstudio.ee\/lt\/wp-json\/wp\/v2\/product_tag?post=60827"},{"taxonomy":"giftcard-category","embeddable":true,"href":"https:\/\/skinstudio.ee\/lt\/wp-json\/wp\/v2\/giftcard-category?post=60827"}],"curies":[{"name":"wp","href":"https:\/\/api.w.org\/{rel}","templated":true}]}}