{"id":60875,"date":"2025-06-30T13:17:09","date_gmt":"2025-06-30T13:17:09","guid":{"rendered":"https:\/\/skinstudio.ee\/?post_type=product&#038;p=60875"},"modified":"2026-02-24T15:25:56","modified_gmt":"2026-02-24T15:25:56","slug":"ageless-pure-liquid-retinol-01","status":"publish","type":"product","link":"https:\/\/skinstudio.ee\/lt\/catalog\/image-skincare\/ageless-pure-liquid-retinol-01\/","title":{"rendered":"Ageless+ Pure Liquid Retinol 0,1%"},"content":{"rendered":"<p data-start=\"1630\" data-end=\"1925\">Ageless+ Pure Liquid Retinol &#8211; \u0161velnus, bet labai veiksmingas serumas, idealus pirm\u0105 kart\u0105 retinol\u012f naudojantiems \u017emon\u0117ms ir jautriai odai. J\u012f galima naudoti visus metus &#8211; jis padeda i\u0161lyginti atspalv\u012f, sumink\u0161tinti tekst\u016br\u0105 ir atkurti nat\u016bral\u0173 odos \u0161vyt\u0117jim\u0105, nesukeldamas sausumo ar sudirgimo.<\/p>\n<p data-start=\"1927\" data-end=\"2273\">Formul\u0117 sujungia gryn\u0105 retinol\u012f ir septyni\u0173 augal\u0173 aliej\u0173 raminam\u0105j\u012f kompleks\u0105:<br data-start=\"2006\" data-end=\"2009\" \/>\u2022 <strong data-start=\"2011\" data-end=\"2031\">Grynas retinolis<\/strong> gerina tekst\u016br\u0105, ma\u017eina smulkias linijas ir suteikia tolygesn\u0119 odos i\u0161vaizd\u0105.<br data-start=\"2109\" data-end=\"2112\" \/>\u2022 <strong data-start=\"2114\" data-end=\"2154\">Augal\u0173 aliej\u0173 mi\u0161inys ir bisabololis<\/strong> maitina ir ramina od\u0105, stiprina apsaugin\u012f barjer\u0105.<br data-start=\"2205\" data-end=\"2208\" \/>\u2022 <strong data-start=\"2210\" data-end=\"2232\">Imbiero ekstraktas<\/strong> suteikia gaivesn\u012f, sveikesn\u012f spindes\u012f.<\/p>\n<p data-start=\"2275\" data-end=\"2449\">\u0160ilkin\u0117 tekst\u016bra greitai susigeria, o lengvas vanil\u0117s aromatas padaro ritual\u0105 maloniai komforti\u0161k\u0105. Reguliariai naudojant oda tampa glotnesn\u0117, ramesn\u0117 ir nat\u016braliai \u0161vytinti.<\/p>\n<p data-start=\"2451\" data-end=\"2467\"><strong data-start=\"2451\" data-end=\"2461\">T\u016bris:<\/strong> 15 ml \/ 30 ml<\/p>\n","protected":false},"excerpt":{"rendered":"<p data-start=\"2629\" data-end=\"2660\">Naujos kartos retinolio serumas<\/p>\n<h2 data-start=\"2662\" data-end=\"2719\"><strong data-start=\"2662\" data-end=\"2719\">Image Skincare &#8211; Ageless+ Pure Liquid Retinol Savyb\u0117s<\/strong><\/h2>\n<p data-start=\"2721\" data-end=\"2885\">\u2714\ufe0f \u0160velniai i\u0161lygina odos atspalv\u012f<br data-start=\"2755\" data-end=\"2758\" \/>\u2714\ufe0f Mink\u0161tina smulkias linijas<br data-start=\"2787\" data-end=\"2790\" \/>\u2714\ufe0f Palaiko glotnesn\u0119 ir gaivesn\u0119 od\u0105<br data-start=\"2826\" data-end=\"2829\" \/>\u2714\ufe0f Ramina jautri\u0105 od\u0105<br data-start=\"2850\" data-end=\"2853\" \/>\u2714\ufe0f Suteikia nat\u016bral\u0173 \u0161vyt\u0117jim\u0105<\/p>\n","protected":false},"featured_media":62581,"template":"","meta":[],"pwb-brand":[1135],"product_brand":[],"product_cat":[754,728],"product_tag":[],"giftcard-category":[],"class_list":{"0":"post-60875","1":"product","2":"type-product","3":"status-publish","4":"has-post-thumbnail","6":"pwb-brand-image-skincare","7":"product_cat-travel-size-lt","8":"product_cat-vitaminas-a-retinolis","9":"pa_suurus-15ml-lt","10":"pa_suurus-30ml-lt","12":"first","13":"instock","14":"taxable","15":"shipping-taxable","16":"purchasable","17":"product-type-variable"},"acf":[],"brands":[{"id":1135,"name":"Image Skincare","slug":"image-skincare"}],"_links":{"self":[{"href":"https:\/\/skinstudio.ee\/lt\/wp-json\/wp\/v2\/product\/60875","targetHints":{"allow":["GET"]}}],"collection":[{"href":"https:\/\/skinstudio.ee\/lt\/wp-json\/wp\/v2\/product"}],"about":[{"href":"https:\/\/skinstudio.ee\/lt\/wp-json\/wp\/v2\/types\/product"}],"version-history":[{"count":1,"href":"https:\/\/skinstudio.ee\/lt\/wp-json\/wp\/v2\/product\/60875\/revisions"}],"predecessor-version":[{"id":83441,"href":"https:\/\/skinstudio.ee\/lt\/wp-json\/wp\/v2\/product\/60875\/revisions\/83441"}],"wp:featuredmedia":[{"embeddable":true,"href":"https:\/\/skinstudio.ee\/lt\/wp-json\/wp\/v2\/media\/62581"}],"wp:attachment":[{"href":"https:\/\/skinstudio.ee\/lt\/wp-json\/wp\/v2\/media?parent=60875"}],"wp:term":[{"taxonomy":"pwb-brand","embeddable":true,"href":"https:\/\/skinstudio.ee\/lt\/wp-json\/wp\/v2\/pwb-brand?post=60875"},{"taxonomy":"product_brand","embeddable":true,"href":"https:\/\/skinstudio.ee\/lt\/wp-json\/wp\/v2\/product_brand?post=60875"},{"taxonomy":"product_cat","embeddable":true,"href":"https:\/\/skinstudio.ee\/lt\/wp-json\/wp\/v2\/product_cat?post=60875"},{"taxonomy":"product_tag","embeddable":true,"href":"https:\/\/skinstudio.ee\/lt\/wp-json\/wp\/v2\/product_tag?post=60875"},{"taxonomy":"giftcard-category","embeddable":true,"href":"https:\/\/skinstudio.ee\/lt\/wp-json\/wp\/v2\/giftcard-category?post=60875"}],"curies":[{"name":"wp","href":"https:\/\/api.w.org\/{rel}","templated":true}]}}