{"id":60904,"date":"2025-06-30T14:10:22","date_gmt":"2025-06-30T14:10:22","guid":{"rendered":"https:\/\/skinstudio.ee\/?post_type=product&#038;p=60904"},"modified":"2026-02-24T14:52:52","modified_gmt":"2026-02-24T14:52:52","slug":"ageless-pure-liquid-retinol-03","status":"publish","type":"product","link":"https:\/\/skinstudio.ee\/lt\/catalog\/image-skincare\/ageless-pure-liquid-retinol-03\/","title":{"rendered":"Ageless+ Pure Liquid Retinol 0,3%"},"content":{"rendered":"<p data-start=\"1587\" data-end=\"1866\">Ageless+ Pure Liquid Retinol 0.3% \u2013 pa\u017eangus kasdieniam naudojimui skirtas retinolio serumas, padedantis pagerinti odos kokyb\u0119, atkurti \u0161vyt\u0117jim\u0105 ir suma\u017einti matomus nuovargio po\u017eymius. Formul\u0117 tinka tiems, kurie siekia intensyvesni\u0173 rezultat\u0173, i\u0161laikydami komfort\u0105 ir \u0161velnum\u0105.<\/p>\n<p data-start=\"1868\" data-end=\"2233\">Septyni\u0173 augal\u0173 aliej\u0173 kompleksas, bisabololis ir imbiero ekstraktas maitina, \u0161velnina ir ramina pilk\u0161v\u0105, pavargusi\u0105 od\u0105.<br data-start=\"1989\" data-end=\"1992\" \/>\u2022 <strong data-start=\"1994\" data-end=\"2019\">Grynas retinolis 0,3%<\/strong> gerina tekst\u016br\u0105, \u0161velnina linijas ir suteikia glotnesn\u0119 i\u0161vaizd\u0105.<br data-start=\"2085\" data-end=\"2088\" \/>\u2022 <strong data-start=\"2090\" data-end=\"2104\">Vitamino C<\/strong> padeda ma\u017einti pilk\u0161vum\u0105 ir tolyginti odos atspalv\u012f.<br data-start=\"2157\" data-end=\"2160\" \/>\u2022 <strong data-start=\"2162\" data-end=\"2180\">Antioksidantai<\/strong> stiprina apsaugin\u012f barjer\u0105 ir ma\u017eina streso \u017eymes.<\/p>\n<p data-start=\"2235\" data-end=\"2423\">\u0160velni, \u0161ilkin\u0117 tekst\u016bra greitai susigeria, o lengvas vanil\u0117s aromatas daro vakaro rutin\u0105 maloniai jaukia. Reguliariai naudojant oda tampa glotnesn\u0117, stangresn\u0117 ir vizualiai atsinaujinusi.<\/p>\n<p data-start=\"2425\" data-end=\"2441\"><strong data-start=\"2425\" data-end=\"2435\">T\u016bris:<\/strong> 15 ml \/ 30 ml<\/p>\n","protected":false},"excerpt":{"rendered":"<p data-start=\"2584\" data-end=\"2623\">Retinolio serumas kasdieniam naudojimui<\/p>\n<h2 data-start=\"2625\" data-end=\"2687\"><strong data-start=\"2625\" data-end=\"2687\">Image Skincare &#8211; Ageless+ Pure Liquid Retinol 0.3% Savyb\u0117s<\/strong><\/h2>\n<p data-start=\"2689\" data-end=\"2872\">\u2714\ufe0f Skatina tolygesn\u012f ir \u0161vytint\u012f ton\u0105<br data-start=\"2726\" data-end=\"2729\" \/>\u2714\ufe0f Gerina tekst\u016br\u0105 ir \u0161velnum\u0105<br data-start=\"2759\" data-end=\"2762\" \/>\u2714\ufe0f Matomai stangrina ir tankina od\u0105<br data-start=\"2797\" data-end=\"2800\" \/>\u2714\ufe0f Padeda ma\u017einti pigmentacij\u0105<br data-start=\"2830\" data-end=\"2833\" \/>\u2714\ufe0f Mink\u0161tina ir ramina pavargusi\u0105 od\u0105<\/p>\n","protected":false},"featured_media":62586,"template":"","meta":[],"pwb-brand":[1135],"product_brand":[],"product_cat":[754,728],"product_tag":[],"giftcard-category":[],"class_list":{"0":"post-60904","1":"product","2":"type-product","3":"status-publish","4":"has-post-thumbnail","6":"pwb-brand-image-skincare","7":"product_cat-travel-size-lt","8":"product_cat-vitaminas-a-retinolis","9":"pa_suurus-15ml-lt","10":"pa_suurus-30ml-lt","12":"first","13":"instock","14":"sale","15":"taxable","16":"shipping-taxable","17":"purchasable","18":"product-type-variable"},"acf":[],"brands":[{"id":1135,"name":"Image Skincare","slug":"image-skincare"}],"_links":{"self":[{"href":"https:\/\/skinstudio.ee\/lt\/wp-json\/wp\/v2\/product\/60904","targetHints":{"allow":["GET"]}}],"collection":[{"href":"https:\/\/skinstudio.ee\/lt\/wp-json\/wp\/v2\/product"}],"about":[{"href":"https:\/\/skinstudio.ee\/lt\/wp-json\/wp\/v2\/types\/product"}],"version-history":[{"count":1,"href":"https:\/\/skinstudio.ee\/lt\/wp-json\/wp\/v2\/product\/60904\/revisions"}],"predecessor-version":[{"id":83311,"href":"https:\/\/skinstudio.ee\/lt\/wp-json\/wp\/v2\/product\/60904\/revisions\/83311"}],"wp:featuredmedia":[{"embeddable":true,"href":"https:\/\/skinstudio.ee\/lt\/wp-json\/wp\/v2\/media\/62586"}],"wp:attachment":[{"href":"https:\/\/skinstudio.ee\/lt\/wp-json\/wp\/v2\/media?parent=60904"}],"wp:term":[{"taxonomy":"pwb-brand","embeddable":true,"href":"https:\/\/skinstudio.ee\/lt\/wp-json\/wp\/v2\/pwb-brand?post=60904"},{"taxonomy":"product_brand","embeddable":true,"href":"https:\/\/skinstudio.ee\/lt\/wp-json\/wp\/v2\/product_brand?post=60904"},{"taxonomy":"product_cat","embeddable":true,"href":"https:\/\/skinstudio.ee\/lt\/wp-json\/wp\/v2\/product_cat?post=60904"},{"taxonomy":"product_tag","embeddable":true,"href":"https:\/\/skinstudio.ee\/lt\/wp-json\/wp\/v2\/product_tag?post=60904"},{"taxonomy":"giftcard-category","embeddable":true,"href":"https:\/\/skinstudio.ee\/lt\/wp-json\/wp\/v2\/giftcard-category?post=60904"}],"curies":[{"name":"wp","href":"https:\/\/api.w.org\/{rel}","templated":true}]}}