{"id":60948,"date":"2025-06-30T14:24:05","date_gmt":"2025-06-30T14:24:05","guid":{"rendered":"https:\/\/skinstudio.ee\/?post_type=product&#038;p=60948"},"modified":"2026-02-24T14:57:20","modified_gmt":"2026-02-24T14:57:20","slug":"ageless-pure-liquid-retinol-075","status":"publish","type":"product","link":"https:\/\/skinstudio.ee\/lt\/catalog\/image-skincare\/ageless-pure-liquid-retinol-075\/","title":{"rendered":"Ageless+ Pure Liquid Retinol 0,75%"},"content":{"rendered":"<p class=\"p1\">Ageless+ Pure Liquid Retinol 0.75% \u2013 stipriausias gryno retinolio serumas kolekcijoje, sukurtas patyrusiems retinolio naudotojams, siekiantiems maksimali\u0173 rezultat\u0173. Septyni\u0173 augal\u0173 aliej\u0173 mi\u0161inys, bisabololis ir imbiero ekstraktas sustiprina retinolio poveik\u012f, tuo pa\u010diu apsaugodami od\u0105 nuo sudirgimo ir u\u017etikrindami \u0161veln\u0173, komforti\u0161k\u0105 veikim\u0105.<\/p>\n<p class=\"p1\">Aliej\u0173 kompleksas ramina paraudim\u0105, stiprina apsaugin\u012f barjer\u0105 ir palaiko odos komfort\u0105, o didel\u0117s koncentracijos retinolis gerina odos tank\u012f, tekst\u016br\u0105 ir tolygum\u0105. Serumas suma\u017eina ry\u0161kius nelygumus, sumink\u0161tina \u0161iurk\u0161\u010dias vietas ir suteikia odai sveik\u0105, nat\u016bral\u0173 spindes\u012f.<\/p>\n<p class=\"p1\">\u0160velni, \u0161ilkin\u0117 tekst\u016bra ir lengvas vanil\u0117s aromatas paver\u010dia produkt\u0105 tikru vakaro ritualu. Serumas greitai susigeria, akimirksniu sumink\u0161tindamas ir i\u0161lygindamas od\u0105 bei giliai j\u0105 pamaitindamas.<\/p>\n<p class=\"p1\">Nepaisant didel\u0117s koncentracijos, patyr\u0119 naudotojai gali naudoti serum\u0105 kiekvien\u0105 vakar\u0105 visus metus.<\/p>\n<p class=\"p3\"><b>T\u016bris:<\/b><span class=\"s1\"> 15 ml \/ 30 ml\u00a0<\/span><\/p>\n","protected":false},"excerpt":{"rendered":"<p class=\"p1\">Serumas su did\u017eiausia gryno retinolio koncentracija<\/p>\n<h2 class=\"p3\"><b>Image Skincare &#8211; Ageless+ Pure Liquid Retinol 0.75% Savyb\u0117s<\/b><b><\/b><\/h2>\n<p class=\"p1\">\u2714\ufe0f Ma\u017eina ry\u0161kius sen\u0117jimo po\u017eymius<br \/>\n\u2714\ufe0f I\u0161lygina odos nelygumus<br \/>\n\u2714\ufe0f Padeda suma\u017einti paraudim\u0105<br \/>\n\u2714\ufe0f Gerina odos stangrum\u0105 ir elastingum\u0105<br \/>\n\u2714\ufe0f Suteikia sveik\u0105, nat\u016bral\u0173 \u0161vyt\u0117jim\u0105<\/p>\n","protected":false},"featured_media":62591,"template":"","meta":[],"pwb-brand":[1135],"product_brand":[],"product_cat":[754,728],"product_tag":[],"giftcard-category":[],"class_list":{"0":"post-60948","1":"product","2":"type-product","3":"status-publish","4":"has-post-thumbnail","6":"pwb-brand-image-skincare","7":"product_cat-travel-size-lt","8":"product_cat-vitaminas-a-retinolis","9":"pa_suurus-15ml-lt","10":"pa_suurus-30ml-lt","12":"first","13":"instock","14":"sale","15":"taxable","16":"shipping-taxable","17":"purchasable","18":"product-type-variable"},"acf":[],"brands":[{"id":1135,"name":"Image Skincare","slug":"image-skincare"}],"_links":{"self":[{"href":"https:\/\/skinstudio.ee\/lt\/wp-json\/wp\/v2\/product\/60948","targetHints":{"allow":["GET"]}}],"collection":[{"href":"https:\/\/skinstudio.ee\/lt\/wp-json\/wp\/v2\/product"}],"about":[{"href":"https:\/\/skinstudio.ee\/lt\/wp-json\/wp\/v2\/types\/product"}],"version-history":[{"count":1,"href":"https:\/\/skinstudio.ee\/lt\/wp-json\/wp\/v2\/product\/60948\/revisions"}],"predecessor-version":[{"id":83332,"href":"https:\/\/skinstudio.ee\/lt\/wp-json\/wp\/v2\/product\/60948\/revisions\/83332"}],"wp:featuredmedia":[{"embeddable":true,"href":"https:\/\/skinstudio.ee\/lt\/wp-json\/wp\/v2\/media\/62591"}],"wp:attachment":[{"href":"https:\/\/skinstudio.ee\/lt\/wp-json\/wp\/v2\/media?parent=60948"}],"wp:term":[{"taxonomy":"pwb-brand","embeddable":true,"href":"https:\/\/skinstudio.ee\/lt\/wp-json\/wp\/v2\/pwb-brand?post=60948"},{"taxonomy":"product_brand","embeddable":true,"href":"https:\/\/skinstudio.ee\/lt\/wp-json\/wp\/v2\/product_brand?post=60948"},{"taxonomy":"product_cat","embeddable":true,"href":"https:\/\/skinstudio.ee\/lt\/wp-json\/wp\/v2\/product_cat?post=60948"},{"taxonomy":"product_tag","embeddable":true,"href":"https:\/\/skinstudio.ee\/lt\/wp-json\/wp\/v2\/product_tag?post=60948"},{"taxonomy":"giftcard-category","embeddable":true,"href":"https:\/\/skinstudio.ee\/lt\/wp-json\/wp\/v2\/giftcard-category?post=60948"}],"curies":[{"name":"wp","href":"https:\/\/api.w.org\/{rel}","templated":true}]}}